{"id":4279,"date":"2016-07-19T21:23:44","date_gmt":"2016-07-19T21:23:44","guid":{"rendered":"http:\/\/equipomedicocentral.com\/wordpress\/product\/abbott-plum-xl\/"},"modified":"2025-09-23T13:16:41","modified_gmt":"2025-09-23T17:16:41","slug":"hospira-abbott-plum-xl","status":"publish","type":"product","link":"https:\/\/www.somatechnology.com\/spanish\/equipo-medico-usado-remanufacturado\/terapia-intravenosa\/bombas-intravenosas\/hospira-abbott-plum-xl\/","title":{"rendered":"Hospira Abbott Plum XL"},"content":{"rendered":"<h2>CARACTER\u00cdSTICAS DE HOSPIRA PLUM XL<\/h2>\n<p>El <strong>Hospira Plum XL<\/strong> Micro\/Macro es un sistema de infusi\u00f3n volum\u00e9trica de doble l\u00ednea dise\u00f1ado para satisfacer la creciente demanda de estandarizaci\u00f3n en todo el hospital, as\u00ed como en lugares alternativos y en la atenci\u00f3n sanitaria a domicilio. Con su l\u00ednea primaria, su l\u00ednea secundaria y su capacidad de administraci\u00f3n de fluidos a cuestas, el Plum XL es adecuado para una amplia gama de aplicaciones m\u00e9dicas\/quir\u00fargicas y de cuidados cr\u00edticos. La total compatibilidad con los equipos de administraci\u00f3n y accesorios LifeCare\u00a8 PlumSets\u00a8 y los sistemas de protecci\u00f3n sin aguja LifeShield\u00a8 hacen de Plum XL un sistema de infusi\u00f3n c\u00f3modo y rentable.<\/p>\n<ul>\n<li>Pantallas de acumulaci\u00f3n de volumen infundido para soluciones primarias y secundarias<\/li>\n<li>Selecci\u00f3n de caudal de 1 a 999 mL\/h en incrementos de 1 mL (XL)<\/li>\n<li>Selecci\u00f3n de caudal de 0 a 99.9 mL en incrementos de 0.1 mL\/h y de 100 a 999 mL\/h en incrementos de 1 mL (XLM)<\/li>\n<li>Funcionamiento de la bater\u00eda<\/li>\n<li>Autocomprobaci\u00f3n<\/li>\n<li>Configuraci\u00f3n sencilla (carga del casete con una sola mano)<\/li>\n<li>Retenci\u00f3n autom\u00e1tica en la memoria de todos los ajustes de terapia anteriores y de los datos de administraci\u00f3n de fluidos hasta que el usuario los borre<\/li>\n<\/ul>\n","protected":false},"excerpt":{"rendered":"<p>El Hospira Plum XL Micro\/Macro es un sistema de infusi\u00f3n volum\u00e9trica de doble l\u00ednea dise\u00f1ado para satisfacer la creciente demanda de estandarizaci\u00f3n en todo el hospital, as\u00ed como en lugares alternativos y en la atenci\u00f3n sanitaria a domicilio. Con su l\u00ednea primaria, su l\u00ednea secundaria y su capacidad de administraci\u00f3n de fluidos a cuestas, el Plum XL es adecuado para una amplia gama de aplicaciones m\u00e9dicas\/quir\u00fargicas y de cuidados cr\u00edticos.<\/p>\n","protected":false},"featured_media":11828,"template":"","meta":{"_acf_changed":false,"_relevanssi_hide_post":"","_relevanssi_hide_content":"","_relevanssi_pin_for_all":"","_relevanssi_pin_keywords":"","_relevanssi_unpin_keywords":"","_relevanssi_related_keywords":"","_relevanssi_related_include_ids":"","_relevanssi_related_exclude_ids":"","_relevanssi_related_no_append":"","_relevanssi_related_not_related":"","_relevanssi_related_posts":"","_relevanssi_noindex_reason":"","inline_featured_image":false},"pwb-brand":[1323],"product_brand":[],"product_cat":[52],"product_tag":[3599,3582,3048,2917,3598,2925,2924,2926,3583,2928,2927,3600],"class_list":{"0":"post-4279","1":"product","2":"type-product","3":"status-publish","4":"has-post-thumbnail","6":"pwb-brand-bombas-intravenosas-hospira","7":"product_cat-bombas-intravenosas","8":"product_tag-abbott-plum-xl","9":"product_tag-bombas","10":"product_tag-bombas-intravenosas","11":"product_tag-hospira","12":"product_tag-hospira-abbott-plum-xl","13":"product_tag-hospira-plum","14":"product_tag-hospira-plum-xl","15":"product_tag-hospira-xl","16":"product_tag-intravenosas","17":"product_tag-plum","18":"product_tag-plum-xl","19":"product_tag-sistema-de-infusion","21":"first","22":"instock","23":"purchasable","24":"product-type-simple"},"acf":[],"brands":[{"id":1323,"name":"Hospira","slug":"bombas-intravenosas-hospira"}],"_links":{"self":[{"href":"https:\/\/www.somatechnology.com\/spanish\/wp-json\/wp\/v2\/product\/4279","targetHints":{"allow":["GET"]}}],"collection":[{"href":"https:\/\/www.somatechnology.com\/spanish\/wp-json\/wp\/v2\/product"}],"about":[{"href":"https:\/\/www.somatechnology.com\/spanish\/wp-json\/wp\/v2\/types\/product"}],"wp:featuredmedia":[{"embeddable":true,"href":"https:\/\/www.somatechnology.com\/spanish\/wp-json\/wp\/v2\/media\/11828"}],"wp:attachment":[{"href":"https:\/\/www.somatechnology.com\/spanish\/wp-json\/wp\/v2\/media?parent=4279"}],"wp:term":[{"taxonomy":"pwb-brand","embeddable":true,"href":"https:\/\/www.somatechnology.com\/spanish\/wp-json\/wp\/v2\/pwb-brand?post=4279"},{"taxonomy":"product_brand","embeddable":true,"href":"https:\/\/www.somatechnology.com\/spanish\/wp-json\/wp\/v2\/product_brand?post=4279"},{"taxonomy":"product_cat","embeddable":true,"href":"https:\/\/www.somatechnology.com\/spanish\/wp-json\/wp\/v2\/product_cat?post=4279"},{"taxonomy":"product_tag","embeddable":true,"href":"https:\/\/www.somatechnology.com\/spanish\/wp-json\/wp\/v2\/product_tag?post=4279"}],"curies":[{"name":"wp","href":"https:\/\/api.w.org\/{rel}","templated":true}]}}