{"id":4281,"date":"2016-07-19T21:23:44","date_gmt":"2016-07-19T21:23:44","guid":{"rendered":"http:\/\/equipomedicocentral.com\/wordpress\/product\/ge-oec-9600\/"},"modified":"2025-12-11T01:21:13","modified_gmt":"2025-12-11T06:21:13","slug":"ge-oec-9600","status":"publish","type":"product","link":"https:\/\/www.somatechnology.com\/spanish\/equipo-medico-usado-remanufacturado\/imagenologia-radiologia\/arcos-en-c\/ge-oec-9600\/","title":{"rendered":"GE OEC 9600"},"content":{"rendered":"<div class=\"wpb-content-wrapper\"><p>[vc_row][vc_column][vc_column_text css=\u00bb\u00bb]<\/p>\n<h2>GE OEC 9600<\/h2>\n<p>El Arco en C GE OEC 9600 es un sistema m\u00f3vil de rayos X que combina im\u00e1genes fluorosc\u00f3picas mejoradas con la capacidad de tomar radiograf\u00edas de pel\u00edculas. El OEC 9600 se puede usar en una variedad de aplicaciones diagn\u00f3sticas y quir\u00fargicas.<\/p>\n<h2>Movimientos<\/h2>\n<p>El Arco en C puede orbitar en su cuna a trav\u00e9s de un arco de 115 grados. La parte posterior del Arco en C est\u00e1 marcada con una escala angular para ayudar en el posicionamiento. El 9600 tambi\u00e9n puede pivotar en su eje de cuna hasta 180 grados. Esto proporciona una mayor versatilidad para colocar el tubo de rayos X y el intensificador de imagen al permitirles invertir o cambiar su posici\u00f3n relativa. El Arco en L del Arco en C se puede girar hasta 180 grados, lo que permite una rotaci\u00f3n de hasta 360 grados. El Arco L se gira con un motor interno utilizando los botones de rotaci\u00f3n motorizados en la parte superior del panel de control del Arco en C. Para un posicionamiento a\u00fan mayor, el Arco en C tambi\u00e9n tiene una elevaci\u00f3n vertical. Se puede elevar hasta 18 pulgadas (46 cm). La vida vertical tambi\u00e9n es controlada por un motor y puede operarse con los botones motorizados de vida de columna en la parte superior del panel de control del Arco en c. El GE 9600 tambi\u00e9n se puede ampliar hasta 8 pulgadas (20 cm). El conjunto completo del Arco en C y del Arco en L puede oscilar, o moverse de lado a lado, hasta 11 grados en ambas direcciones.<\/p>\n<h3>Paquetes Especiales Disponibles<\/h3>\n<ul>\n<li>GSP<\/li>\n<li>ESP<\/li>\n<li>Vascular<\/li>\n<li>Vascular: 4\/8\/15 fps<\/li>\n<li>Neurovascular: 30 fps<\/li>\n<li>Cardiac: 30 fps<\/li>\n<li>Super C<\/li>\n<\/ul>\n<h3>Generador<\/h3>\n<ul>\n<li>Alta frecuencia<\/li>\n<li>0 kW de onda completa<\/li>\n<li>Hasta 120 kVp<\/li>\n<li>Hasta 75 mA para exposiciones de pel\u00edculas radiogr\u00e1ficas<\/li>\n<li>Modo de aumento continuo de fl\u00faor de hasta 12 mA (opcional)<\/li>\n<li>Modo fl\u00faor pulsado<\/li>\n<li>Modo de fluorograf\u00eda pulsada hasta 40 mA<\/li>\n<li>Dise\u00f1o de buffer de energ\u00eda patentado<\/li>\n<li>Potencia total de salida:\n<ul>\n<li>50 Hz o 60 Hz<\/li>\n<li>100V-15A a 240V-8A<\/li>\n<\/ul>\n<\/li>\n<\/ul>\n<h3>X-Ray<\/h3>\n<ul>\n<li>Tubo de rayos X de \u00e1nodo giratorio<\/li>\n<li>Puntos focales: 0.3 mm y 0.6 mm<\/li>\n<li>Capacidad de calor del \u00e1nodo: 300,000 HU<\/li>\n<li>Velocidad de enfriamiento del \u00e1nodo: 60,000 HU \/ min<\/li>\n<li>Capacidad de calor de la vivienda: 1,600,000 HU<\/li>\n<li>Di\u00e1metro del \u00e1nodo: 3.1 in<\/li>\n<li>\u00c1ngulo del \u00e1nodo:<\/li>\n<li>8.5 in (intensificador de imagen de 9 pulgadas)<\/li>\n<li>10 in (intensificador de imagen de 12 pulgadas)<\/li>\n<li>Ventilador de tubo de rayos X (unidades vasculares, neuro-vasculares y card\u00edacas)<\/li>\n<\/ul>\n<h3>Colimador<\/h3>\n<ul>\n<li>La colimaci\u00f3n del iris con dos contraventanas semitransparentes opuestas permite una colimaci\u00f3n el\u00edptica, redonda y rectangular<\/li>\n<li>Iris y persianas son continuamente variables<\/li>\n<li>Todas las funciones controladas de forma remota desde el panel de control del Arco en C<\/li>\n<\/ul>\n<h3>Modo de Fluoroscopia<\/h3>\n<ul>\n<li>Punto focal: 0.3 mm<\/li>\n<li>rango kVp: 40 &#8211; 120 kVp<\/li>\n<li>Rango de mA: 0.2 &#8211; 5.0 mA modo normal<\/li>\n<li>Rango de mA: 1.0 &#8211; 12 mA modo fluoro boost continuo<\/li>\n<li>Modos autom\u00e1tico y manual<\/li>\n<li>Operaci\u00f3n continua, de una sola vez o pulsada<\/li>\n<li>El ABS var\u00eda mA, kVp y la ganancia de la c\u00e1mara<\/li>\n<li>Tablas de ABS espec\u00edficas del usuario<\/li>\n<\/ul>\n<h3>Modo de Fluoroscopia pulsada<\/h3>\n<ul>\n<li>Punto focal: 0.3 mm<\/li>\n<li>rango kVp: 40 &#8211; 120 kVp<\/li>\n<li>Rango mA: 0.2 &#8211; 5.0 mA<\/li>\n<li>Frecuencia de pulso: 1, 2, 4 u 8 pulsos por segundo<\/li>\n<li>Ancho de pulso: 30 o 50 milisegundos<\/li>\n<li>Control computarizado de ABS, mA, kVp y ganancia de c\u00e1mara<\/li>\n<\/ul>\n<h3>Modo de fluorograf\u00eda pulsada (opcional)<\/h3>\n<ul>\n<li>Punto focal: 0.3 mm<\/li>\n<li>rango kVp: 40 &#8211; 120 kVp<\/li>\n<li>Rango mA: 0.2 &#8211; 40.0 mA<\/li>\n<li>Frecuencia de pulso: 1, 2, 4 u 8 pulsos por segundo<\/li>\n<li>Ancho de pulso: 30 o 50 milisegundos<\/li>\n<li>Control computarizado de ABS, mA, kVp y ganancia de c\u00e1mara<\/li>\n<\/ul>\n<h3>Modo Digital Spot (opcional)<\/h3>\n<ul>\n<li>Modo Digital Spot (opcional) Est\u00e1ndar con la plataforma quir\u00fargica expandida (ESP)<\/li>\n<li>Fluorograf\u00eda digital mejorada de una sola toma con refuerzo de 12 mA<\/li>\n<li>Termina autom\u00e1ticamente la exposici\u00f3n y almacena la imagen mejorada en el disco de archivo de almacenamiento<\/li>\n<\/ul>\n<h3>Modo Radiogr\u00e1fico<\/h3>\n<ul>\n<li>Punto focal: 0.3 mm o 0.6 mm<\/li>\n<li>Punto focal seleccionado autom\u00e1ticamente<\/li>\n<li>3 mm &#8211; rango de mAs: 1 &#8211; 100 mA<\/li>\n<li>6 mm &#8211; rango de mAs: 110 &#8211; 300 mAs<\/li>\n<li>Rango de kVp: 50 &#8211; 120 kVp<\/li>\n<\/ul>\n<h3>Sistema de Im\u00e1genes de Video<\/h3>\n<h3>Intensificador de imagen<\/h3>\n<h3>9 en el intensificador de imagen<\/h3>\n<ul>\n<li>Tri-mode 9 in \/ 6 in \/ 4.5 in intensificador de imagen<\/li>\n<li>Resoluci\u00f3n central m\u00ednima (en el monitor):<\/li>\n<li>9 in .: 1,4 lp \/ mm<\/li>\n<li>6 in .: 2.0 lp \/ mm<\/li>\n<li>5 in .: 2.4 lp \/ mm<\/li>\n<li>DQE: 65% (t\u00edpico)<\/li>\n<\/ul>\n<h3>12 en el intensificador de imagen (opcional)<\/h3>\n<ul>\n<li>Tri-modo 12 in \/ 9 in \/ 6 en intensificador de imagen<\/li>\n<li>Resoluci\u00f3n central m\u00ednima (en el monitor):<\/li>\n<li>12 in: 1.0 lp \/ mm<\/li>\n<li>9 in: 1.3 lp \/ mm<\/li>\n<li>6 in: 1.6 lp \/ mm<\/li>\n<li>DQE: 65% (t\u00edpico)<\/li>\n<\/ul>\n<h3>C\u00e1mara de video<\/h3>\n<ul>\n<li>C\u00e1mara CCD de alta resoluci\u00f3n<\/li>\n<li>Captura de fotograma completo<\/li>\n<li>Rotaci\u00f3n motorizada de 360 \u200b\u200b\u00b0<\/li>\n<li>Indicador de orientaci\u00f3n en pantalla (realimentaci\u00f3n en tiempo real sin fluoro)<\/li>\n<li>Inversi\u00f3n de imagen izquierda-derecha<\/li>\n<li>Inversi\u00f3n de la imagen de arriba a abajo<\/li>\n<li>Modo negativo<\/li>\n<li>Se\u00f1al de video: est\u00e1ndar RS 170A 60 Hz, 525 l\u00edneas<\/li>\n<li>Relaci\u00f3n de aspecto: 4: 3<\/li>\n<li>Funciones controladas por computadora:\n<ul>\n<li>Ganancia<\/li>\n<li>Blanking<\/li>\n<li>Iris de la c\u00e1mara<\/li>\n<li>Camera iris<\/li>\n<\/ul>\n<\/li>\n<\/ul>\n<h3>Monitores de video<\/h3>\n<ul>\n<li>Doble 16 en cuadrado, grabado en negro, antideslumbrante, antiest\u00e1tico<\/li>\n<li>525 l\u00edneas \/ cuadro &#8211; 512 p\u00edxeles<\/li>\n<li>Sensor de luz ambiental<\/li>\n<li>Indicador \u00abENCENDIDO\u00bb de Rayos X Multi-LED<\/li>\n<li>Controles de ventana \/ nivel remoto<\/li>\n<\/ul>\n<h3>Opciones de copia impresa<\/h3>\n<ul>\n<li>Impresora t\u00e9rmica<\/li>\n<li>Caja DICOM externa<\/li>\n<li>Dispositivo de captura de imagen<\/li>\n<li>Dispositivo de punter\u00eda l\u00e1ser (opcional)<\/li>\n<\/ul>\n<p>[\/vc_column_text][\/vc_column][\/vc_row]<\/p>\n<\/div>","protected":false},"excerpt":{"rendered":"<p>Arco en C M\u00f3vil<\/p>\n","protected":false},"featured_media":11508,"template":"","meta":{"_acf_changed":false,"_relevanssi_hide_post":"","_relevanssi_hide_content":"","_relevanssi_pin_for_all":"","_relevanssi_pin_keywords":"","_relevanssi_unpin_keywords":"","_relevanssi_related_keywords":"","_relevanssi_related_include_ids":"","_relevanssi_related_exclude_ids":"","_relevanssi_related_no_append":"","_relevanssi_related_not_related":"","_relevanssi_related_posts":"","_relevanssi_noindex_reason":"","inline_featured_image":false},"pwb-brand":[1100],"product_brand":[],"product_cat":[66],"product_tag":[651,4523,224,650,648,649,652],"class_list":{"0":"post-4281","1":"product","2":"type-product","3":"status-publish","4":"has-post-thumbnail","6":"pwb-brand-equipo-medico-ge","7":"product_cat-arcos-en-c","8":"product_tag-651","9":"product_tag-arcos-en-c-ge","10":"product_tag-ge","11":"product_tag-ge-oec","12":"product_tag-ge-oec-9600","13":"product_tag-oec","14":"product_tag-oec-9600","16":"first","17":"instock","18":"purchasable","19":"product-type-simple"},"acf":[],"brands":[{"id":1100,"name":"GE","slug":"equipo-medico-ge"}],"_links":{"self":[{"href":"https:\/\/www.somatechnology.com\/spanish\/wp-json\/wp\/v2\/product\/4281","targetHints":{"allow":["GET"]}}],"collection":[{"href":"https:\/\/www.somatechnology.com\/spanish\/wp-json\/wp\/v2\/product"}],"about":[{"href":"https:\/\/www.somatechnology.com\/spanish\/wp-json\/wp\/v2\/types\/product"}],"wp:featuredmedia":[{"embeddable":true,"href":"https:\/\/www.somatechnology.com\/spanish\/wp-json\/wp\/v2\/media\/11508"}],"wp:attachment":[{"href":"https:\/\/www.somatechnology.com\/spanish\/wp-json\/wp\/v2\/media?parent=4281"}],"wp:term":[{"taxonomy":"pwb-brand","embeddable":true,"href":"https:\/\/www.somatechnology.com\/spanish\/wp-json\/wp\/v2\/pwb-brand?post=4281"},{"taxonomy":"product_brand","embeddable":true,"href":"https:\/\/www.somatechnology.com\/spanish\/wp-json\/wp\/v2\/product_brand?post=4281"},{"taxonomy":"product_cat","embeddable":true,"href":"https:\/\/www.somatechnology.com\/spanish\/wp-json\/wp\/v2\/product_cat?post=4281"},{"taxonomy":"product_tag","embeddable":true,"href":"https:\/\/www.somatechnology.com\/spanish\/wp-json\/wp\/v2\/product_tag?post=4281"}],"curies":[{"name":"wp","href":"https:\/\/api.w.org\/{rel}","templated":true}]}}