{"id":4294,"date":"2016-07-19T21:23:44","date_gmt":"2016-07-19T21:23:44","guid":{"rendered":"http:\/\/equipomedicocentral.com\/wordpress\/product\/stryker-1710\/"},"modified":"2023-08-23T06:08:33","modified_gmt":"2023-08-23T10:08:33","slug":"stryker-1710","status":"publish","type":"product","link":"https:\/\/www.somatechnology.com\/spanish\/equipo-medico-usado-remanufacturado\/camillas\/stryker-1710\/","title":{"rendered":"Stryker 1710"},"content":{"rendered":"<h2>Caracter\u00edsticas Stryker 1710<\/h2>\n<p>La <strong>camilla Renaissance 1710 de Stryker<\/strong> est\u00e1 disponible en cuatro diversos modelos. Cada camilla viene con un sistema de manejo paciente durable. La direcci\u00f3n est\u00e1ndar de la quinta rueda y las manijas emergentes permiten maniobrabilidad f\u00e1cil. Los frenos del acero-anillo con los controles de cuatro lados opcionales del freno aseguran una superficie de funcionamiento firmemente trabada.<\/p>\n<ul>\n<li>Colch\u00f3n ultra Comfort de 3 \u00ab(8 cm) con costuras selladas<\/li>\n<li>Omni Surface &#x2122; de 6 \u00ab(15 cm)<\/li>\n<li>Superficie del paciente 78 \u00ab(198 cm)<\/li>\n<li>Sistema de elevaci\u00f3n estabilizadora Quadra Channel &#x2122;<\/li>\n<li>Los carriles laterales permiten la separaci\u00f3n del fluoro<\/li>\n<li>Cuatro recept\u00e1culos IV<\/li>\n<li>Frenos de cuatro ruedas, de acero-anillo con los activadores laterales duales<\/li>\n<li>Respaldo eleva a 80 \u00b0<\/li>\n<li>Secci\u00f3n desprendible del pie (0 \u00b0-50 \u00b0)<\/li>\n<li>20 \u00b0 Trend.\/15 \u00b0 tendencia inversa<\/li>\n<li>Tapa de litera UltraView para acceso sin obstrucciones de fluoroscopia<\/li>\n<li>Controles de tres caras del pie para la elevaci\u00f3n\/funciones m\u00e1s bajas<\/li>\n<li>Manejo retractable de la quinto-rueda<\/li>\n<li>Base de perfil bajo con capucha termoconformada<\/li>\n<li>Rieles auxiliares para cirug\u00eda de longitud completa<\/li>\n<\/ul>\n<h2>Especificaciones Stryker 1710<\/h2>\n<h3>Dimensiones<\/h3>\n<ul>\n<li>Largura total: 84 \u00ab(213 cm)<\/li>\n<li>Anchura total:<\/li>\n<li>Carriles laterales para arriba: 34,5 \u00ab(88 cm)<\/li>\n<li>Carriles laterales abajo: 34,5 \u00ab(88 cm)<\/li>\n<li>Capacidad del peso: 500 libras (228 kilogramos)<\/li>\n<li>Gama de la altura: (a la tapa de litera)<\/li>\n<li>Alto: 35,5 \u00ab(90 cm)<\/li>\n<li>Bajo: 22 \u00ab(56 cm)<\/li>\n<li>Colocaci\u00f3n de la litera:<\/li>\n<li>Respaldo: 0 \u00b0-90 \u00b0<\/li>\n<li>Gatch de la rodilla: 0 \u00b0-30 \u00b0<\/li>\n<li>Tendencia.\/Reverse tendencia: t: \u00b1 18 \u00b0<\/li>\n<li>Superficie del paciente: 29 \u00abx 76\u00bb (74 x 193 cm)<\/li>\n<li>Carriles laterales: 13 \u00abx 55\u00bb (33 x 140 cm)<\/li>\n<li>Di\u00e1metro del echador: 8 \u00ab(20 cent\u00edmetros)<\/li>\n<\/ul>\n","protected":false},"excerpt":{"rendered":"<p>Camilla<\/p>\n","protected":false},"featured_media":12483,"template":"","meta":{"_acf_changed":false,"_relevanssi_hide_post":"","_relevanssi_hide_content":"","_relevanssi_pin_for_all":"","_relevanssi_pin_keywords":"","_relevanssi_unpin_keywords":"","_relevanssi_related_keywords":"","_relevanssi_related_include_ids":"","_relevanssi_related_exclude_ids":"","_relevanssi_related_no_append":"","_relevanssi_related_not_related":"","_relevanssi_related_posts":"","_relevanssi_noindex_reason":"","inline_featured_image":false},"pwb-brand":[1079],"product_brand":[],"product_cat":[58,4778],"product_tag":[5285,5307,5312,5314,5315,5306,5313,5311],"class_list":{"0":"post-4294","1":"product","2":"type-product","3":"status-publish","4":"has-post-thumbnail","6":"pwb-brand-equipo-medico-stryker","7":"product_cat-camillas","8":"product_cat-camillas-de-transporte","9":"product_tag-camillas-de-transporte","10":"product_tag-camillas-de-transporte-stryker","11":"product_tag-equipo-medico-de-emergencia","12":"product_tag-stryker-1710","13":"product_tag-stryker-1710-equipo-medico-de-emergencia","14":"product_tag-stryker-camillas-de-transporte","15":"product_tag-stryker-equipo-medico-de-emergencia","16":"product_tag-syrker","18":"first","19":"instock","20":"purchasable","21":"product-type-simple"},"acf":[],"brands":[{"id":1079,"name":"Stryker","slug":"equipo-medico-stryker"}],"_links":{"self":[{"href":"https:\/\/www.somatechnology.com\/spanish\/wp-json\/wp\/v2\/product\/4294","targetHints":{"allow":["GET"]}}],"collection":[{"href":"https:\/\/www.somatechnology.com\/spanish\/wp-json\/wp\/v2\/product"}],"about":[{"href":"https:\/\/www.somatechnology.com\/spanish\/wp-json\/wp\/v2\/types\/product"}],"wp:featuredmedia":[{"embeddable":true,"href":"https:\/\/www.somatechnology.com\/spanish\/wp-json\/wp\/v2\/media\/12483"}],"wp:attachment":[{"href":"https:\/\/www.somatechnology.com\/spanish\/wp-json\/wp\/v2\/media?parent=4294"}],"wp:term":[{"taxonomy":"pwb-brand","embeddable":true,"href":"https:\/\/www.somatechnology.com\/spanish\/wp-json\/wp\/v2\/pwb-brand?post=4294"},{"taxonomy":"product_brand","embeddable":true,"href":"https:\/\/www.somatechnology.com\/spanish\/wp-json\/wp\/v2\/product_brand?post=4294"},{"taxonomy":"product_cat","embeddable":true,"href":"https:\/\/www.somatechnology.com\/spanish\/wp-json\/wp\/v2\/product_cat?post=4294"},{"taxonomy":"product_tag","embeddable":true,"href":"https:\/\/www.somatechnology.com\/spanish\/wp-json\/wp\/v2\/product_tag?post=4294"}],"curies":[{"name":"wp","href":"https:\/\/api.w.org\/{rel}","templated":true}]}}