{"id":4297,"date":"2016-07-19T21:23:44","date_gmt":"2016-07-19T21:23:44","guid":{"rendered":"http:\/\/equipomedicocentral.com\/wordpress\/product\/abbott-hospira-plum-a3\/"},"modified":"2025-09-23T13:18:04","modified_gmt":"2025-09-23T17:18:04","slug":"hospira-abbott-plum-a-plus-3","status":"publish","type":"product","link":"https:\/\/www.somatechnology.com\/spanish\/equipo-medico-usado-remanufacturado\/terapia-intravenosa\/bombas-intravenosas\/hospira-abbott-plum-a-plus-3\/","title":{"rendered":"Hospira Abbott Plum A+3"},"content":{"rendered":"<h2>Caracter\u00edsticas del Hospira Abbott Plum A+3<\/h2>\n<p>El <strong>sistema de la infusi\u00f3n del ciruelo a + 3<\/strong> con el software de Hospira MedNet es una sola unidad que permite que los cl\u00ednicos manejen un sistema de gesti\u00f3n de la medicaci\u00f3n de la l\u00ednea de la seis-infusi\u00f3n principal de la industria a trav\u00e9s del continuo del cuidado.<\/p>\n<p>El sistema Wireless-Enabled ayuda a los profesionales de la salud a manejar mejor los reg\u00edmenes complejos de dosificaci\u00f3n de medicamentos t\u00edpicamente vistos en las salas de emergencias (ERS), unidades de cuidados intensivos (UCI) y centros oncol\u00f3gicos. Los pacientes en estos ajustes son a menudo cr\u00edticamente enfermos y pueden requerir infusiones m\u00faltiples de la droga entregadas en las dosis exactas y en los horarios variables. El Plum a + 3 con el software Hospira MedNet permite a los cl\u00ednicos entregar estas infusiones ya sea simult\u00e1neamente o en secuencias espec\u00edficas en niveles, dependiendo de las necesidades de cada paciente..<\/p>\n<ul>\n<li>Entregar infusiones con confianza con la tecnolog\u00eda \u00fanica de PlumSet<\/li>\n<li>Entrega automatizada de segunda l\u00ednea: elimina la necesidad de elevar y bajar los recipientes de infusi\u00f3n, mejorando la facilidad de uso y la eficiencia<\/li>\n<li>Entrega concurrente de 2 medicaciones a trav\u00e9s de una sola l\u00ednea del paciente<\/li>\n<li>Detecci\u00f3n y eliminaci\u00f3n de aire en l\u00ednea \u2014 la trampa de aire captura hasta 2 ml de aire<\/li>\n<li>El aire acumulado puede eliminarse mediante el cebado autom\u00e1tico sin desconectar la l\u00ednea del paciente, reduciendo el riesgo de contaminaci\u00f3n<\/li>\n<li>Entregar infusiones secundarias v\u00eda el envase IV o la jeringuilla<\/li>\n<li>Funcionamiento confiable, constante, constante y probado<\/li>\n<li>Un sistema integrado trabaja en todo el espectro de la atenci\u00f3n cl\u00ednica<\/li>\n<li>Modelos de canal \u00fanico (2 medicamentos simult\u00e1neos) o triple canal (6 medicamentos simult\u00e1neos) disponibles<\/li>\n<li>Elija entre una variedad de opciones de programaci\u00f3n:<\/li>\n<li>Entrega automatizada en t\u00e1ndem y concurrente<\/li>\n<li>Ajustes de espera programables<\/li>\n<li>Entrega multipaso<\/li>\n<li>Automatizaci\u00f3n de la dosis de carga<\/li>\n<li>Comienzo retrasado programable<\/li>\n<\/ul>\n<p>&nbsp;<\/p>\n","protected":false},"excerpt":{"rendered":"<p>El sistema de la infusi\u00f3n del ciruelo a + 3 con el software de Hospira MedNet es una sola unidad que permite que los cl\u00ednicos manejen un sistema de gesti\u00f3n de la medicaci\u00f3n de la l\u00ednea de la seis-infusi\u00f3n principal de la industria a trav\u00e9s del continuo del cuidado.<\/p>\n","protected":false},"featured_media":11827,"template":"","meta":{"_acf_changed":false,"_relevanssi_hide_post":"","_relevanssi_hide_content":"","_relevanssi_pin_for_all":"","_relevanssi_pin_keywords":"","_relevanssi_unpin_keywords":"","_relevanssi_related_keywords":"","_relevanssi_related_include_ids":"","_relevanssi_related_exclude_ids":"","_relevanssi_related_no_append":"","_relevanssi_related_not_related":"","_relevanssi_related_posts":"","_relevanssi_noindex_reason":"","inline_featured_image":false},"pwb-brand":[1323],"product_brand":[],"product_cat":[52],"product_tag":[3596,3582,3048,2917,2916,2914,2915,2913,2918,3583,3266,3597],"class_list":{"0":"post-4297","1":"product","2":"type-product","3":"status-publish","4":"has-post-thumbnail","6":"pwb-brand-bombas-intravenosas-hospira","7":"product_cat-bombas-intravenosas","8":"product_tag-abbot-plum-a3","9":"product_tag-bombas","10":"product_tag-bombas-intravenosas","11":"product_tag-hospira","12":"product_tag-hospira-abbott","13":"product_tag-hospira-abbott-plum","14":"product_tag-hospira-abbott-plum-a","15":"product_tag-hospira-abbott-plum-a3","16":"product_tag-hospira-plum-a3","17":"product_tag-intravenosas","18":"product_tag-sistema","19":"product_tag-sistema-de-la-infusion","21":"first","22":"instock","23":"purchasable","24":"product-type-simple"},"acf":[],"brands":[{"id":1323,"name":"Hospira","slug":"bombas-intravenosas-hospira"}],"_links":{"self":[{"href":"https:\/\/www.somatechnology.com\/spanish\/wp-json\/wp\/v2\/product\/4297","targetHints":{"allow":["GET"]}}],"collection":[{"href":"https:\/\/www.somatechnology.com\/spanish\/wp-json\/wp\/v2\/product"}],"about":[{"href":"https:\/\/www.somatechnology.com\/spanish\/wp-json\/wp\/v2\/types\/product"}],"wp:featuredmedia":[{"embeddable":true,"href":"https:\/\/www.somatechnology.com\/spanish\/wp-json\/wp\/v2\/media\/11827"}],"wp:attachment":[{"href":"https:\/\/www.somatechnology.com\/spanish\/wp-json\/wp\/v2\/media?parent=4297"}],"wp:term":[{"taxonomy":"pwb-brand","embeddable":true,"href":"https:\/\/www.somatechnology.com\/spanish\/wp-json\/wp\/v2\/pwb-brand?post=4297"},{"taxonomy":"product_brand","embeddable":true,"href":"https:\/\/www.somatechnology.com\/spanish\/wp-json\/wp\/v2\/product_brand?post=4297"},{"taxonomy":"product_cat","embeddable":true,"href":"https:\/\/www.somatechnology.com\/spanish\/wp-json\/wp\/v2\/product_cat?post=4297"},{"taxonomy":"product_tag","embeddable":true,"href":"https:\/\/www.somatechnology.com\/spanish\/wp-json\/wp\/v2\/product_tag?post=4297"}],"curies":[{"name":"wp","href":"https:\/\/api.w.org\/{rel}","templated":true}]}}