{"id":4304,"date":"2016-07-19T21:24:29","date_gmt":"2016-07-19T21:24:29","guid":{"rendered":"http:\/\/equipomedicocentral.com\/wordpress\/product\/valleylab-force-2\/"},"modified":"2025-09-23T13:13:49","modified_gmt":"2025-09-23T17:13:49","slug":"valleylab-force-2","status":"publish","type":"product","link":"https:\/\/www.somatechnology.com\/spanish\/equipo-medico-usado-remanufacturado\/unidades-electroquirurgicas-electrobisturis\/valleylab-force-2\/","title":{"rendered":"Medtronic Covidien Valleylab Force 2"},"content":{"rendered":"<h2>CARACTER\u00cdSTICAS DE VALLEYLAB FORCE 2<\/h2>\n<p>La unidad electroquir\u00fargica <strong>Valleylab Force 2<\/strong> proporciona corte y coagulaci\u00f3n en salidas monopolares o bipolares. El generador dispone de alarmas sonoras y visuales, incluido el indicador de fallos REM. El REM (Retorno Electrodo Monitorizaci\u00f3n) es est\u00e1ndar. Se dispone de 300 vatios para la salida en el ajuste de corte. Se incluye un interruptor de pie monopolar, un interruptor de pie bipolar es opcional, as\u00ed como un carro rodante.<\/p>\n<ul>\n<li>ESU digital de alta potencia.<\/li>\n<li>Capacidades de alto rendimiento en un generador polivalente<\/li>\n<li>Proporciona flexibilidad mediante diversos grados de homeostasis<\/li>\n<li>El operador puede elegir uno de los tres modos preestablecidos: coagulaci\u00f3n independiente simult\u00e1nea, coagulaci\u00f3n de bajo voltaje y seguridad Valleylab REM, que reduce sustancialmente el riesgo de quemaduras del paciente en el lugar del electrodo de retorno<\/li>\n<\/ul>\n","protected":false},"excerpt":{"rendered":"<p>La unidad electroquir\u00fargica Valleylab Force 2 proporciona corte y coagulaci\u00f3n en salidas monopolares o bipolares. El generador dispone de alarmas sonoras y visuales, incluido el indicador de fallos REM. El REM (Retorno Electrodo Monitorizaci\u00f3n) es est\u00e1ndar. Se dispone de 300 vatios para la salida en el ajuste de corte. Se incluye un interruptor de pie monopolar, un interruptor de pie bipolar es opcional, as\u00ed como un carro rodante.<\/p>\n","protected":false},"featured_media":20519,"template":"","meta":{"_acf_changed":false,"_relevanssi_hide_post":"","_relevanssi_hide_content":"","_relevanssi_pin_for_all":"","_relevanssi_pin_keywords":"","_relevanssi_unpin_keywords":"","_relevanssi_related_keywords":"","_relevanssi_related_include_ids":"","_relevanssi_related_exclude_ids":"","_relevanssi_related_no_append":"","_relevanssi_related_not_related":"","_relevanssi_related_posts":"","_relevanssi_noindex_reason":"","inline_featured_image":false},"pwb-brand":[1107],"product_brand":[],"product_cat":[76],"product_tag":[352,1628,466,1631,1630,1625,1626,1629,1608,1627],"class_list":{"0":"post-4304","1":"product","2":"type-product","3":"status-publish","4":"has-post-thumbnail","6":"pwb-brand-equipo-medico-medtronic","7":"product_cat-unidades-electroquirurgicas-electrobisturis","8":"product_tag-covidien","9":"product_tag-covidien-valleylab-force-2","10":"product_tag-medtronic","11":"product_tag-medtronic-covidien","12":"product_tag-medtronic-covidien-valleylab","13":"product_tag-medtronic-covidien-valleylab-force-2","14":"product_tag-medtronic-covidien-valleylab-force-2-esu","15":"product_tag-medtronic-valleylab-force-2","16":"product_tag-valleylab","17":"product_tag-valleylab-force-2","19":"first","20":"instock","21":"purchasable","22":"product-type-simple"},"acf":[],"brands":[{"id":1107,"name":"Medtronic","slug":"equipo-medico-medtronic"}],"_links":{"self":[{"href":"https:\/\/www.somatechnology.com\/spanish\/wp-json\/wp\/v2\/product\/4304","targetHints":{"allow":["GET"]}}],"collection":[{"href":"https:\/\/www.somatechnology.com\/spanish\/wp-json\/wp\/v2\/product"}],"about":[{"href":"https:\/\/www.somatechnology.com\/spanish\/wp-json\/wp\/v2\/types\/product"}],"wp:featuredmedia":[{"embeddable":true,"href":"https:\/\/www.somatechnology.com\/spanish\/wp-json\/wp\/v2\/media\/20519"}],"wp:attachment":[{"href":"https:\/\/www.somatechnology.com\/spanish\/wp-json\/wp\/v2\/media?parent=4304"}],"wp:term":[{"taxonomy":"pwb-brand","embeddable":true,"href":"https:\/\/www.somatechnology.com\/spanish\/wp-json\/wp\/v2\/pwb-brand?post=4304"},{"taxonomy":"product_brand","embeddable":true,"href":"https:\/\/www.somatechnology.com\/spanish\/wp-json\/wp\/v2\/product_brand?post=4304"},{"taxonomy":"product_cat","embeddable":true,"href":"https:\/\/www.somatechnology.com\/spanish\/wp-json\/wp\/v2\/product_cat?post=4304"},{"taxonomy":"product_tag","embeddable":true,"href":"https:\/\/www.somatechnology.com\/spanish\/wp-json\/wp\/v2\/product_tag?post=4304"}],"curies":[{"name":"wp","href":"https:\/\/api.w.org\/{rel}","templated":true}]}}