{"id":4313,"date":"2016-07-19T21:24:29","date_gmt":"2016-07-19T21:24:29","guid":{"rendered":"http:\/\/equipomedicocentral.com\/wordpress\/product\/steris-amsco-m70wc-el\/"},"modified":"2025-12-11T04:06:33","modified_gmt":"2025-12-11T09:06:33","slug":"steris-amsco-m70wc-el","status":"publish","type":"product","link":"https:\/\/www.somatechnology.com\/spanish\/equipo-medico-usado-remanufacturado\/calentador-de-mantas\/steris-amsco-m70wc-el\/","title":{"rendered":"Steris Amsco M70WC-EL"},"content":{"rendered":"<div class=\"wpb-content-wrapper\"><p>[vc_row][vc_column][vc_column_text css=\u00bb\u00bb]<\/p>\n<h2><strong>Steris Amsco M70WC-EL<\/strong><\/h2>\n<p>Los gabinetes de calentamiento Steris Amsco Blanket &amp; Solution est\u00e1n dise\u00f1ados para almacenar y calentar soluciones est\u00e9riles de irrigaci\u00f3n quir\u00fargica, ropa de cama y mantas a las configuraciones de temperatura programadas para aplicaciones de pacientes. Los gabinetes est\u00e1n disponibles en modelos de uno o dos compartimentos, en 18 (457 mm) o 24 (610 mm) de profundidad, y como unidad independiente.<\/p>\n<ul>\n<li>La temperatura se ajusta a 120 \u00b0 C<\/li>\n<li>Puerta con junta de goma<\/li>\n<li>Dos estantes ajustables de acero inoxidable en el compartimento inferior<\/li>\n<li>Mango de f\u00e1cil agarre montado en la parte inferior de la puerta<\/li>\n<li>Calefacci\u00f3n y luces de sobrecalentamiento<\/li>\n<li>Cinco pies el cable de alimentaci\u00f3n con enchufe de grado hospitalario<\/li>\n<\/ul>\n<h3>Dimensiones<\/h3>\n<ul>\n<li>30 \u00abde ancho x 20.5\u00bb de profundidad x 75.75 \u00abde alta c\u00e1mara superior: 27\u00bb x 17 \u00abx 14\u00bb.<\/li>\n<\/ul>\n<p>&nbsp;<\/p>\n<div id=\"mttContainer\" class=\"notranslate\" style=\"transform: translate(154px, 105px);\" aria-expanded=\"false\">\n<div id=\"tippy-1\" style=\"z-index: 100000200; visibility: hidden; position: absolute; inset: auto auto 0px 0px; margin: 0px; transform: translate3d(399.333px, -20px, 0px);\" data-tippy-root=\"\">\n<div class=\"tippy-box\" style=\"max-width: 350px; transition-duration: 250ms;\" tabindex=\"-1\" role=\"mtttooltip\" data-state=\"hidden\" data-theme=\"custom\" data-animation=\"fade\" data-placement=\"top\">\n<div class=\"tippy-content\" style=\"transition-duration: 250ms;\" data-state=\"hidden\"><span dir=\"ltr\">Steris Amsco Blanket &amp; Solution warming cabinets are designed to store and heat sterile surgical irrigation solutions, bedding, and blankets to the programmed temperature settings for patient applications.<\/span><\/div>\n<div class=\"tippy-arrow\" style=\"position: absolute; left: 0px; transform: translate3d(92px, 0px, 0px);\"><\/div>\n<\/div>\n<\/div>\n<\/div>\n<p>[\/vc_column_text][\/vc_column][\/vc_row]<\/p>\n<\/div>","protected":false},"excerpt":{"rendered":"<p>Full Size Calentador de Mantas<\/p>\n","protected":false},"featured_media":8422,"template":"","meta":{"_acf_changed":false,"_relevanssi_hide_post":"","_relevanssi_hide_content":"","_relevanssi_pin_for_all":"","_relevanssi_pin_keywords":"","_relevanssi_unpin_keywords":"","_relevanssi_related_keywords":"","_relevanssi_related_include_ids":"","_relevanssi_related_exclude_ids":"","_relevanssi_related_no_append":"","_relevanssi_related_not_related":"","_relevanssi_related_posts":"","_relevanssi_noindex_reason":"","inline_featured_image":false},"pwb-brand":[1149],"product_brand":[],"product_cat":[83,7029],"product_tag":[544,320,337,898,899,900,543,554,901],"class_list":{"0":"post-4313","1":"product","2":"type-product","3":"status-publish","4":"has-post-thumbnail","6":"pwb-brand-equipo-medico-steris","7":"product_cat-calentador-de-mantas","8":"product_cat-calentadores","9":"product_tag-amsco","10":"product_tag-blanket-warmer","11":"product_tag-calentador-de-mantas","12":"product_tag-m70","13":"product_tag-m70wc","14":"product_tag-m70wc-el","15":"product_tag-steris","16":"product_tag-steris-amsco","17":"product_tag-steris-amsco-m70wc-el","19":"first","20":"instock","21":"purchasable","22":"product-type-simple"},"acf":[],"brands":[{"id":1149,"name":"Steris","slug":"equipo-medico-steris"}],"_links":{"self":[{"href":"https:\/\/www.somatechnology.com\/spanish\/wp-json\/wp\/v2\/product\/4313","targetHints":{"allow":["GET"]}}],"collection":[{"href":"https:\/\/www.somatechnology.com\/spanish\/wp-json\/wp\/v2\/product"}],"about":[{"href":"https:\/\/www.somatechnology.com\/spanish\/wp-json\/wp\/v2\/types\/product"}],"wp:featuredmedia":[{"embeddable":true,"href":"https:\/\/www.somatechnology.com\/spanish\/wp-json\/wp\/v2\/media\/8422"}],"wp:attachment":[{"href":"https:\/\/www.somatechnology.com\/spanish\/wp-json\/wp\/v2\/media?parent=4313"}],"wp:term":[{"taxonomy":"pwb-brand","embeddable":true,"href":"https:\/\/www.somatechnology.com\/spanish\/wp-json\/wp\/v2\/pwb-brand?post=4313"},{"taxonomy":"product_brand","embeddable":true,"href":"https:\/\/www.somatechnology.com\/spanish\/wp-json\/wp\/v2\/product_brand?post=4313"},{"taxonomy":"product_cat","embeddable":true,"href":"https:\/\/www.somatechnology.com\/spanish\/wp-json\/wp\/v2\/product_cat?post=4313"},{"taxonomy":"product_tag","embeddable":true,"href":"https:\/\/www.somatechnology.com\/spanish\/wp-json\/wp\/v2\/product_tag?post=4313"}],"curies":[{"name":"wp","href":"https:\/\/api.w.org\/{rel}","templated":true}]}}