{"id":4319,"date":"2016-07-19T21:24:29","date_gmt":"2016-07-19T21:24:29","guid":{"rendered":"http:\/\/equipomedicocentral.com\/wordpress\/product\/ge-eagle-4000\/"},"modified":"2023-08-23T06:08:47","modified_gmt":"2023-08-23T10:08:47","slug":"ge-eagle-4000","status":"publish","type":"product","link":"https:\/\/www.somatechnology.com\/spanish\/equipo-medico-usado-remanufacturado\/monitores-de-signos-vitales\/monitores-multiparametros\/ge-eagle-4000\/","title":{"rendered":"GE Eagle 4000"},"content":{"rendered":"<h2>Caracter\u00edsticas del GE Eagle 4000<\/h2>\n<h3>El Equilibrio Perfecto<\/h3>\n<p>El <strong>Eagle 4000<\/strong> es un monitor de paciente compacto y aut\u00f3nomo que incorpora muchas de las caracter\u00edsticas avanzadas anteriormente encontradas s\u00f3lo en sistemas modulares de gama alta. El monitor Eagle 4000 es el equilibrio perfecto entre la capacidad y el costo.<\/p>\n<p>&nbsp;<\/p>\n<h3>La mirada de un l\u00edder<\/h3>\n<p>Midiendo un compacto 12,8 x 12,5 x 5,6 pulgadas, y pesando apenas 16 libras, el \u00e1guila 4000 el monitor se puede montar f\u00e1cilmente en la mayor\u00eda de las localizaciones, o movido de sitio al sitio. La pantalla grande de 10,4 \u2033 est\u00e1 disponible en color o monocromo proporcionando un \u00e1rea de visualizaci\u00f3n que muestra claramente hasta 6 formas de onda.<br \/>\n<strong><br \/>\n<\/strong>Configured for Exceptional Performance<\/p>\n<p>Este monitor de signos vitales con todas las funciones ofrece opciones de software y hardware que le permiten configurarse para satisfacer las necesidades de unidades de cuidado espec\u00edficas. El monitor b\u00e1sico Eagle 4000 incluye ECG multi-plomo, presi\u00f3n no invasiva, SpO2 y dos temperaturas. Comenzando con los par\u00e1metros b\u00e1sicos del est\u00e1ndar-de-cuidado, el monitor del \u00e1guila 4000 se puede ampliar para incluir: dos presiones invasores, EtCO2, salida cardiaca de la termodiluci\u00f3n, 12 an\u00e1lisis del plomo ECG, supervisi\u00f3n del St del plomo 12, an\u00e1lisis simult\u00e1neo de la arritmia del multi-plomo con almacenaje y memoria del acontecimiento, dosis\/c\u00e1lculos cardiacos\/pulmonares y m\u00e1s. Desde la admisi\u00f3n hasta la descarga, el monitor Eagle 4000 tiene la capacidad de monitorear a sus pacientes.<\/p>\n<h2 dir=\"ltr\" data-placeholder=\"Translation\"><span lang=\"es\">Especificaciones<\/span>el GE Eagle 4000<\/h2>\n<ul>\n<li>Multi-lead ECG<\/li>\n<li>NIBP, SpO2, IBP dual y temperatura<\/li>\n<li>An\u00e1lisis simult\u00e1neo de la arritmia del multi-plomo<\/li>\n<li>Almacenamiento y recuperaci\u00f3n de eventos<\/li>\n<\/ul>\n<p>Options:<\/p>\n<ul>\n<li>Monitoreo 12-lead ST<\/li>\n<li>Monitoreo CO2<\/li>\n<\/ul>\n<p>&nbsp;<\/p>\n","protected":false},"excerpt":{"rendered":"<p>Monitor Multiparametro<\/p>\n","protected":false},"featured_media":22631,"template":"","meta":{"_acf_changed":false,"_relevanssi_hide_post":"","_relevanssi_hide_content":"","_relevanssi_pin_for_all":"","_relevanssi_pin_keywords":"","_relevanssi_unpin_keywords":"","_relevanssi_related_keywords":"","_relevanssi_related_include_ids":"","_relevanssi_related_exclude_ids":"","_relevanssi_related_no_append":"","_relevanssi_related_not_related":"","_relevanssi_related_posts":"","_relevanssi_noindex_reason":"","inline_featured_image":false},"pwb-brand":[1100],"product_brand":[],"product_cat":[50],"product_tag":[3763,3762,3764,3715,3614],"class_list":{"0":"post-4319","1":"product","2":"type-product","3":"status-publish","4":"has-post-thumbnail","6":"pwb-brand-equipo-medico-ge","7":"product_cat-monitores-multiparametros","8":"product_tag-ge-eagle-4000","9":"product_tag-ge-eagle-4000-monitores-multiparametros","10":"product_tag-ge-eagle-monitores-multiparametros","11":"product_tag-ge-monitores-multiparametros","12":"product_tag-monitores-multiparametros","14":"first","15":"instock","16":"purchasable","17":"product-type-simple"},"acf":[],"brands":[{"id":1100,"name":"GE","slug":"equipo-medico-ge"}],"_links":{"self":[{"href":"https:\/\/www.somatechnology.com\/spanish\/wp-json\/wp\/v2\/product\/4319","targetHints":{"allow":["GET"]}}],"collection":[{"href":"https:\/\/www.somatechnology.com\/spanish\/wp-json\/wp\/v2\/product"}],"about":[{"href":"https:\/\/www.somatechnology.com\/spanish\/wp-json\/wp\/v2\/types\/product"}],"wp:featuredmedia":[{"embeddable":true,"href":"https:\/\/www.somatechnology.com\/spanish\/wp-json\/wp\/v2\/media\/22631"}],"wp:attachment":[{"href":"https:\/\/www.somatechnology.com\/spanish\/wp-json\/wp\/v2\/media?parent=4319"}],"wp:term":[{"taxonomy":"pwb-brand","embeddable":true,"href":"https:\/\/www.somatechnology.com\/spanish\/wp-json\/wp\/v2\/pwb-brand?post=4319"},{"taxonomy":"product_brand","embeddable":true,"href":"https:\/\/www.somatechnology.com\/spanish\/wp-json\/wp\/v2\/product_brand?post=4319"},{"taxonomy":"product_cat","embeddable":true,"href":"https:\/\/www.somatechnology.com\/spanish\/wp-json\/wp\/v2\/product_cat?post=4319"},{"taxonomy":"product_tag","embeddable":true,"href":"https:\/\/www.somatechnology.com\/spanish\/wp-json\/wp\/v2\/product_tag?post=4319"}],"curies":[{"name":"wp","href":"https:\/\/api.w.org\/{rel}","templated":true}]}}