{"id":4329,"date":"2016-07-19T21:24:29","date_gmt":"2016-07-19T21:24:29","guid":{"rendered":"http:\/\/equipomedicocentral.com\/wordpress\/product\/spacelabs-ultraview-1050-90369\/"},"modified":"2023-08-23T06:08:51","modified_gmt":"2023-08-23T10:08:51","slug":"spacelabs-ultraview-1050-90369","status":"publish","type":"product","link":"https:\/\/www.somatechnology.com\/spanish\/equipo-medico-usado-remanufacturado\/monitores-de-signos-vitales\/monitores-multiparametros\/spacelabs-ultraview-1050-90369\/","title":{"rendered":"Spacelabs Ultraview 1050 (90369)"},"content":{"rendered":"<div class=\"wooside three units\">\n<section id=\"woocommerce_product_categories-2\" class=\"widget woocommerce widget_product_categories\">\n<ul class=\"product-categories\">\n<li class=\"cat-item cat-item-102 current-cat cat-parent\" style=\"list-style-type: none;\">\n<h2>Caracter\u00edsticas del Spacelabs Ultraview 1050 (90369)<\/h2>\n<p>El monitor <strong>UltraView \u00ae 1050<\/strong> es un sistema de monitorizaci\u00f3n ligero, compacto y altamente port\u00e1til que tiene una pantalla de color de transistor de pel\u00edcula delgada (TFT) con un \u00e1ngulo de visi\u00f3n de 140 \u00b0. El monitor utiliza controles de pantalla t\u00e1ctil. La opci\u00f3n Data Shuttle \u00ae permite transferir hasta 24 horas de datos de pacientes a otros monitores m\u00e9dicos de Spacelabs. El avanzado sistema de administraci\u00f3n de energ\u00eda maximiza el rendimiento de la bater\u00eda durante el transporte e incluye una bater\u00eda \u00abindicador de combustible\u00bb.<\/p>\n<p>&nbsp;<\/p>\n<ul>\n<li>Ligero, compacto, altamente portable<\/li>\n<\/ul>\n<ul>\n<li>Comparte los mismos controles de pantalla t\u00e1ctil que otros monitores UltraView Network &#x2122; y PCMS &#x2122; en los niveles apropiados<\/li>\n<li>Compatible con la l\u00ednea completa de la red de cuidado UltraView y m\u00f3dulos PCMS<\/li>\n<li>Grande, 10,4-inch (26,42 cm), exhibici\u00f3n de color de TFT con el \u00e1ngulo de visi\u00f3n 140 \u00b0<\/li>\n<li>La opci\u00f3n Data Shuttle \u00ae permite transferir hasta 24 horas de datos de pacientes a otros monitores de UltraView y PCMS.<\/li>\n<li>El sistema avanzado de la gerencia de energ\u00eda maximiza funcionamiento de la bater\u00eda durante transporte; incluye bater\u00eda \u00abcombustible-calibre\u00bb<\/li>\n<li>Comunicaci\u00f3n interactiva opcional de Ethernet de la cama-a-cama<\/li>\n<li>Conexi\u00f3n Ethernet 10BaseT instant\u00e1nea \u00abQuickNet\u00bb<\/li>\n<li>Ethernet inal\u00e1mbrica opcional con una a cinco formas de onda salientes y signos vitales num\u00e9ricos transmitidos a 2,4 GHz<\/li>\n<li>Registrador opcional incorporado de 2 canales<\/li>\n<li>EtCO2 principal opcional, O2, y CO2 m\u00ednimo<\/li>\n<\/ul>\n<h2>Especificaciones Spacelabs Ultraview 1050 (90369)<\/h2>\n<h3>Dimensiones<\/h3>\n<ul>\n<li>Altura: 21,1 cm (8,3 pulgadas)<\/li>\n<li>Profundidad: 15,8 cm (6,2 pulgadas)<\/li>\n<li>Anchura: 29,7 cm (1,7 pulgadas)<\/li>\n<li>Peso: 4,6 kg (10 libras)<\/li>\n<\/ul>\n<h3>Requerimientos ambientales<\/h3>\n<ul>\n<li>Temperatura de almacenaje-25 \u00b0 a 60 \u00b0 C (-13 \u00b0 a 140 \u00b0 F)<\/li>\n<li>[-20 \u00b0 a 60 \u00b0 C (-4 \u00b0 a 140 \u00b0 F) para la opci\u00f3n-M] Humedad 95% (sin condensaci\u00f3n)<\/li>\n<li>Altitud 0 a 12.192 m (0 a 40.000 pies)<\/li>\n<li>Temperatura de funcionamiento<\/li>\n<li>0 \u00b0 a 50 \u00b0 C (32 \u00b0 a 122 \u00b0 F)<\/li>\n<li>[10 \u00b0 a 40 \u00b0 C (50 \u00b0 a 104 \u00b0 F) para la opci\u00f3n-M]<\/li>\n<li>Humedad 95% (sin condensaci\u00f3n)<\/li>\n<li>Altitud 0 a 4.572 m (0 a 15.000 pies)<\/li>\n<li>[0 a 3.048 m (0 a 10.000 pies) para la opci\u00f3n \u2013 M]<\/li>\n<\/ul>\n<p>&nbsp;<\/li>\n<\/ul>\n<\/section>\n<\/div>\n","protected":false},"excerpt":{"rendered":"<p>Monitores Multiparametros<\/p>\n<p>&nbsp;<\/p>\n","protected":false},"featured_media":11475,"template":"","meta":{"_acf_changed":false,"_relevanssi_hide_post":"","_relevanssi_hide_content":"","_relevanssi_pin_for_all":"","_relevanssi_pin_keywords":"","_relevanssi_unpin_keywords":"","_relevanssi_related_keywords":"","_relevanssi_related_include_ids":"","_relevanssi_related_exclude_ids":"","_relevanssi_related_no_append":"","_relevanssi_related_not_related":"","_relevanssi_related_posts":"","_relevanssi_noindex_reason":"","inline_featured_image":false},"pwb-brand":[1137],"product_brand":[],"product_cat":[50],"product_tag":[3614,4478,4479,4491,4490],"class_list":{"0":"post-4329","1":"product","2":"type-product","3":"status-publish","4":"has-post-thumbnail","6":"pwb-brand-equipo-medico-spacelabs","7":"product_cat-monitores-multiparametros","8":"product_tag-monitores-multiparametros","9":"product_tag-monitores-multiparametros-spacelabs","10":"product_tag-spacelabs-monitores-multiparametros","11":"product_tag-spacelabs-ultraview-1050-monitores-multiparametros","12":"product_tag-spacelabs-ultraview-monitores-multiparametros","14":"first","15":"instock","16":"purchasable","17":"product-type-simple"},"acf":[],"brands":[{"id":1137,"name":"Spacelabs","slug":"equipo-medico-spacelabs"}],"_links":{"self":[{"href":"https:\/\/www.somatechnology.com\/spanish\/wp-json\/wp\/v2\/product\/4329","targetHints":{"allow":["GET"]}}],"collection":[{"href":"https:\/\/www.somatechnology.com\/spanish\/wp-json\/wp\/v2\/product"}],"about":[{"href":"https:\/\/www.somatechnology.com\/spanish\/wp-json\/wp\/v2\/types\/product"}],"wp:featuredmedia":[{"embeddable":true,"href":"https:\/\/www.somatechnology.com\/spanish\/wp-json\/wp\/v2\/media\/11475"}],"wp:attachment":[{"href":"https:\/\/www.somatechnology.com\/spanish\/wp-json\/wp\/v2\/media?parent=4329"}],"wp:term":[{"taxonomy":"pwb-brand","embeddable":true,"href":"https:\/\/www.somatechnology.com\/spanish\/wp-json\/wp\/v2\/pwb-brand?post=4329"},{"taxonomy":"product_brand","embeddable":true,"href":"https:\/\/www.somatechnology.com\/spanish\/wp-json\/wp\/v2\/product_brand?post=4329"},{"taxonomy":"product_cat","embeddable":true,"href":"https:\/\/www.somatechnology.com\/spanish\/wp-json\/wp\/v2\/product_cat?post=4329"},{"taxonomy":"product_tag","embeddable":true,"href":"https:\/\/www.somatechnology.com\/spanish\/wp-json\/wp\/v2\/product_tag?post=4329"}],"curies":[{"name":"wp","href":"https:\/\/api.w.org\/{rel}","templated":true}]}}