{"id":4344,"date":"2016-07-19T21:25:19","date_gmt":"2016-07-19T21:25:19","guid":{"rendered":"http:\/\/equipomedicocentral.com\/wordpress\/product\/sony-up-980\/"},"modified":"2023-08-23T06:08:59","modified_gmt":"2023-08-23T10:08:59","slug":"sony-up-980","status":"publish","type":"product","link":"https:\/\/www.somatechnology.com\/spanish\/equipo-medico-usado-remanufacturado\/sistema-de-video-endoscopia\/impresoras\/sony-up-980\/","title":{"rendered":"Sony UP 980"},"content":{"rendered":"<h2>Impresora de formato grande Sony UP 990<\/h2>\n<p>La impresora video de Sony UP980 (up-980) ideal para los usos m\u00e9dicos incluyendo el ultrasonido, el c-brazo m\u00f3vil, y el laboratorio cardiaco de la cateterizaci\u00f3n, la impresora gr\u00e1fica video negra y blanca de Sony up-980 produce im\u00e1genes de alta calidad en apenas 10 segundos. Una funci\u00f3n de escaneo dual permite a la impresora sincronizarse con cualquier se\u00f1al compuesta de 15,75 kHz o 31,5 kHz. La impresora gr\u00e1fica de v\u00eddeo en blanco y negro de Sony up-980 tambi\u00e9n produce transparencias parecidas a pel\u00edculas de alta calidad con medios de transparencia azul opcionales.<\/p>\n<ul>\n<li>Video anal\u00f3gico y digital USB 2,0 interfaces<\/li>\n<li>Velocidad de impresi\u00f3n r\u00e1pida \u2013 aproximadamente 8 segundos<\/li>\n<li>Pel\u00edcula azul opcional de la transparencia (UPT210BL)<\/li>\n<li>Excelente calidad de impresi\u00f3n y contraste<\/li>\n<li>Exhibici\u00f3n del LCD del panel de delante para la operaci\u00f3n f\u00e1cil<\/li>\n<li>M\u00faltiples im\u00e1genes por hoja (dos, cuatro, seis)<\/li>\n<li>Cortador completamente autom\u00e1tico<\/li>\n<li>Dise\u00f1o compacto para una f\u00e1cil integraci\u00f3n en sistemas de imagen basados en carritos<\/li>\n<li>Fuente de alimentaci\u00f3n mundial y compatibilidad de la se\u00f1al video<\/li>\n<\/ul>\n<h3>Dimensiones<\/h3>\n<ul>\n<li>4 x 5.2 x 12.0 inches<\/li>\n<\/ul>\n<h3>Requisitos ambientales\/f\u00edsicos<\/h3>\n<ul>\n<li>Tipo de la impresora: B &amp; W<\/li>\n<li>Gradaci\u00f3n de la impresora: 256 escala de gris<\/li>\n<li>Requisitos de energ\u00eda: 100 a 240V, 50\/60 Hz, 1,3 a 2.4 a<\/li>\n<li>Velocidad de impresi\u00f3n: aprox. 8 segundos (modo STD)<\/li>\n<li>Software de controlador de impresi\u00f3n: s\u00f3lo para Windows \u00ae XP\/2000<\/li>\n<li>M\u00e9todo de la impresi\u00f3n: Impresora gr\u00e1fica h\u00edbrida negra y blanca. (imprime pel\u00edcula y papel)<\/li>\n<li>Resoluci\u00f3n de la impresora: 325 dpi<\/li>\n<li>Conformidad de la seguridad: UL60601-1 enumer\u00f3, CSA c 22.2 no. 601,1 GS, GM UL1950 enumerado, CSA c 22.2 no. 950<\/li>\n<li>Garant\u00eda: 1 a\u00f1o<\/li>\n<\/ul>\n<p>&nbsp;<\/p>\n","protected":false},"excerpt":{"rendered":"<p>Impresora Blanco y Negro<\/p>\n","protected":false},"featured_media":9556,"template":"","meta":{"_acf_changed":false,"_relevanssi_hide_post":"","_relevanssi_hide_content":"","_relevanssi_pin_for_all":"","_relevanssi_pin_keywords":"","_relevanssi_unpin_keywords":"","_relevanssi_related_keywords":"","_relevanssi_related_include_ids":"","_relevanssi_related_exclude_ids":"","_relevanssi_related_no_append":"","_relevanssi_related_not_related":"","_relevanssi_related_posts":"","_relevanssi_noindex_reason":"","inline_featured_image":false},"pwb-brand":[1127],"product_brand":[],"product_cat":[106,84],"product_tag":[2534,2540,2537,2541,2538,2542,2539],"class_list":{"0":"post-4344","1":"product","2":"type-product","3":"status-publish","4":"has-post-thumbnail","6":"pwb-brand-impresoras-sony","7":"product_cat-impresoras","8":"product_cat-sistema-de-video-endoscopia","9":"product_tag-sony-b-w-large-format-printer","10":"product_tag-sony-up-980-b-w-large-format","11":"product_tag-sony-up-980-b-w-large-format-printer","12":"product_tag-sony-up-980-b-w-printer","13":"product_tag-sony-up-980-bw-large-format-printer","14":"product_tag-sony-up-980-printer","15":"product_tag-sony-up-b-w-large-format-printer","17":"first","18":"instock","19":"purchasable","20":"product-type-simple"},"acf":[],"brands":[{"id":1127,"name":"Sony","slug":"impresoras-sony"}],"_links":{"self":[{"href":"https:\/\/www.somatechnology.com\/spanish\/wp-json\/wp\/v2\/product\/4344","targetHints":{"allow":["GET"]}}],"collection":[{"href":"https:\/\/www.somatechnology.com\/spanish\/wp-json\/wp\/v2\/product"}],"about":[{"href":"https:\/\/www.somatechnology.com\/spanish\/wp-json\/wp\/v2\/types\/product"}],"wp:featuredmedia":[{"embeddable":true,"href":"https:\/\/www.somatechnology.com\/spanish\/wp-json\/wp\/v2\/media\/9556"}],"wp:attachment":[{"href":"https:\/\/www.somatechnology.com\/spanish\/wp-json\/wp\/v2\/media?parent=4344"}],"wp:term":[{"taxonomy":"pwb-brand","embeddable":true,"href":"https:\/\/www.somatechnology.com\/spanish\/wp-json\/wp\/v2\/pwb-brand?post=4344"},{"taxonomy":"product_brand","embeddable":true,"href":"https:\/\/www.somatechnology.com\/spanish\/wp-json\/wp\/v2\/product_brand?post=4344"},{"taxonomy":"product_cat","embeddable":true,"href":"https:\/\/www.somatechnology.com\/spanish\/wp-json\/wp\/v2\/product_cat?post=4344"},{"taxonomy":"product_tag","embeddable":true,"href":"https:\/\/www.somatechnology.com\/spanish\/wp-json\/wp\/v2\/product_tag?post=4344"}],"curies":[{"name":"wp","href":"https:\/\/api.w.org\/{rel}","templated":true}]}}