{"id":4349,"date":"2016-07-19T21:25:19","date_gmt":"2016-07-19T21:25:19","guid":{"rendered":"http:\/\/equipomedicocentral.com\/wordpress\/product\/valleylab-force-1c\/"},"modified":"2025-09-23T13:11:57","modified_gmt":"2025-09-23T17:11:57","slug":"valleylab-force-1c","status":"publish","type":"product","link":"https:\/\/www.somatechnology.com\/spanish\/equipo-medico-usado-remanufacturado\/unidades-electroquirurgicas-electrobisturis\/valleylab-force-1c\/","title":{"rendered":"Medtronic Covidien Valleylab Force 1C"},"content":{"rendered":"<h2>Caracter\u00edsticas del\u00a0Medtronic Covidien Valleylab Force 1C<\/h2>\n<p>El <strong>generador Force 1C<\/strong> presenta un dise\u00f1o compacto adecuado para los requisitos para la cirug\u00eda ambulatoria y de oficina, y los requisitos de rendimiento para una gama completa de aplicaciones de cirug\u00eda general para pacientes hospitalizados.<\/p>\n<ul>\n<li>Procedimientos ambulatorios para aplicaciones quir\u00fargicas de gama completa<\/li>\n<li>Salidas monopolares y bipolares<\/li>\n<li>Alarmas audibles y visuales<\/li>\n<\/ul>\n","protected":false},"excerpt":{"rendered":"<p>El generador Force 1C presenta un dise\u00f1o compacto adecuado para los requisitos para la cirug\u00eda ambulatoria y de oficina, y los requisitos de rendimiento para una gama completa de aplicaciones de cirug\u00eda general para pacientes hospitalizados.<\/p>\n","protected":false},"featured_media":12138,"template":"","meta":{"_acf_changed":false,"_relevanssi_hide_post":"","_relevanssi_hide_content":"","_relevanssi_pin_for_all":"","_relevanssi_pin_keywords":"","_relevanssi_unpin_keywords":"","_relevanssi_related_keywords":"","_relevanssi_related_include_ids":"","_relevanssi_related_exclude_ids":"","_relevanssi_related_no_append":"","_relevanssi_related_not_related":"","_relevanssi_related_posts":"","_relevanssi_noindex_reason":"","inline_featured_image":false},"pwb-brand":[1107],"product_brand":[],"product_cat":[76],"product_tag":[352,1616,1615,1614,1612,1896,4966,466,1617,1613,4959,756,1611,4965],"class_list":{"0":"post-4349","1":"product","2":"type-product","3":"status-publish","4":"has-post-thumbnail","6":"pwb-brand-equipo-medico-medtronic","7":"product_cat-unidades-electroquirurgicas-electrobisturis","8":"product_tag-covidien","9":"product_tag-covidien-medtronic","10":"product_tag-covidien-medtronic-valleylab-force","11":"product_tag-covidien-medtronic-valleylab-force-1c","12":"product_tag-covidien-valleylab-force-1c","13":"product_tag-electrobisturis","14":"product_tag-force-1c-electrobisturis","15":"product_tag-medtronic","16":"product_tag-medtronic-valleylab-force","17":"product_tag-medtronic-valleylab-force-1c","18":"product_tag-valleylab-electrobisturis","19":"product_tag-valleylab-force","20":"product_tag-valleylab-force-1c","21":"product_tag-valleylab-force-electrobisturis","23":"first","24":"instock","25":"purchasable","26":"product-type-simple"},"acf":[],"brands":[{"id":1107,"name":"Medtronic","slug":"equipo-medico-medtronic"}],"_links":{"self":[{"href":"https:\/\/www.somatechnology.com\/spanish\/wp-json\/wp\/v2\/product\/4349","targetHints":{"allow":["GET"]}}],"collection":[{"href":"https:\/\/www.somatechnology.com\/spanish\/wp-json\/wp\/v2\/product"}],"about":[{"href":"https:\/\/www.somatechnology.com\/spanish\/wp-json\/wp\/v2\/types\/product"}],"wp:featuredmedia":[{"embeddable":true,"href":"https:\/\/www.somatechnology.com\/spanish\/wp-json\/wp\/v2\/media\/12138"}],"wp:attachment":[{"href":"https:\/\/www.somatechnology.com\/spanish\/wp-json\/wp\/v2\/media?parent=4349"}],"wp:term":[{"taxonomy":"pwb-brand","embeddable":true,"href":"https:\/\/www.somatechnology.com\/spanish\/wp-json\/wp\/v2\/pwb-brand?post=4349"},{"taxonomy":"product_brand","embeddable":true,"href":"https:\/\/www.somatechnology.com\/spanish\/wp-json\/wp\/v2\/product_brand?post=4349"},{"taxonomy":"product_cat","embeddable":true,"href":"https:\/\/www.somatechnology.com\/spanish\/wp-json\/wp\/v2\/product_cat?post=4349"},{"taxonomy":"product_tag","embeddable":true,"href":"https:\/\/www.somatechnology.com\/spanish\/wp-json\/wp\/v2\/product_tag?post=4349"}],"curies":[{"name":"wp","href":"https:\/\/api.w.org\/{rel}","templated":true}]}}