{"id":4352,"date":"2016-07-19T21:25:19","date_gmt":"2016-07-19T21:25:19","guid":{"rendered":"http:\/\/equipomedicocentral.com\/wordpress\/product\/valleylab-force-1b\/"},"modified":"2025-09-23T13:12:22","modified_gmt":"2025-09-23T17:12:22","slug":"valleylab-force-1b","status":"publish","type":"product","link":"https:\/\/www.somatechnology.com\/spanish\/equipo-medico-usado-remanufacturado\/unidades-electroquirurgicas-electrobisturis\/valleylab-force-1b\/","title":{"rendered":"Medtronic Covidien Valleylab Force 1B"},"content":{"rendered":"<h2>Caracter\u00edsticas del\u00a0Medtronic Covidien Valleylab Force 1B<\/h2>\n<p>El <strong>Valleylab Force 1B<\/strong> es un electrobisturi de alta potencia que posee capacidades de alto rendimiento en un generador multiprop\u00f3sito. Proporciona flexibilidad total a trav\u00e9s de diversos grados de homeostasis.<\/p>\n<ul>\n<li>Salidas monopolares y bipolares<\/li>\n<li>Brazos audibles y visuales, incluyendo el indicador de aver\u00eda REM (TM)<\/li>\n<li>Rem (TM) (monitoreo de electrodos de retorno) (est\u00e1ndar)<\/li>\n<li>300 vatios de salida \u2013 corte, 120 vatios \u2013 coagulaci\u00f3n, 70 vatios \u2013 bipolar<\/li>\n<\/ul>\n<h2>Especificaciones del\u00a0Medtronic Covidien Valleylab Force 1B<\/h2>\n<h3>Dimensiones<\/h3>\n<ul>\n<li>Dimensiones: 8 \u00d7 11 \u00d7 17 pulgadas (15 \u00d7 28 \u00d7 3 cm)<\/li>\n<li>Peso: 15 lbs (6.4 kg)<\/li>\n<\/ul>\n<h3>Caracter\u00edsticas de salida<\/h3>\n<ul>\n<li>Corte: 2400 Max (circuito abierto) voltaje p-p, 300 ohmios de carga nominal, 200 potencia nominal a vatios de carga nominal, factor de cresta 1.8 @ 100 W a la carga nominal t\u00edpica<\/li>\n<li>Blend 1:2800 Max (circuito abierto) voltaje p-p, 300 ohmios de carga nominal, 175 potencia nominal a vatios de carga nominal, factor de cresta 2.7 @ 100 W a carga nominal t\u00edpica<\/li>\n<li>Blend 2:3200 Max (circuito abierto) voltaje p-p, 300 ohmios de carga nominal, 150 potencia nominal a vatios de carga nominal, factor de cresta 3.3 @ 100 W a carga nominal t\u00edpica<\/li>\n<\/ul>\n<h3>Forma de onda de salida<\/h3>\n<ul>\n<li>Corte: 500 kHz sinusoidal<\/li>\n<li>Mezcla 1:500 kHz r\u00e1fagas, 50% ciclo de trabajo, 31 kHz recurrencia<\/li>\n<li>Mezcla 2:500 kHz r\u00e1fagas, 37.5% ciclo de trabajo, 31 kHz recurrencia<\/li>\n<li>Mezcla 3:500 kHz r\u00e1fagas, 25% ciclo de trabajo, 31 kHz recurrencia<\/li>\n<li>Coagulaci\u00f3n: r\u00e1fagas de 500 kHz, recurrencia de 31 kHz<\/li>\n<li>Bipolar: r\u00e1fagas de 500 kHz, recurrencia no modulada<\/li>\n<\/ul>\n<h3>Salida de Baja Frecuencia (50 \/ 60 Hz)<\/h3>\n<ul>\n<li>Polaridad normal: tierra intacta del chasis: &lt; 10 mA, tierra abierta; &lt; 100 mA<\/li>\n<li>Polaridad inversa: a tierra abierta: &lt; 100 mA. Corriente del fregadero, 140V aplicado, todas las entradas; &lt; 150 mA. Corriente de la fuente del chasis, tierra abierta; &lt; 110 MA<\/li>\n<\/ul>\n<h3>Par\u00e1metros de riesgo de alta frecuencia<\/h3>\n<ul>\n<li>Corriente de la salida del RF bipolar y monopolar: &lt; 150 miliamperios<\/li>\n<\/ul>\n<h3>Par\u00e1metros de riesgo de alta frecuencia<\/h3>\n<ul>\n<li>Corriente de la salida del RF bipolar y monopolar: &lt; 150 miliamperios<\/li>\n<\/ul>\n<h3>Monitor de calidad de contacto REM<\/h3>\n<ul>\n<li>Frecuencia de medici\u00f3n: 140 kHz \u00b1 10 kHz<\/li>\n<li>Corriente de la medida: 1.5 mA \u00b1 0.5 mA<\/li>\n<\/ul>\n<h3>Fuente de energ\u00eda de entrada<\/h3>\n<ul>\n<li>El voltaje de la l\u00ednea de entrada nominal es 120 VAC con una gama completa de 85-135 VAC. la l\u00ednea de frecuencia var\u00eda a partir 45 a 65 hertzios<\/li>\n<li>Ralent\u00ed: 0,5 A (m\u00e1x. Corriente), 60 W (m\u00e1x. Poder)<\/li>\n<li>Corte: 5.0 A (m\u00e1x. Corriente), 600 W (m\u00e1x. Poder)<\/li>\n<li>Coagulaci\u00f3n: 30 A (m\u00e1x. Corriente), 300 W (m\u00e1x. Poder)<\/li>\n<li>Bipolar: 1.5 A (m\u00e1x. Corriente), 180 W (m\u00e1x. Poder)<\/li>\n<\/ul>\n<p>&nbsp;<\/p>\n","protected":false},"excerpt":{"rendered":"<p>El Valleylab Force 1B es un electrobisturi de alta potencia que posee capacidades de alto rendimiento en un generador multiprop\u00f3sito. Proporciona flexibilidad total a trav\u00e9s de diversos grados de homeostasis.<\/p>\n","protected":false},"featured_media":12137,"template":"","meta":{"_acf_changed":false,"_relevanssi_hide_post":"","_relevanssi_hide_content":"","_relevanssi_pin_for_all":"","_relevanssi_pin_keywords":"","_relevanssi_unpin_keywords":"","_relevanssi_related_keywords":"","_relevanssi_related_include_ids":"","_relevanssi_related_exclude_ids":"","_relevanssi_related_no_append":"","_relevanssi_related_not_related":"","_relevanssi_related_posts":"","_relevanssi_noindex_reason":"","inline_featured_image":false},"pwb-brand":[1107],"product_brand":[],"product_cat":[76],"product_tag":[4962,1607,1605,1606,1896,1609,4963,4960,4961,1608,4959,756,1604,4964,1610],"class_list":{"0":"post-4352","1":"product","2":"type-product","3":"status-publish","4":"has-post-thumbnail","6":"pwb-brand-equipo-medico-medtronic","7":"product_cat-unidades-electroquirurgicas-electrobisturis","8":"product_tag-covidien-electrobisturis","9":"product_tag-covidien-meditronic-valleylab-force-1b","10":"product_tag-covidien-valleylab-force-1b","11":"product_tag-edictronic-valleylab-force-1b","12":"product_tag-electrobisturis","13":"product_tag-esu","14":"product_tag-meditronic-covidien-electrobisturis","15":"product_tag-medtronic-electrobisturis","16":"product_tag-medtronic-valleylab-electrobisturis","17":"product_tag-valleylab","18":"product_tag-valleylab-electrobisturis","19":"product_tag-valleylab-force","20":"product_tag-valleylab-force-1b","21":"product_tag-valleylab-force-1b-electrobisturis","22":"product_tag-valleylab-force-1b-esu","24":"first","25":"instock","26":"purchasable","27":"product-type-simple"},"acf":[],"brands":[{"id":1107,"name":"Medtronic","slug":"equipo-medico-medtronic"}],"_links":{"self":[{"href":"https:\/\/www.somatechnology.com\/spanish\/wp-json\/wp\/v2\/product\/4352","targetHints":{"allow":["GET"]}}],"collection":[{"href":"https:\/\/www.somatechnology.com\/spanish\/wp-json\/wp\/v2\/product"}],"about":[{"href":"https:\/\/www.somatechnology.com\/spanish\/wp-json\/wp\/v2\/types\/product"}],"wp:featuredmedia":[{"embeddable":true,"href":"https:\/\/www.somatechnology.com\/spanish\/wp-json\/wp\/v2\/media\/12137"}],"wp:attachment":[{"href":"https:\/\/www.somatechnology.com\/spanish\/wp-json\/wp\/v2\/media?parent=4352"}],"wp:term":[{"taxonomy":"pwb-brand","embeddable":true,"href":"https:\/\/www.somatechnology.com\/spanish\/wp-json\/wp\/v2\/pwb-brand?post=4352"},{"taxonomy":"product_brand","embeddable":true,"href":"https:\/\/www.somatechnology.com\/spanish\/wp-json\/wp\/v2\/product_brand?post=4352"},{"taxonomy":"product_cat","embeddable":true,"href":"https:\/\/www.somatechnology.com\/spanish\/wp-json\/wp\/v2\/product_cat?post=4352"},{"taxonomy":"product_tag","embeddable":true,"href":"https:\/\/www.somatechnology.com\/spanish\/wp-json\/wp\/v2\/product_tag?post=4352"}],"curies":[{"name":"wp","href":"https:\/\/api.w.org\/{rel}","templated":true}]}}