{"id":4354,"date":"2016-07-19T21:25:19","date_gmt":"2016-07-19T21:25:19","guid":{"rendered":"http:\/\/equipomedicocentral.com\/wordpress\/product\/valleylab-force-ezc\/"},"modified":"2025-09-23T13:12:54","modified_gmt":"2025-09-23T17:12:54","slug":"valleylab-force-ezc","status":"publish","type":"product","link":"https:\/\/www.somatechnology.com\/spanish\/equipo-medico-usado-remanufacturado\/unidades-electroquirurgicas-electrobisturis\/valleylab-force-ezc\/","title":{"rendered":"Medtronic Covidien Valleylab Force EZc"},"content":{"rendered":"<h2>Caracter\u00edsticas del Medtronic Covidien Valleylab Force Ezc<\/h2>\n<p>La tecnolog\u00eda de respuesta instant\u00e1nea proporciona a los cirujanos un mejor rendimiento o menores ajustes de potencia, minimizando el riesgo de da\u00f1o tisular y estimulaci\u00f3n neuromuscular, y disminuyendo la necesidad de \u00absubir el generador\u00bb. El generador <strong>Force EZ<\/strong> se ajusta autom\u00e1ticamente, respondiendo a los cambios de tejido, manteniendo la entrega de energ\u00eda y minimizando el arrastre. El acoplamiento capacitivo se reduce en un 30-50% cuando se utiliza la tecnolog\u00eda de respuesta instant\u00e1nea. Esta reducci\u00f3n se consigue limitando la tensi\u00f3n RMS y los arm\u00f3nicos de alta frecuencia. Una tensi\u00f3n inferior significa menos estimulaci\u00f3n neuromuscular y una entrega m\u00e1s precisa de energ\u00eda para reducir los da\u00f1os colaterales.<\/p>\n<p>La tecnolog\u00eda de respuesta instant\u00e1nea cuenta con un sistema de retroalimentaci\u00f3n avanzado que reconoce los cambios en el tejido 200 veces por segundo y ajusta el voltaje y la corriente en consecuencia para mantener la potencia adecuada. Esta capacidad \u00fanica diferencia generadores de respuesta instant\u00e1nea por su alta eficiencia de potencia nominal (per). Es tecnolog\u00eda de generador inteligente. PER indica la capacidad de un generador para entregar con precisi\u00f3n la potencia seleccionada en una amplia gama de tipos de tejido. Con un por de 97, el generador de la fuerza EZ proporciona un efecto quir\u00fargico constante.<\/p>\n<ul>\n<li>La tecnolog\u00eda de respuesta instant\u00e1nea asegura que la energ\u00eda suministrada permanece pr\u00e1cticamente constante, independientemente del tipo de tejido<\/li>\n<li>El rendimiento mejorado en ajustes de potencia m\u00e1s bajos minimiza el riesgo de da\u00f1o tisular y estimulaci\u00f3n neuromuscular<\/li>\n<li>Tres microcontroladores internos reducen el tiempo de reacci\u00f3n del sistema y aumentan la velocidad de procesamiento del sistema<\/li>\n<li>Sistema f\u00e1cil de utilizar, rentable cuando el funcionamiento es requerido y el precio es de la preocupaci\u00f3n igual<\/li>\n<li>Dos modos de corte, ambos controlados por la tecnolog\u00eda de respuesta instant\u00e1nea, ofrecen a los cirujanos una variedad de opciones: corte puro para un corte limpio y preciso<\/li>\n<li>Mezcla para cortar con hemostasia<\/li>\n<li>Dos modos primarios de la coagulaci\u00f3n: bajo para el contacto m\u00e1s bajo de tensi\u00f3n que coagula conveniente para el trabajo laparoscopic y delicado del tejido<\/li>\n<li>Alto para la coagulaci\u00f3n sin contacto eficiente en la mayor\u00eda de las aplicaciones<\/li>\n<\/ul>\n","protected":false},"excerpt":{"rendered":"<p>La tecnolog\u00eda de respuesta instant\u00e1nea proporciona a los cirujanos un mejor rendimiento o menores ajustes de potencia, minimizando el riesgo de da\u00f1o tisular y estimulaci\u00f3n neuromuscular, y disminuyendo la necesidad de \u00absubir el generador\u00bb. El generador Force EZ se ajusta autom\u00e1ticamente, respondiendo a los cambios de tejido, manteniendo la entrega de energ\u00eda y minimizando el arrastre.<\/p>\n","protected":false},"featured_media":12188,"template":"","meta":{"_acf_changed":false,"_relevanssi_hide_post":"","_relevanssi_hide_content":"","_relevanssi_pin_for_all":"","_relevanssi_pin_keywords":"","_relevanssi_unpin_keywords":"","_relevanssi_related_keywords":"","_relevanssi_related_include_ids":"","_relevanssi_related_exclude_ids":"","_relevanssi_related_no_append":"","_relevanssi_related_not_related":"","_relevanssi_related_posts":"","_relevanssi_noindex_reason":"","inline_featured_image":false},"pwb-brand":[1107],"product_brand":[],"product_cat":[76],"product_tag":[4962,1635,1896,4963,4997,1631,1620,1632,1633,1636,1634,4996],"class_list":{"0":"post-4354","1":"product","2":"type-product","3":"status-publish","4":"has-post-thumbnail","6":"pwb-brand-equipo-medico-medtronic","7":"product_cat-unidades-electroquirurgicas-electrobisturis","8":"product_tag-covidien-electrobisturis","9":"product_tag-covidien-valleylab-force-ezc","10":"product_tag-electrobisturis","11":"product_tag-meditronic-covidien-electrobisturis","12":"product_tag-meditronic-electrobisturis","13":"product_tag-medtronic-covidien","14":"product_tag-medtronic-covidien-valleylab-force","15":"product_tag-medtronic-covidien-valleylab-force-ezc","16":"product_tag-medtronic-covidien-valleylab-force-ezc-esu","17":"product_tag-medtronic-valleylab-force-ezc","18":"product_tag-valleylab-force-ezc","19":"product_tag-valleylab-force-ezc-electrobisturis","21":"first","22":"instock","23":"purchasable","24":"product-type-simple"},"acf":[],"brands":[{"id":1107,"name":"Medtronic","slug":"equipo-medico-medtronic"}],"_links":{"self":[{"href":"https:\/\/www.somatechnology.com\/spanish\/wp-json\/wp\/v2\/product\/4354","targetHints":{"allow":["GET"]}}],"collection":[{"href":"https:\/\/www.somatechnology.com\/spanish\/wp-json\/wp\/v2\/product"}],"about":[{"href":"https:\/\/www.somatechnology.com\/spanish\/wp-json\/wp\/v2\/types\/product"}],"wp:featuredmedia":[{"embeddable":true,"href":"https:\/\/www.somatechnology.com\/spanish\/wp-json\/wp\/v2\/media\/12188"}],"wp:attachment":[{"href":"https:\/\/www.somatechnology.com\/spanish\/wp-json\/wp\/v2\/media?parent=4354"}],"wp:term":[{"taxonomy":"pwb-brand","embeddable":true,"href":"https:\/\/www.somatechnology.com\/spanish\/wp-json\/wp\/v2\/pwb-brand?post=4354"},{"taxonomy":"product_brand","embeddable":true,"href":"https:\/\/www.somatechnology.com\/spanish\/wp-json\/wp\/v2\/product_brand?post=4354"},{"taxonomy":"product_cat","embeddable":true,"href":"https:\/\/www.somatechnology.com\/spanish\/wp-json\/wp\/v2\/product_cat?post=4354"},{"taxonomy":"product_tag","embeddable":true,"href":"https:\/\/www.somatechnology.com\/spanish\/wp-json\/wp\/v2\/product_tag?post=4354"}],"curies":[{"name":"wp","href":"https:\/\/api.w.org\/{rel}","templated":true}]}}