{"id":4359,"date":"2016-07-19T21:25:19","date_gmt":"2016-07-19T21:25:19","guid":{"rendered":"http:\/\/equipomedicocentral.com\/wordpress\/product\/datascope-passport-el\/"},"modified":"2023-08-23T06:09:07","modified_gmt":"2023-08-23T10:09:07","slug":"datascope-passport-el","status":"publish","type":"product","link":"https:\/\/www.somatechnology.com\/spanish\/equipo-medico-usado-remanufacturado\/monitores-de-signos-vitales\/monitores-multiparametros\/datascope-passport-el\/","title":{"rendered":"Datascope Passport EL"},"content":{"rendered":"<h2>Caracter\u00edsticas del Datascope Passport EL<\/h2>\n<p>El monitor <strong>Datascope Passport EL<\/strong> mide ECG, la respiraci\u00f3n, el NIBP, el SpO2, y la temperatura. El Passport tiene una gran pantalla electroluminiscente para facilitar la visualizaci\u00f3n desde cualquier \u00e1ngulo. Este monitor funciona con teclas de funci\u00f3n sencillas y f\u00e1ciles de usar. Soma Tech Intl vende el pasaporte reacondicionado.<\/p>\n<h3>Parametros:<\/h3>\n<ul>\n<li>ECG<\/li>\n<li>NIBP<\/li>\n<li>SpO2<\/li>\n<li>BP<\/li>\n<li>Recorder<\/li>\n<\/ul>\n<h2 dir=\"ltr\" data-placeholder=\"Translation\"><span lang=\"es\">Especificaciones<\/span> del Datascope Passport EL<\/h2>\n<h3>Informacion General<\/h3>\n<ul>\n<li>Altura: 9,5 pulgadas<\/li>\n<li>Anchura: 13 pulgadas<\/li>\n<li>Profundidad: 8 pulgadas<\/li>\n<li>Peso: 13 lbs. m\u00e1ximo sin pilas<\/li>\n<li>Consumo de energ\u00eda: 15 vatios t\u00edpicos<\/li>\n<li>Voltaje entrado: 100, 120, 220, 240 VAC \u00b1 10%<\/li>\n<li>Frecuencia de la ca\u00f1er\u00eda: 47 a 65 hertzios<\/li>\n<\/ul>\n<h3>ECG<\/h3>\n<ul>\n<li>Transductores: I, II, III<\/li>\n<li>Sensibilidad de la exhibici\u00f3n: 0,25, 0,5, 1,0, 2,0, 3,0, 4,0 cm\/el MV \u00b1 10%<\/li>\n<li>Respuesta de frecuencia a la pantalla: filtro ESU hacia fuera: 0,5 a 40 hertzios,-3dB m\u00e1ximo en 1 entrada mVpp; Filtro ESU en: 0,5 a 20 Hz-3dB Max a 1 entrada mVppHeart Rate Meter<\/li>\n<li>Gama: 30-300 BPM adulto\/ni\u00f1o. 30-350 BPM neonatal<\/li>\n<li>Precisi\u00f3n: 30-250 BPM \u00b1 3bpm o 3%, lo que sea mayor.<\/li>\n<li>Rechazo de Marca-paso: rechaza todos los pulsos de amplitud \u00b1 2,0 mV a \u00b1 700 mV y duraci\u00f3n 0,1 MS a 2 ms sin cola. Rechaza todos los pulsos \u00b1 2,0 mV a \u00b1 700 mV y duraci\u00f3n 0,1 MS a 2 ms con 100 ms TC de cola &lt; 0,8 mV o 25 ms TC de cola &lt; 0,4 MV.<\/li>\n<li>Actualizaci\u00f3n de pantalla: 2 segundos \u00b1 0.1 sec<\/li>\n<\/ul>\n<h3>NIBP<\/h3>\n<ul>\n<li>T\u00e9cnica: oscilom\u00e9trico<\/li>\n<li>Rango sist\u00f3lico: modo adulto\/PED: 40-250 mmHg, modo neonato: 15-150 mmHg.<\/li>\n<li>Rango diast\u00f3lico: modo adulto\/PED: 30-200 mmHg, modo neonato: 10-150 mmHg.<\/li>\n<li>Precisi\u00f3n sist\u00f3lica: error medio inferior a 7 mmHg, desviaci\u00f3n est\u00e1ndar menor de 8 mmHg (adulto\/pedi\u00e1trico). Error medio menos de 3 mmHg, desviaci\u00f3n est\u00e1ndar menos de 13 mmHg (neonatal).<\/li>\n<li>Precisi\u00f3n diast\u00f3lica: error medio inferior a 7 mmHg, desviaci\u00f3n est\u00e1ndar menor de 8 mmHg (adulto\/pedi\u00e1trico). Error medio inferior a 4 mmHg, desviaci\u00f3n est\u00e1ndar inferior a 7 mmHg (neonatal).<\/li>\n<li>Rango de medidor de ritmo card\u00edaco: 30-250 BPM.<\/li>\n<li>Precisi\u00f3n del medidor de ritmo card\u00edaco: \u00b1 3 BPM o \u00b1 3%, cualquiera que sea mayor.<\/li>\n<\/ul>\n<h3>Oximetr\u00eda de pulso<\/h3>\n<ul>\n<li>Exactitud (desviaci\u00f3n est\u00e1ndar): 70-100%, el \u00b1 2%; 60-69%, el \u00b1 4%; 0-59%, no especificado.<\/li>\n<li>Tiempo de respuesta: 13 segundos a 95% del cambio final del paso% SpO2 valor de 60-95% en 72 BPM<\/li>\n<li>Registrador (opcional)<\/li>\n<li>Velocidad: 50, 25, 12,5, 6,25, 3,125 mm\/sec \u00b1 5%<\/li>\n<li>Nota: 6,25 y 3,125 son s\u00f3lo para la respiraci\u00f3n<\/li>\n<li>Tama\u00f1o de la carta: 50 mm \u00b1 2mm<\/li>\n<li>Requisitos de la bater\u00eda<\/li>\n<li>2 bater\u00edas de plomo selladas<\/li>\n<li>Voltaje: 12 VDC<\/li>\n<li>Capacidad: 2,3 ah cada<\/li>\n<li>Tiempo de ejecuci\u00f3n: 2 horas de bater\u00eda completamente cargada<\/li>\n<li>Tiempo de recarga: 16 horas m\u00e1ximo<\/li>\n<li>ADVERTENCIA de bater\u00eda baja: 11,6 \u00b1 3,5%<\/li>\n<li>La bater\u00eda baja cort\u00f3: 11,0 \u00b1 2,8%<\/li>\n<\/ul>\n<p>&nbsp;<\/p>\n","protected":false},"excerpt":{"rendered":"<p>Monitores Multiparametros<\/p>\n","protected":false},"featured_media":11220,"template":"","meta":{"_acf_changed":false,"_relevanssi_hide_post":"","_relevanssi_hide_content":"","_relevanssi_pin_for_all":"","_relevanssi_pin_keywords":"","_relevanssi_unpin_keywords":"","_relevanssi_related_keywords":"","_relevanssi_related_include_ids":"","_relevanssi_related_exclude_ids":"","_relevanssi_related_no_append":"","_relevanssi_related_not_related":"","_relevanssi_related_posts":"","_relevanssi_noindex_reason":"","inline_featured_image":false},"pwb-brand":[1110],"product_brand":[],"product_cat":[50],"product_tag":[3696,3656,3695,3614,3697,3698],"class_list":{"0":"post-4359","1":"product","2":"type-product","3":"status-publish","4":"has-post-thumbnail","6":"pwb-brand-equipo-medico-datascope","7":"product_cat-monitores-multiparametros","8":"product_tag-datascape-passport-el-monitores-multiparametros","9":"product_tag-datascope-monitores-multiparametros","10":"product_tag-datascope-passport-el","11":"product_tag-monitores-multiparametros","12":"product_tag-passport","13":"product_tag-passport-el","15":"first","16":"instock","17":"purchasable","18":"product-type-simple"},"acf":[],"brands":[{"id":1110,"name":"Datascope","slug":"equipo-medico-datascope"}],"_links":{"self":[{"href":"https:\/\/www.somatechnology.com\/spanish\/wp-json\/wp\/v2\/product\/4359","targetHints":{"allow":["GET"]}}],"collection":[{"href":"https:\/\/www.somatechnology.com\/spanish\/wp-json\/wp\/v2\/product"}],"about":[{"href":"https:\/\/www.somatechnology.com\/spanish\/wp-json\/wp\/v2\/types\/product"}],"wp:featuredmedia":[{"embeddable":true,"href":"https:\/\/www.somatechnology.com\/spanish\/wp-json\/wp\/v2\/media\/11220"}],"wp:attachment":[{"href":"https:\/\/www.somatechnology.com\/spanish\/wp-json\/wp\/v2\/media?parent=4359"}],"wp:term":[{"taxonomy":"pwb-brand","embeddable":true,"href":"https:\/\/www.somatechnology.com\/spanish\/wp-json\/wp\/v2\/pwb-brand?post=4359"},{"taxonomy":"product_brand","embeddable":true,"href":"https:\/\/www.somatechnology.com\/spanish\/wp-json\/wp\/v2\/product_brand?post=4359"},{"taxonomy":"product_cat","embeddable":true,"href":"https:\/\/www.somatechnology.com\/spanish\/wp-json\/wp\/v2\/product_cat?post=4359"},{"taxonomy":"product_tag","embeddable":true,"href":"https:\/\/www.somatechnology.com\/spanish\/wp-json\/wp\/v2\/product_tag?post=4359"}],"curies":[{"name":"wp","href":"https:\/\/api.w.org\/{rel}","templated":true}]}}