{"id":4363,"date":"2016-07-19T21:26:09","date_gmt":"2016-07-19T21:26:09","guid":{"rendered":"http:\/\/equipomedicocentral.com\/wordpress\/product\/datascope-passport-xg\/"},"modified":"2023-08-23T06:09:10","modified_gmt":"2023-08-23T10:09:10","slug":"datascope-passport-xg","status":"publish","type":"product","link":"https:\/\/www.somatechnology.com\/spanish\/equipo-medico-usado-remanufacturado\/monitores-de-signos-vitales\/monitores-multiparametros\/datascope-passport-xg\/","title":{"rendered":"Datascope Passport XG"},"content":{"rendered":"<h2>Caracter\u00edsticas del\u00a0<strong>Datascope Passport XG<\/strong><\/h2>\n<p>Monitor vers\u00e1til de signos vitales dise\u00f1ado espec\u00edficamente para aplicaciones de cirug\u00eda, cabecera y transporte. La gran pantalla electroluminiscente de f\u00e1cil lectura proporciona hasta tres formas de onda. El men\u00fa f\u00e1cil de entender y las teclas de funci\u00f3n dedicadas del Passport lo hacen r\u00e1pido y f\u00e1cil de usar. Con EKG, NIBP, oximetr\u00eda de pulso, respiraci\u00f3n, temperatura y grabadora, el Passport tambi\u00e9n se puede configurar con CO2 convencional optativo. Ligero y port\u00e1til, el pasaporte es un dispositivo perfecto para las necesidades de monitoreo de m\u00faltiples par\u00e1metros.<\/p>\n<ul>\n<li>3\/5 plomo ECGt<\/li>\n<li>Impresora<\/li>\n<li>Presi\u00f3n arterial no invasiva<\/li>\n<li>Oximetr\u00eda de pulso<\/li>\n<li>Bater\u00eda de respaldo para el transporte<\/li>\n<\/ul>\n<h2 dir=\"ltr\" data-placeholder=\"Translation\"><span lang=\"es\">Especificaciones<\/span> del\u00a0<strong>Datascope Passport XG<\/strong><\/h2>\n<h3>Monitor<\/h3>\n<ul>\n<li>Tama\u00f1o: 21.1 cm x 15.8 cm(1.5 kg)<\/li>\n<\/ul>\n<h3>ECG<\/h3>\n<ul>\n<li>Conduce I, II, III, aVR, aVL, aVF y V.<\/li>\n<li>Protecci\u00f3n contra sobrecarga del desfibrilador: Lente resistente y forma de onda trapezoidal o Edmark de hasta 400 julios aplicados a 100 ohmios de carga y electrodo en intervalos de 20 segundos.<\/li>\n<li>Tiempo de recuperaci\u00f3n: tiempo para que una traza regrese a la pantalla del desfibrilador El pulso moo es de 3 segundos como m\u00e1ximo.<\/li>\n<\/ul>\n<h3>IBP<\/h3>\n<ul>\n<li>Rango a la pantalla digital; promedio sist\u00f3lico \/ diast\u00f3lico de -20 a +300 mmHg.<\/li>\n<li>Precisi\u00f3n: 2 mmHg o 2%, lo que sea mayor a la posici\u00f3n de visualizaci\u00f3n num\u00e9rica.<\/li>\n<li>Rango cero: \u00b1 120 mmHg m\u00ednimo con ganancia nominal.<\/li>\n<\/ul>\n<h3>Ritmo Cardiaco<\/h3>\n<ul>\n<li>Rango: 30-300 lpm para adultos \/ ni\u00f1os, 30-350 lpm para neonatos.<\/li>\n<li>Precisi\u00f3n: 30-250 \u00b1 3 lpm o \u00b1 3%, el que sea mayor.<\/li>\n<\/ul>\n<h3>NIBP<\/h3>\n<ul>\n<li>T\u00e9cnica: oscilom\u00e9trica.<\/li>\n<li>Rango sist\u00f3lico: 50 a 250 mmHg para el modo adulto \/ ped, 15 a 150 mmHg para el modelo neonatal.<\/li>\n<li>Rango diast\u00f3lico: 30 a 200 mmHg para el modo adulto \/ ped, 10 a 150 mmHg para el modelo neonatal.<\/li>\n<li>Precisi\u00f3n sist\u00f3lica: error medio inferior a 7 mmHg, desviaci\u00f3n est\u00e1ndar inferior a 8 mmHg (adulto \/ ped), error medio inferior a 4 mmHg, desviaci\u00f3n est\u00e1ndar inferior a 13 mmHg (neonatal)<\/li>\n<li>Exactitud diast\u00f3lica: error medio inferior a 7 mmHg, desviaci\u00f3n est\u00e1ndar inferior a 8 mmHg (adulto \/ ped), error medio inferior a 4 mmHg, desviaci\u00f3n est\u00e1ndar inferior a 7 mmHg (neonatal). \u2022 Rango del medidor de frecuencia card\u00edaca: 30-250 lpm.<\/li>\n<li>Precisi\u00f3n del medidor de frecuencia card\u00edaca: \u00b1 3 bpm o \u00b1 3%, el que sea mayor.<\/li>\n<\/ul>\n<h3>Temperatura<\/h3>\n<ul>\n<li>TScale: seleccionable \u00b0 C o \u00b0 F.<\/li>\n<li>Rango: 15 \u00b0 C a 45 \u00b0 C, 59 \u00b0 F a 113 \u00b0 F.<\/li>\n<li>Precisi\u00f3n: \u00b1 0.1 \u00b0 C a 45 \u00b0 C o \u00b1 0.2 \u00b0 F 59 a 113 \u00b0 F<\/li>\n<\/ul>\n<h3>Respiraci\u00f3n (ECG)<\/h3>\n<ul>\n<li>Rango: 4 a 7 pm<\/li>\n<li>Precisi\u00f3n: \u00b1 2% o \u00b1 bpm, el que sea mayor<\/li>\n<\/ul>\n<h3>Impresora<\/h3>\n<p>Velocidad &#8211; 50, 25, 12., 6.25, 3.125 mm \/ seg \u00b1 5%<\/p>\n<h4>C02<\/h4>\n<ul>\n<li>Rango: 0-14.8% vol., 0-14.8 kPa, 0-11 mmHg, 0-111 Torr.<\/li>\n<li>Tiempo de subida: &lt;400ms.<\/li>\n<li>Precisi\u00f3n: \u00b1 (0.2% vol% a 2% de lectura)<\/li>\n<\/ul>\n<h3>02<\/h3>\n<ul>\n<li>Rango: 0-100 vol%.<\/li>\n<li>Tiempo de subida: &lt;400 ms.<\/li>\n<li>Precisi\u00f3n: \u00b1 (0.2% vol% + 2% de lectura)<\/li>\n<\/ul>\n<h3>N02<\/h3>\n<ul>\n<li>Range: 0-100% N2O.<\/li>\n<li>Rise time: &lt;450 ms.<\/li>\n<li>Accuracy: \u00b1(2 vol%+ 2% of reading)<\/li>\n<\/ul>\n<h3>Bateria<\/h3>\n<ul>\n<li>Tipo: 2 bater\u00edas de plomo selladas.<\/li>\n<li>Voltaje: 12 VDC nominales (a una carga de 2.3A).<\/li>\n<li>Capacidad: 2.3 AH cada uno.<\/li>\n<li>Tiempo de ejecuci\u00f3n: 1.5 horas desde la carga completa de la bater\u00eda nueva a 25 \u00b0 C con SpO2, 1 NIBP cada 15 minutos, sin grabaci\u00f3n.<\/li>\n<li>Tiempo de recarga: 16 horas.<\/li>\n<li>Advertencia de bater\u00eda baja: 11.6V, \u00b1 3.5%. \u2022 Corte de bater\u00eda baja: 11.0V \u00b1 2.8%<\/li>\n<\/ul>\n<p>&nbsp;<\/p>\n","protected":false},"excerpt":{"rendered":"<p>Monitor Multiparametro<\/p>\n","protected":false},"featured_media":22375,"template":"","meta":{"_acf_changed":false,"_relevanssi_hide_post":"","_relevanssi_hide_content":"","_relevanssi_pin_for_all":"","_relevanssi_pin_keywords":"","_relevanssi_unpin_keywords":"","_relevanssi_related_keywords":"","_relevanssi_related_include_ids":"","_relevanssi_related_exclude_ids":"","_relevanssi_related_no_append":"","_relevanssi_related_not_related":"","_relevanssi_related_posts":"","_relevanssi_noindex_reason":"","inline_featured_image":false},"pwb-brand":[1110],"product_brand":[],"product_cat":[50],"product_tag":[507,3656,4397,779,781,4398,3614,4394,782],"class_list":{"0":"post-4363","1":"product","2":"type-product","3":"status-publish","4":"has-post-thumbnail","6":"pwb-brand-equipo-medico-datascope","7":"product_cat-monitores-multiparametros","8":"product_tag-datascope","9":"product_tag-datascope-monitores-multiparametros","10":"product_tag-datascope-passort-monitores-multiparametros","11":"product_tag-datascope-passport","12":"product_tag-datascope-passport-xg","13":"product_tag-datascope-passport-xg-monitores-multiparametros","14":"product_tag-monitores-multiparametros","15":"product_tag-monitores-multiparametros-datascope","16":"product_tag-passport-xg","18":"first","19":"instock","20":"purchasable","21":"product-type-simple"},"acf":[],"brands":[{"id":1110,"name":"Datascope","slug":"equipo-medico-datascope"}],"_links":{"self":[{"href":"https:\/\/www.somatechnology.com\/spanish\/wp-json\/wp\/v2\/product\/4363","targetHints":{"allow":["GET"]}}],"collection":[{"href":"https:\/\/www.somatechnology.com\/spanish\/wp-json\/wp\/v2\/product"}],"about":[{"href":"https:\/\/www.somatechnology.com\/spanish\/wp-json\/wp\/v2\/types\/product"}],"wp:featuredmedia":[{"embeddable":true,"href":"https:\/\/www.somatechnology.com\/spanish\/wp-json\/wp\/v2\/media\/22375"}],"wp:attachment":[{"href":"https:\/\/www.somatechnology.com\/spanish\/wp-json\/wp\/v2\/media?parent=4363"}],"wp:term":[{"taxonomy":"pwb-brand","embeddable":true,"href":"https:\/\/www.somatechnology.com\/spanish\/wp-json\/wp\/v2\/pwb-brand?post=4363"},{"taxonomy":"product_brand","embeddable":true,"href":"https:\/\/www.somatechnology.com\/spanish\/wp-json\/wp\/v2\/product_brand?post=4363"},{"taxonomy":"product_cat","embeddable":true,"href":"https:\/\/www.somatechnology.com\/spanish\/wp-json\/wp\/v2\/product_cat?post=4363"},{"taxonomy":"product_tag","embeddable":true,"href":"https:\/\/www.somatechnology.com\/spanish\/wp-json\/wp\/v2\/product_tag?post=4363"}],"curies":[{"name":"wp","href":"https:\/\/api.w.org\/{rel}","templated":true}]}}