{"id":4369,"date":"2016-07-19T21:26:09","date_gmt":"2016-07-19T21:26:09","guid":{"rendered":"http:\/\/equipomedicocentral.com\/wordpress\/product\/hewlett-packard-7835278354\/"},"modified":"2025-09-23T13:02:55","modified_gmt":"2025-09-23T17:02:55","slug":"hewlett-packard-7835278354","status":"publish","type":"product","link":"https:\/\/www.somatechnology.com\/spanish\/equipo-medico-usado-remanufacturado\/monitores-de-signos-vitales\/monitores-multiparametros\/hewlett-packard-7835278354\/","title":{"rendered":"Philips HP 78352\/78354"},"content":{"rendered":"<h2>Caracter\u00edsticas del\u00a0Philips HP 78352\/78354<\/h2>\n<p>El 7<strong>835x de Hewlett Packard<\/strong> describe una serie de monitores multi-par\u00e1metros. Estos pueden ser configurados con uno o m\u00e1s de los siguientes: SaO2, NIBP, y\/o presi\u00f3n sangu\u00ednea invasiva. ECG es un par\u00e1metro est\u00e1ndar.<\/p>\n<ul>\n<li>Monitor excelente de ECG con capacidad de tendencia completa<\/li>\n<li>Opciones: ECG, NIBP, SpO2, BP, CO2, temperatura y registrador<\/li>\n<li>Pantalla de v\u00eddeo integrada de alta resoluci\u00f3n.<\/li>\n<li>Capacidades de interfaz digital y anal\u00f3gica<\/li>\n<li>Filtros electroquir\u00fargicos y alarmas inteligentes a trav\u00e9s de sofisticados algoritmos.<\/li>\n<\/ul>\n","protected":false},"excerpt":{"rendered":"<p>El 7835x de Hewlett Packard describe una serie de monitores multi-par\u00e1metros. Estos pueden ser configurados con uno o m\u00e1s de los siguientes: SaO2, NIBP, y\/o presi\u00f3n sangu\u00ednea invasiva. ECG es un par\u00e1metro est\u00e1ndar.<\/p>\n","protected":false},"featured_media":11404,"template":"","meta":{"_acf_changed":false,"_relevanssi_hide_post":"","_relevanssi_hide_content":"","_relevanssi_pin_for_all":"","_relevanssi_pin_keywords":"","_relevanssi_unpin_keywords":"","_relevanssi_related_keywords":"","_relevanssi_related_include_ids":"","_relevanssi_related_exclude_ids":"","_relevanssi_related_no_append":"","_relevanssi_related_not_related":"","_relevanssi_related_posts":"","_relevanssi_noindex_reason":"","inline_featured_image":false},"pwb-brand":[1102],"product_brand":[],"product_cat":[50],"product_tag":[3850,3852,3849,3851,3853,3848],"class_list":{"0":"post-4369","1":"product","2":"type-product","3":"status-publish","4":"has-post-thumbnail","6":"pwb-brand-equipo-medico-philips","7":"product_cat-monitores-multiparametros","8":"product_tag-hewlett-packart-78352-78354","9":"product_tag-hewlett-packart-monitores-multiparametros","10":"product_tag-hp-78352-78354","11":"product_tag-hp-monitores-multiparametros","12":"product_tag-monitores-multiparametros-hp-78352-78354","13":"product_tag-philips-hp-78352-78354","15":"first","16":"instock","17":"purchasable","18":"product-type-simple"},"acf":[],"brands":[{"id":1102,"name":"Philips","slug":"equipo-medico-philips"}],"_links":{"self":[{"href":"https:\/\/www.somatechnology.com\/spanish\/wp-json\/wp\/v2\/product\/4369","targetHints":{"allow":["GET"]}}],"collection":[{"href":"https:\/\/www.somatechnology.com\/spanish\/wp-json\/wp\/v2\/product"}],"about":[{"href":"https:\/\/www.somatechnology.com\/spanish\/wp-json\/wp\/v2\/types\/product"}],"wp:featuredmedia":[{"embeddable":true,"href":"https:\/\/www.somatechnology.com\/spanish\/wp-json\/wp\/v2\/media\/11404"}],"wp:attachment":[{"href":"https:\/\/www.somatechnology.com\/spanish\/wp-json\/wp\/v2\/media?parent=4369"}],"wp:term":[{"taxonomy":"pwb-brand","embeddable":true,"href":"https:\/\/www.somatechnology.com\/spanish\/wp-json\/wp\/v2\/pwb-brand?post=4369"},{"taxonomy":"product_brand","embeddable":true,"href":"https:\/\/www.somatechnology.com\/spanish\/wp-json\/wp\/v2\/product_brand?post=4369"},{"taxonomy":"product_cat","embeddable":true,"href":"https:\/\/www.somatechnology.com\/spanish\/wp-json\/wp\/v2\/product_cat?post=4369"},{"taxonomy":"product_tag","embeddable":true,"href":"https:\/\/www.somatechnology.com\/spanish\/wp-json\/wp\/v2\/product_tag?post=4369"}],"curies":[{"name":"wp","href":"https:\/\/api.w.org\/{rel}","templated":true}]}}