{"id":4370,"date":"2016-07-19T21:26:09","date_gmt":"2016-07-19T21:26:09","guid":{"rendered":"http:\/\/equipomedicocentral.com\/wordpress\/product\/philips-hp-merlin\/"},"modified":"2025-09-23T13:03:38","modified_gmt":"2025-09-23T17:03:38","slug":"philips-hp-merlin","status":"publish","type":"product","link":"https:\/\/www.somatechnology.com\/spanish\/equipo-medico-usado-remanufacturado\/monitores-de-signos-vitales\/monitores-multiparametros\/philips-hp-merlin\/","title":{"rendered":"Philips HP Merlin"},"content":{"rendered":"<h2>Caracter\u00edsticas del\u00a0Philips HP Merlin<\/h2>\n<p>Las pantallas de visualizaci\u00f3n de 14 pulgadas pueden ser monocromo o color y pueden mostrar hasta 8 formas de onda simult\u00e1neamente. \u00abMerlin\u00bb se refiere a ambos modelos 1175A y 1176A.<\/p>\n<p>El <strong>Philips HP Merlin<\/strong> puede configurarse para medir ECG, respiraci\u00f3n, NIBP, presi\u00f3n sangu\u00ednea invasiva, SpO2, salida cardiaca, temperatura, CO2 de marea final o grabadora (impresora).<\/p>\n<h2>Especificaciones del Philips HP Merlin<\/h2>\n<ul>\n<li>Monitor multi-par\u00e1metro<\/li>\n<li>14 pantalla<\/li>\n<li>Hasta 8 formas de onda simult\u00e1neas.<\/li>\n<li>Remodelaci\u00f3n profesional<\/li>\n<li>Red<\/li>\n<li>Modular<\/li>\n<li>Impresora\/grabadora<\/li>\n<\/ul>\n<h3>Par\u00e1metros<\/h3>\n<ul>\n<li>ECG<\/li>\n<li>Respiraci\u00f3n<\/li>\n<li>NIBP<\/li>\n<li>Presi\u00f3n sangu\u00ednea invasiva<\/li>\n<li>Sp02<\/li>\n<li>Salida cardiaca<\/li>\n<li>Fin de la marea CO2<\/li>\n<li>Temperatura<\/li>\n<\/ul>\n<h3>Descripci\u00f3n f\u00edsica<\/h3>\n<p>El sistema puede ser desmontado f\u00edsicamente para dejar varios componentes importantes. Los componentes principales son:<\/p>\n<ul>\n<li>M\u00f3dulo de la computadora: Esto incluye la cubierta externa, la placa traseras, el convertidor de DC-DC, y todas las tarjetas de funci\u00f3n asociadas. Esto tambi\u00e9n puede tener un rack de m\u00f3dulo plug-in integral.<\/li>\n<li>Pantalla principal del ordenador: monitor monocromo o color de 14 pulgadas con la fuente de alimentaci\u00f3n del sistema, un teclado integrado y un teclado remoto opcional.<\/li>\n<li>Pantalla remota: puede ser un monitor monocromo o de color de 14 pulgadas o un monitor de color m\u00e1s grande.<\/li>\n<li>M\u00f3dulos enchufables: son los m\u00f3dulos utilizados para la adquisici\u00f3n de los par\u00e1metros del paciente (m\u00f3dulo de par\u00e1metros) y la visualizaci\u00f3n de datos desde dispositivos externos (m\u00f3dulo VueLink). Tambi\u00e9n est\u00e1 disponible un m\u00f3dulo de grabadora para proporcionar documentaci\u00f3n de los signos vitales de un paciente y los datos de oleaje. Todos estos est\u00e1n ubicados en los racks del m\u00f3dulo.<\/li>\n<li>Racks de m\u00f3dulos: se pueden usar hasta cuatro racks de m\u00f3dulos con una sola tarjeta intercarada de rack. Un rack puede ser integral, situado en la parte frontal del m\u00f3dulo de la computadora, y los bastidores sat\u00e9lite se pueden colocar de alguna manera de los polos. Cada estante del m\u00f3dulo puede sostener hasta 6 (el estante del sat\u00e9lite de M1276A) o 8 m\u00f3dulos enchufables de la solo-anchura del estante del sat\u00e9lite de M1041A.<\/li>\n<\/ul>\n<h3>Tama\u00f1o y peso del m\u00f3dulo de la computadora<\/h3>\n<ul>\n<li>Tama\u00f1o (incluyendo los pies): 5,2 (H) \u00d7 14,6 (W) \u00d7 17,8 (D) \u00d7 19,3 pulgadas (156 \u00d7 370 \u00d7 451 mm \u2013 491 mm con los m\u00f3dulos enchufables cabidos)<\/li>\n<li>Peso: 25,4 lbs (11,5 kg) con un panel frontal en blanco. 26,5 lbs (12 kilogramos) con un estante integral cabido pero ningunos m\u00f3dulos enchufables.<\/li>\n<\/ul>\n<h3>Tama\u00f1os y pesos del monitor<\/h3>\n<ul>\n<li>Tama\u00f1o monocromo de M1092A: \u2022 tama\u00f1o: 13,5 (H) \u00d7 14,6 (W) \u00d7 17,8 (D) pulgadas (342 \u00d7 370 \u00d7 451 mil\u00edmetro)<\/li>\n<li>Peso: 26 lbs (12 kilogramos)<\/li>\n<li>Tama\u00f1o de la exhibici\u00f3n del color de M1094A: \u2022 tama\u00f1o: 13,5 (H) \u00d7 14,6 (W) \u00d7 17,8 (D) pulgadas (342 \u00d7 370 \u00d7 451 mil\u00edmetro)<\/li>\n<li>Peso: 42 lbs (19 kilogramos)<\/li>\n<li>Tama\u00f1o de la exhibici\u00f3n del color de M1094B: \u2022 tama\u00f1o: 13,5 (H) \u00d7 14,6 (W) \u00d7 17,8 (D) pulgadas (342 \u00d7 370 \u00d7 451 mil\u00edmetro)<\/li>\n<li>Peso: 43 lbs (19,5 kg)<\/li>\n<\/ul>\n","protected":false},"excerpt":{"rendered":"<p>Las pantallas de visualizaci\u00f3n de 14 pulgadas pueden ser monocromo o color y pueden mostrar hasta 8 formas de onda simult\u00e1neamente. \u00abMerlin\u00bb se refiere a ambos modelos 1175A y 1176A. El Philips HP Merlin puede configurarse para medir ECG, respiraci\u00f3n, NIBP, presi\u00f3n sangu\u00ednea invasiva, SpO2, salida cardiaca, temperatura, CO2 de marea final o grabadora (impresora).<\/p>\n","protected":false},"featured_media":11254,"template":"","meta":{"_acf_changed":false,"_relevanssi_hide_post":"","_relevanssi_hide_content":"","_relevanssi_pin_for_all":"","_relevanssi_pin_keywords":"","_relevanssi_unpin_keywords":"","_relevanssi_related_keywords":"","_relevanssi_related_include_ids":"","_relevanssi_related_exclude_ids":"","_relevanssi_related_no_append":"","_relevanssi_related_not_related":"","_relevanssi_related_posts":"","_relevanssi_noindex_reason":"","inline_featured_image":false},"pwb-brand":[1102],"product_brand":[],"product_cat":[50],"product_tag":[2115,3703,3531,3614,3841,3900,273,1224,3899],"class_list":{"0":"post-4370","1":"product","2":"type-product","3":"status-publish","4":"has-post-thumbnail","6":"pwb-brand-equipo-medico-philips","7":"product_cat-monitores-multiparametros","8":"product_tag-hp","9":"product_tag-monitor-multiparametro","10":"product_tag-monitores","11":"product_tag-monitores-multiparametros","12":"product_tag-monitores-multiparametros-philips","13":"product_tag-monitores-multiparametros-philips-hp-merlin","14":"product_tag-philips","15":"product_tag-philips-hp","16":"product_tag-philips-hp-merlin","18":"first","19":"instock","20":"purchasable","21":"product-type-simple"},"acf":[],"brands":[{"id":1102,"name":"Philips","slug":"equipo-medico-philips"}],"_links":{"self":[{"href":"https:\/\/www.somatechnology.com\/spanish\/wp-json\/wp\/v2\/product\/4370","targetHints":{"allow":["GET"]}}],"collection":[{"href":"https:\/\/www.somatechnology.com\/spanish\/wp-json\/wp\/v2\/product"}],"about":[{"href":"https:\/\/www.somatechnology.com\/spanish\/wp-json\/wp\/v2\/types\/product"}],"wp:featuredmedia":[{"embeddable":true,"href":"https:\/\/www.somatechnology.com\/spanish\/wp-json\/wp\/v2\/media\/11254"}],"wp:attachment":[{"href":"https:\/\/www.somatechnology.com\/spanish\/wp-json\/wp\/v2\/media?parent=4370"}],"wp:term":[{"taxonomy":"pwb-brand","embeddable":true,"href":"https:\/\/www.somatechnology.com\/spanish\/wp-json\/wp\/v2\/pwb-brand?post=4370"},{"taxonomy":"product_brand","embeddable":true,"href":"https:\/\/www.somatechnology.com\/spanish\/wp-json\/wp\/v2\/product_brand?post=4370"},{"taxonomy":"product_cat","embeddable":true,"href":"https:\/\/www.somatechnology.com\/spanish\/wp-json\/wp\/v2\/product_cat?post=4370"},{"taxonomy":"product_tag","embeddable":true,"href":"https:\/\/www.somatechnology.com\/spanish\/wp-json\/wp\/v2\/product_tag?post=4370"}],"curies":[{"name":"wp","href":"https:\/\/api.w.org\/{rel}","templated":true}]}}