{"id":4372,"date":"2016-07-19T21:26:09","date_gmt":"2016-07-19T21:26:09","guid":{"rendered":"http:\/\/equipomedicocentral.com\/wordpress\/product\/mde-escort\/"},"modified":"2025-09-23T13:04:12","modified_gmt":"2025-09-23T17:04:12","slug":"mde-escort","status":"publish","type":"product","link":"https:\/\/www.somatechnology.com\/spanish\/equipo-medico-usado-remanufacturado\/monitores-de-signos-vitales\/monitores-multiparametros\/mde-escort\/","title":{"rendered":"Philips Invivo MDE Escort"},"content":{"rendered":"<h2>Caracter\u00edsticas del Philips Invivo MDE Escort<\/h2>\n<p>El monitor multiparametros Philips Invivo MDE Escort es extremadamente compacto y ligero, port\u00e1til y f\u00e1cil de usar. El Invivo MDE Escort ofrece una soluci\u00f3n de monitoreo simple y rentable para sus necesidades complejas de pacientes. Estas unidades son escalables con signos vitales y formas de onda que se muestran en la pantalla LCD de gran color y un gran par\u00e1metro num\u00e9rico. La combinaci\u00f3n \u00fanica de caracter\u00edsticas fij\u00f3 nuevos est\u00e1ndares para la flexibilidad, el funcionamiento, y el valor. Esta unidad es el equilibrio perfecto de las capacidades de cabecera y del transporte que la hacen una soluci\u00f3n ideal para una amplia gama de las aplicaciones del cuidado paciente.<\/p>\n","protected":false},"excerpt":{"rendered":"<p>El monitor multiparametros Philips Invivo MDE Escort es extremadamente compacto y ligero, port\u00e1til y f\u00e1cil de usar. El Invivo MDE Escort ofrece una soluci\u00f3n de monitoreo simple y rentable para sus necesidades complejas de pacientes. Estas unidades son escalables con signos vitales y formas de onda que se muestran en la pantalla LCD de gran color y un gran par\u00e1metro num\u00e9rico.<\/p>\n","protected":false},"featured_media":11444,"template":"","meta":{"_acf_changed":false,"_relevanssi_hide_post":"","_relevanssi_hide_content":"","_relevanssi_pin_for_all":"","_relevanssi_pin_keywords":"","_relevanssi_unpin_keywords":"","_relevanssi_related_keywords":"","_relevanssi_related_include_ids":"","_relevanssi_related_exclude_ids":"","_relevanssi_related_no_append":"","_relevanssi_related_not_related":"","_relevanssi_related_posts":"","_relevanssi_noindex_reason":"","inline_featured_image":false},"pwb-brand":[1102],"product_brand":[],"product_cat":[50],"product_tag":[4471,3841,4468,4469,4470,3862],"class_list":{"0":"post-4372","1":"product","2":"type-product","3":"status-publish","4":"has-post-thumbnail","6":"pwb-brand-equipo-medico-philips","7":"product_cat-monitores-multiparametros","8":"product_tag-mde-escort","9":"product_tag-monitores-multiparametros-philips","10":"product_tag-monitores-multiparametros-philips-invivo","11":"product_tag-philips-invivo-mde-escort","12":"product_tag-philips-invivo-mde-escort-monitores-multiparametros","13":"product_tag-philips-monitores-multiparametros","15":"first","16":"instock","17":"purchasable","18":"product-type-simple"},"acf":[],"brands":[{"id":1102,"name":"Philips","slug":"equipo-medico-philips"}],"_links":{"self":[{"href":"https:\/\/www.somatechnology.com\/spanish\/wp-json\/wp\/v2\/product\/4372","targetHints":{"allow":["GET"]}}],"collection":[{"href":"https:\/\/www.somatechnology.com\/spanish\/wp-json\/wp\/v2\/product"}],"about":[{"href":"https:\/\/www.somatechnology.com\/spanish\/wp-json\/wp\/v2\/types\/product"}],"wp:featuredmedia":[{"embeddable":true,"href":"https:\/\/www.somatechnology.com\/spanish\/wp-json\/wp\/v2\/media\/11444"}],"wp:attachment":[{"href":"https:\/\/www.somatechnology.com\/spanish\/wp-json\/wp\/v2\/media?parent=4372"}],"wp:term":[{"taxonomy":"pwb-brand","embeddable":true,"href":"https:\/\/www.somatechnology.com\/spanish\/wp-json\/wp\/v2\/pwb-brand?post=4372"},{"taxonomy":"product_brand","embeddable":true,"href":"https:\/\/www.somatechnology.com\/spanish\/wp-json\/wp\/v2\/product_brand?post=4372"},{"taxonomy":"product_cat","embeddable":true,"href":"https:\/\/www.somatechnology.com\/spanish\/wp-json\/wp\/v2\/product_cat?post=4372"},{"taxonomy":"product_tag","embeddable":true,"href":"https:\/\/www.somatechnology.com\/spanish\/wp-json\/wp\/v2\/product_tag?post=4372"}],"curies":[{"name":"wp","href":"https:\/\/api.w.org\/{rel}","templated":true}]}}