{"id":4374,"date":"2016-07-19T21:26:09","date_gmt":"2016-07-19T21:26:09","guid":{"rendered":"http:\/\/equipomedicocentral.com\/wordpress\/product\/invivomde-escort-prism\/"},"modified":"2025-09-23T13:10:14","modified_gmt":"2025-09-23T17:10:14","slug":"invivo-mde-escort-prism","status":"publish","type":"product","link":"https:\/\/www.somatechnology.com\/spanish\/equipo-medico-usado-remanufacturado\/monitores-de-signos-vitales\/monitores-multiparametros\/invivo-mde-escort-prism\/","title":{"rendered":"Invivo MDE Escort Prism"},"content":{"rendered":"<h2>Caracter\u00edsticas Invivo MDE Escort Prism<\/h2>\n<p>El monitor multiparametro port\u00e1til Invivo MDE Escort Prism se tiene una pantalla a color, \u00a0una bater\u00eda y es f\u00e1cilmente transportables para cualquier situaci\u00f3n. Este Escort Prism se es el nuevo estilo de la familia de Escort, con par\u00e1metros incorporados, incluyendo ECG\/RESP, SpO2, NIBP, Temp, as\u00ed como Turbo-Temp y una impresora. La pantalla grande del monitor de color se puede ajustar para la visi\u00f3n \u00f3ptima. Esta unidad est\u00e1 tambi\u00e9n disponible con los transmisores-receptores de 900 megaciclos, modelo 20011V, que debe ser utilizado con el sistema de la estaci\u00f3n central de la visi\u00f3n.<\/p>\n<h2>Especificaciones Invivo MDE Escort Prism<\/h2>\n<h3>ECG<\/h3>\n<ul>\n<li>Rango: 10 a 300 BPM<\/li>\n<li>Exactitud: \u00b1 2% o \u00b1 2 BPM<\/li>\n<li>Velocidad del barrido: 12,5, 25, 50 mm\/sec seleccionable<\/li>\n<li>Alto rango de l\u00edmite de alarma: 50 a 250 BPM en 5 pasos de BPM \u2013 adulto. 60 a 255 BPM en 5 pasos de BPM \u2013 PED\/neo.<\/li>\n<li>Rango de l\u00edmite de alarma bajo: 20 a 150 BPM en 5 pasos de BPM \u2013 adulto. 20 a 150 BPM en 5 pasos de BPM \u2013 PED\/neo.<\/li>\n<li>Ancho de banda: 0,5 a 40 Hz (monitor); 0,05 a 100 Hz (diagn\u00f3stico)<\/li>\n<li>Lead: 3 Lead: I, II, o III seleccionable. 5 Lead, Vector dual: I, II, o III, y V seleccionable<\/li>\n<li>Sensibilidad: 0,25 a 3 mV\/cm seleccionable (12 niveles)<\/li>\n<li>Rechazo del Pacer: 0,1 a 2 milisegundos; 2 a 700 mV<\/li>\n<li>Fuente del ritmo card\u00edaco: ECG, PLETH, IBP<\/li>\n<li>Tolerancia de la desfibrilaci\u00f3n: 400 julios con la impedancia del Lead de la serie 50-Ohm<\/li>\n<li>Conectador: MS est\u00e1ndar de 6 pernos<\/li>\n<li>Aislamiento: aislamiento el\u00e9ctrico completo<\/li>\n<\/ul>\n<h3>Respiraci\u00f3n<\/h3>\n<ul>\n<li>Rango: 4 a 200 BPM<\/li>\n<li>Exactitud: \u00b1 2% o \u00b1 2 BPM<\/li>\n<li>Plomo: RA a la<\/li>\n<li>Sensibilidad: 0,25 a 3 ohm\/cm seleccionable<\/li>\n<li>Alta gama del l\u00edmite de la alarma: 30 a 150, apagado-adulto. 50 a 200, apagado-PED\/neo<\/li>\n<li>Rango de l\u00edmite de alarma bajo: 5 a 50, apagado \u2013 adulto. 5 a 80, apagado-PED\/neo<\/li>\n<li>Alarmas de retardo de apnea: 10, 15, 20, 30, 40 segundos, y apagado \u2013 adulto. 10, 15, 20 segundos, y apagado-PED\/neo<\/li>\n<li>Velocidad de barrido: 1,56, 6,25, 12,5, 25 mm\/seg seleccionable<\/li>\n<li>Fuente de la tarifa respiratoria: EtCO2 o plomos<\/li>\n<li>Rechazo de CVA: rechaza la mayor\u00eda de las coincidencias cardiovasculares.<\/li>\n<\/ul>\n","protected":false},"excerpt":{"rendered":"<p>El monitor multiparametro port\u00e1til Invivo MDE Escort Prism se tiene una pantalla a color, \u00a0una bater\u00eda y es f\u00e1cilmente transportables para cualquier situaci\u00f3n. Este Escort Prism se es el nuevo estilo de la familia de Escort, con par\u00e1metros incorporados, incluyendo ECG\/RESP, SpO2, NIBP, Temp, as\u00ed como Turbo-Temp y una impresora.<\/p>\n","protected":false},"featured_media":22780,"template":"","meta":{"_acf_changed":false,"_relevanssi_hide_post":"","_relevanssi_hide_content":"","_relevanssi_pin_for_all":"","_relevanssi_pin_keywords":"","_relevanssi_unpin_keywords":"","_relevanssi_related_keywords":"","_relevanssi_related_include_ids":"","_relevanssi_related_exclude_ids":"","_relevanssi_related_no_append":"","_relevanssi_related_not_related":"","_relevanssi_related_posts":"","_relevanssi_noindex_reason":"","inline_featured_image":false},"pwb-brand":[1131],"product_brand":[],"product_cat":[50],"product_tag":[7340,890,7339,4472,4473,3614,7333],"class_list":{"0":"post-4374","1":"product","2":"type-product","3":"status-publish","4":"has-post-thumbnail","6":"pwb-brand-monitores-invivo","7":"product_cat-monitores-multiparametros","8":"product_tag-escort-prism","9":"product_tag-invivo","10":"product_tag-mde","11":"product_tag-mde-escort-prism","12":"product_tag-mde-escort-prism-monitores-multiparametros","13":"product_tag-monitores-multiparametros","14":"product_tag-prism","16":"first","17":"instock","18":"purchasable","19":"product-type-simple"},"acf":[],"brands":[{"id":1131,"name":"Invivo","slug":"monitores-invivo"}],"_links":{"self":[{"href":"https:\/\/www.somatechnology.com\/spanish\/wp-json\/wp\/v2\/product\/4374","targetHints":{"allow":["GET"]}}],"collection":[{"href":"https:\/\/www.somatechnology.com\/spanish\/wp-json\/wp\/v2\/product"}],"about":[{"href":"https:\/\/www.somatechnology.com\/spanish\/wp-json\/wp\/v2\/types\/product"}],"wp:featuredmedia":[{"embeddable":true,"href":"https:\/\/www.somatechnology.com\/spanish\/wp-json\/wp\/v2\/media\/22780"}],"wp:attachment":[{"href":"https:\/\/www.somatechnology.com\/spanish\/wp-json\/wp\/v2\/media?parent=4374"}],"wp:term":[{"taxonomy":"pwb-brand","embeddable":true,"href":"https:\/\/www.somatechnology.com\/spanish\/wp-json\/wp\/v2\/pwb-brand?post=4374"},{"taxonomy":"product_brand","embeddable":true,"href":"https:\/\/www.somatechnology.com\/spanish\/wp-json\/wp\/v2\/product_brand?post=4374"},{"taxonomy":"product_cat","embeddable":true,"href":"https:\/\/www.somatechnology.com\/spanish\/wp-json\/wp\/v2\/product_cat?post=4374"},{"taxonomy":"product_tag","embeddable":true,"href":"https:\/\/www.somatechnology.com\/spanish\/wp-json\/wp\/v2\/product_tag?post=4374"}],"curies":[{"name":"wp","href":"https:\/\/api.w.org\/{rel}","templated":true}]}}