{"id":4375,"date":"2016-07-19T21:26:09","date_gmt":"2016-07-19T21:26:09","guid":{"rendered":"http:\/\/equipomedicocentral.com\/wordpress\/product\/welch-allyn-propaq-102el-106el\/"},"modified":"2023-08-23T06:09:24","modified_gmt":"2023-08-23T10:09:24","slug":"welch-allyn-propaq-102el-106el","status":"publish","type":"product","link":"https:\/\/www.somatechnology.com\/spanish\/equipo-medico-usado-remanufacturado\/monitores-de-signos-vitales\/monitores-multiparametros\/welch-allyn-propaq-102el-106el\/","title":{"rendered":"Welch Allyn Propaq 102EL &#038; 106EL"},"content":{"rendered":"<h2>Caracter\u00edsticas\u00a0 del monitor multiparametro Welch Allyn Propaq 102EL &amp; 106EL<\/h2>\n<p>El monitor multiparametro de <strong>Welch Allyn Propaq<\/strong> est\u00e1 dise\u00f1ado espec\u00edficamente para el anestesi\u00f3logo itinerante, sala de emergencias y para el transporte de cuidado cr\u00edtico.<\/p>\n<p>Monitor de signos vitales vers\u00e1til dise\u00f1ado espec\u00edficamente para aplicaciones de cirug\u00eda, cabecera y transporte. Par\u00e1metro configuraciones incluyen ECG, NIBP, BP invasivo, oximetr\u00eda de pulso, respiraci\u00f3n, temperatura y grabadora, pantalla electroluminiscente f\u00e1cil de leer proporciona hasta tres formas de onda. Ligero y port\u00e1til, r\u00e1pido y f\u00e1cil de usar.<\/p>\n<p>Este monitor es la bater\u00eda o el monitor de paciente port\u00e1til AC-powered con una impresora\/grabadora interna. Cuenta con un f\u00e1cil de leer EL display ofrece hasta tres formas de onda. Es ligero, r\u00e1pido, port\u00e1til y f\u00e1cil de usar.<\/p>\n<ul>\n<li>ECG<\/li>\n<li>NIBP<\/li>\n<li>SpO2<\/li>\n<li>PB<\/li>\n<li>Temperatura<\/li>\n<li>Grabadora opcional<\/li>\n<\/ul>\n","protected":false},"excerpt":{"rendered":"<p>Monitores Multiparametros<\/p>\n","protected":false},"featured_media":11479,"template":"","meta":{"_acf_changed":false,"_relevanssi_hide_post":"","_relevanssi_hide_content":"","_relevanssi_pin_for_all":"","_relevanssi_pin_keywords":"","_relevanssi_unpin_keywords":"","_relevanssi_related_keywords":"","_relevanssi_related_include_ids":"","_relevanssi_related_exclude_ids":"","_relevanssi_related_no_append":"","_relevanssi_related_not_related":"","_relevanssi_related_posts":"","_relevanssi_noindex_reason":"","inline_featured_image":false},"pwb-brand":[1101],"product_brand":[],"product_cat":[50],"product_tag":[3614,4495,4494,4498,4496,4497,4499],"class_list":{"0":"post-4375","1":"product","2":"type-product","3":"status-publish","4":"has-post-thumbnail","6":"pwb-brand-equipo-medico-welch-allyn","7":"product_cat-monitores-multiparametros","8":"product_tag-monitores-multiparametros","9":"product_tag-monitores-multiparametros-welch-allyn","10":"product_tag-welch-allyn-monitores-multiparametros","11":"product_tag-welch-allyn-propaq-102-el","12":"product_tag-welch-allyn-propaq-102-el-monitores-multiparametros","13":"product_tag-welch-allyn-propaq-106el","14":"product_tag-welch-allyn-propaq-106el-monitores-multiparametros","16":"first","17":"instock","18":"purchasable","19":"product-type-simple"},"acf":[],"brands":[{"id":1101,"name":"Welch Allyn","slug":"equipo-medico-welch-allyn"}],"_links":{"self":[{"href":"https:\/\/www.somatechnology.com\/spanish\/wp-json\/wp\/v2\/product\/4375","targetHints":{"allow":["GET"]}}],"collection":[{"href":"https:\/\/www.somatechnology.com\/spanish\/wp-json\/wp\/v2\/product"}],"about":[{"href":"https:\/\/www.somatechnology.com\/spanish\/wp-json\/wp\/v2\/types\/product"}],"wp:featuredmedia":[{"embeddable":true,"href":"https:\/\/www.somatechnology.com\/spanish\/wp-json\/wp\/v2\/media\/11479"}],"wp:attachment":[{"href":"https:\/\/www.somatechnology.com\/spanish\/wp-json\/wp\/v2\/media?parent=4375"}],"wp:term":[{"taxonomy":"pwb-brand","embeddable":true,"href":"https:\/\/www.somatechnology.com\/spanish\/wp-json\/wp\/v2\/pwb-brand?post=4375"},{"taxonomy":"product_brand","embeddable":true,"href":"https:\/\/www.somatechnology.com\/spanish\/wp-json\/wp\/v2\/product_brand?post=4375"},{"taxonomy":"product_cat","embeddable":true,"href":"https:\/\/www.somatechnology.com\/spanish\/wp-json\/wp\/v2\/product_cat?post=4375"},{"taxonomy":"product_tag","embeddable":true,"href":"https:\/\/www.somatechnology.com\/spanish\/wp-json\/wp\/v2\/product_tag?post=4375"}],"curies":[{"name":"wp","href":"https:\/\/api.w.org\/{rel}","templated":true}]}}