{"id":4377,"date":"2016-07-19T21:26:09","date_gmt":"2016-07-19T21:26:09","guid":{"rendered":"http:\/\/equipomedicocentral.com\/wordpress\/product\/welch-allyn-propaq-106-104\/"},"modified":"2023-12-22T09:28:24","modified_gmt":"2023-12-22T14:28:24","slug":"welch-allyn-propaq-106-104","status":"publish","type":"product","link":"https:\/\/www.somatechnology.com\/spanish\/equipo-medico-usado-remanufacturado\/monitores-de-signos-vitales\/monitores-multiparametros\/welch-allyn-propaq-106-104\/","title":{"rendered":"Welch Allyn Propaq 106 &#038; 104"},"content":{"rendered":"<h2>Caraster\u00edscas del Welch Allyn Propaq 106 &amp; 104<\/h2>\n<p><strong>Welch Allyn Propaq 106 EL<\/strong> con una brillante pantalla electroluminiscente fue dise\u00f1ado para hospitales, escenarios cl\u00ednicos y para el medio ambiente de la EMS. El protocolo Propaq 106 EL est\u00e1 disponible con las siguientes opciones:<\/p>\n<ul>\n<li>3 gu\u00ede el Cable de ECG<\/li>\n<li>Oximetr\u00eda de pulso<\/li>\n<li>2 temperatura<\/li>\n<li>Presi\u00f3n arterial invasiva 2<\/li>\n<li>Presi\u00f3n arterial no invasiva<\/li>\n<li>Impresora<\/li>\n<li>Fuente de alimentaci\u00f3n<\/li>\n<\/ul>\n","protected":false},"excerpt":{"rendered":"<p>Monitores Multiparametros<\/p>\n","protected":false},"featured_media":11481,"template":"","meta":{"_acf_changed":false,"_relevanssi_hide_post":"","_relevanssi_hide_content":"","_relevanssi_pin_for_all":"","_relevanssi_pin_keywords":"","_relevanssi_unpin_keywords":"","_relevanssi_related_keywords":"","_relevanssi_related_include_ids":"","_relevanssi_related_exclude_ids":"","_relevanssi_related_no_append":"","_relevanssi_related_not_related":"","_relevanssi_related_posts":"","_relevanssi_noindex_reason":"","inline_featured_image":false},"pwb-brand":[1101],"product_brand":[],"product_cat":[129,50],"product_tag":[3614,4500,4494,4505,4503,4504,4502,4501],"class_list":{"0":"post-4377","1":"product","2":"type-product","3":"status-publish","4":"has-post-thumbnail","6":"pwb-brand-equipo-medico-welch-allyn","7":"product_cat-monitores-de-signos-vitales","8":"product_cat-monitores-multiparametros","9":"product_tag-monitores-multiparametros","10":"product_tag-monitores-multiparametros-welch-allyn-monitores-multiparametros","11":"product_tag-welch-allyn-monitores-multiparametros","12":"product_tag-welch-allyn-propac-104","13":"product_tag-welch-allyn-propac-104monitores-multiparametros","14":"product_tag-welch-allyn-propac-106","15":"product_tag-welch-allyn-propac-106-monitores-multiparametros","16":"product_tag-welch-allyn-propaq-monitores-multiparametros","18":"first","19":"instock","20":"purchasable","21":"product-type-simple"},"acf":[],"brands":[{"id":1101,"name":"Welch Allyn","slug":"equipo-medico-welch-allyn"}],"_links":{"self":[{"href":"https:\/\/www.somatechnology.com\/spanish\/wp-json\/wp\/v2\/product\/4377","targetHints":{"allow":["GET"]}}],"collection":[{"href":"https:\/\/www.somatechnology.com\/spanish\/wp-json\/wp\/v2\/product"}],"about":[{"href":"https:\/\/www.somatechnology.com\/spanish\/wp-json\/wp\/v2\/types\/product"}],"wp:featuredmedia":[{"embeddable":true,"href":"https:\/\/www.somatechnology.com\/spanish\/wp-json\/wp\/v2\/media\/11481"}],"wp:attachment":[{"href":"https:\/\/www.somatechnology.com\/spanish\/wp-json\/wp\/v2\/media?parent=4377"}],"wp:term":[{"taxonomy":"pwb-brand","embeddable":true,"href":"https:\/\/www.somatechnology.com\/spanish\/wp-json\/wp\/v2\/pwb-brand?post=4377"},{"taxonomy":"product_brand","embeddable":true,"href":"https:\/\/www.somatechnology.com\/spanish\/wp-json\/wp\/v2\/product_brand?post=4377"},{"taxonomy":"product_cat","embeddable":true,"href":"https:\/\/www.somatechnology.com\/spanish\/wp-json\/wp\/v2\/product_cat?post=4377"},{"taxonomy":"product_tag","embeddable":true,"href":"https:\/\/www.somatechnology.com\/spanish\/wp-json\/wp\/v2\/product_tag?post=4377"}],"curies":[{"name":"wp","href":"https:\/\/api.w.org\/{rel}","templated":true}]}}