{"id":4378,"date":"2016-07-19T21:26:09","date_gmt":"2016-07-19T21:26:09","guid":{"rendered":"http:\/\/equipomedicocentral.com\/wordpress\/product\/ge-solar-9500\/"},"modified":"2023-08-23T06:09:26","modified_gmt":"2023-08-23T10:09:26","slug":"ge-solar-9500","status":"publish","type":"product","link":"https:\/\/www.somatechnology.com\/spanish\/equipo-medico-usado-remanufacturado\/monitores-de-signos-vitales\/monitores-multiparametros\/ge-solar-9500\/","title":{"rendered":"GE Solar 9500"},"content":{"rendered":"<h2>Caracter\u00edsticas del\u00a0GE Solar 9500<\/h2>\n<p>El monitor del paciente GE Solar \u00ae 9500 proporciona la supervisi\u00f3n de los signos vitales y la gerencia de informaci\u00f3n en cuidado cr\u00edtico y anestesia. El sistema proporciona ocho soportes de presi\u00f3n sangu\u00ednea invasivos y la capacidad de mostrar 30 formas de onda a trav\u00e9s de su tarjeta gr\u00e1fica de 32 bits. Solar 9500 puede interactuar con decenas de otros dispositivos y puede conectarse a la red de informaci\u00f3n del hospital a trav\u00e9s de un navegador web. La red inal\u00e1mbrica est\u00e1 disponible para los casos en los que la tradicional Ethernet con cable duro no es pr\u00e1ctica. Los algoritmos de correcci\u00f3n de temperatura aseguran salidas card\u00edacas precisas durante los tiempos de fluctuaci\u00f3n de temperatura. Un programa de configuraci\u00f3n permite a los usuarios personalizar el dise\u00f1o de la pantalla en la pantalla t\u00e1ctil sensible a la presi\u00f3n del sistema seg\u00fan sus necesidades y preferencias.<\/p>\n<h3>Especificaciones de la pantalla:<\/h3>\n<ul>\n<li>Tipo: trama de alta definici\u00f3n o TFT Active Matrix color LCD<\/li>\n<li>Color: color de la profundidad 16-bit<\/li>\n<li>Resoluci\u00f3n: 1024 horizontal x 768 vertical<\/li>\n<li>Frecuencia vertical: 70 Hz sin desplazamiento (barra de borrado), 60 Hz desplazamiento<\/li>\n<li>Frecuencia horizontal: 57 kHz (m\u00ednimo)<\/li>\n<li>Ancho de banda de v\u00eddeo: 110 MHz (m\u00ednimo) linealidad 1,5% de altura vertical m\u00e1x.x<\/li>\n<\/ul>\n<h3>Especificaciones medioambientales:<\/h3>\n<ul>\n<li>Requisitos de energ\u00eda: 110-120 (\u00b1 10%), 50\/60-Hz 220-240 (\u00b1 10%), 50\/60-Hz<\/li>\n<li>Consumo de energ\u00eda: 200 vatios (incluye solar 9500, tranv\u00eda-RAC y tranv\u00eda)<\/li>\n<li>Termal: disipaci\u00f3n 683 BTU\/HR<\/li>\n<li>UPS interna de 10 vatios-hora: la bater\u00eda proporciona energ\u00eda de reserva de 12 segundos para la parada limpia del disco<\/li>\n<li>Enfriamiento: aire forzado<\/li>\n<\/ul>\n<h3>Caracter\u00edsticas y Opciones de Solar 9500<\/h3>\n<ul>\n<li>Interfaz del usuario: pantalla t\u00e1ctil de la sierra (sistema elegante de los sistemas del tacto de Elo compatible)<\/li>\n<li>Presentaci\u00f3n de forma de onda: sin desplazamiento (barra de borrado) o desplazamiento<\/li>\n<li>N\u00famero de formas de onda: 30 formas de onda<\/li>\n<li>N\u00famero de par\u00e1metros: 30 ventanas de par\u00e1metro<\/li>\n<li>Velocidades de barrido: 1, 5, 10, 15, 25, 35, 50 mm\/seg<\/li>\n<li>Segundos por forma de onda: m\u00e1ximo de 12 segundos a 25 mm\/seg (basado en la configuraci\u00f3n de la pantalla)<\/li>\n<li>Escalas de onda de presi\u00f3n: completas, individuales o gratuitas<\/li>\n<li>Opciones del software: An\u00e1lisis de 12SL ECG, personalizaci\u00f3n de la exhibici\u00f3n del usuario, hojeador, datos de par\u00e1metro seriales sondeados, revisi\u00f3n de forma de onda de la arritmia<\/li>\n<\/ul>\n<p>&nbsp;<\/p>\n","protected":false},"excerpt":{"rendered":"<p>Monitor Multiparametro<\/p>\n","protected":false},"featured_media":11402,"template":"","meta":{"_acf_changed":false,"_relevanssi_hide_post":"","_relevanssi_hide_content":"","_relevanssi_pin_for_all":"","_relevanssi_pin_keywords":"","_relevanssi_unpin_keywords":"","_relevanssi_related_keywords":"","_relevanssi_related_include_ids":"","_relevanssi_related_exclude_ids":"","_relevanssi_related_no_append":"","_relevanssi_related_not_related":"","_relevanssi_related_posts":"","_relevanssi_noindex_reason":"","inline_featured_image":false},"pwb-brand":[1100],"product_brand":[],"product_cat":[50],"product_tag":[3784,3715,3783,3767,3614],"class_list":{"0":"post-4378","1":"product","2":"type-product","3":"status-publish","4":"has-post-thumbnail","6":"pwb-brand-equipo-medico-ge","7":"product_cat-monitores-multiparametros","8":"product_tag-9500-monitores-multiparametros-ge","9":"product_tag-ge-monitores-multiparametros","10":"product_tag-ge-solar-9500","11":"product_tag-ge-solar-monitores-multiparametros","12":"product_tag-monitores-multiparametros","14":"first","15":"instock","16":"purchasable","17":"product-type-simple"},"acf":[],"brands":[{"id":1100,"name":"GE","slug":"equipo-medico-ge"}],"_links":{"self":[{"href":"https:\/\/www.somatechnology.com\/spanish\/wp-json\/wp\/v2\/product\/4378","targetHints":{"allow":["GET"]}}],"collection":[{"href":"https:\/\/www.somatechnology.com\/spanish\/wp-json\/wp\/v2\/product"}],"about":[{"href":"https:\/\/www.somatechnology.com\/spanish\/wp-json\/wp\/v2\/types\/product"}],"wp:featuredmedia":[{"embeddable":true,"href":"https:\/\/www.somatechnology.com\/spanish\/wp-json\/wp\/v2\/media\/11402"}],"wp:attachment":[{"href":"https:\/\/www.somatechnology.com\/spanish\/wp-json\/wp\/v2\/media?parent=4378"}],"wp:term":[{"taxonomy":"pwb-brand","embeddable":true,"href":"https:\/\/www.somatechnology.com\/spanish\/wp-json\/wp\/v2\/pwb-brand?post=4378"},{"taxonomy":"product_brand","embeddable":true,"href":"https:\/\/www.somatechnology.com\/spanish\/wp-json\/wp\/v2\/product_brand?post=4378"},{"taxonomy":"product_cat","embeddable":true,"href":"https:\/\/www.somatechnology.com\/spanish\/wp-json\/wp\/v2\/product_cat?post=4378"},{"taxonomy":"product_tag","embeddable":true,"href":"https:\/\/www.somatechnology.com\/spanish\/wp-json\/wp\/v2\/product_tag?post=4378"}],"curies":[{"name":"wp","href":"https:\/\/api.w.org\/{rel}","templated":true}]}}