{"id":4389,"date":"2016-07-19T21:26:55","date_gmt":"2016-07-19T21:26:55","guid":{"rendered":"http:\/\/equipomedicocentral.com\/wordpress\/product\/respironics-bipap-vision\/"},"modified":"2025-06-25T16:38:44","modified_gmt":"2025-06-25T20:38:44","slug":"philips-respironics-bipap-vision","status":"publish","type":"product","link":"https:\/\/www.somatechnology.com\/spanish\/equipo-medico-usado-remanufacturado\/bipap\/philips-respironics-bipap-vision\/","title":{"rendered":"Philips Respironics BiPAP Vision"},"content":{"rendered":"<h2>CARACTER\u00cdSTICAS DE PHILIPS RESPIRONICS BIPAP VISION<\/h2>\n<p>El <strong>BiPAP Vision de Philips Respironics<\/strong> ofrece ventilaci\u00f3n no invasiva a los pacientes. El BiPAP Vision fue dise\u00f1ado espec\u00edficamente pensando en los hospitales, con VNI, cambios en las fugas, patrones respiratorios din\u00e1micos, alta FlO2 y demanda de flujo, todo incluido en un sistema. El sistema puede ser utilizado para la terapia sub-aguda y puede eliminar la necesidad de intubaci\u00f3n. Con la sensibilidad de Auto-Trak, la m\u00e1quina puede adaptarse en casos de fugas en la respiraci\u00f3n o incluso en el circuito. Permite que los disparos autoadaptativos ayuden a reducir el trabajo que se necesita para que el paciente respire en determinadas situaciones y puede reducir la necesidad de realizar ajustes manuales. El sistema de ventilaci\u00f3n tiene una pantalla integrada m\u00e1s grande que facilita la visualizaci\u00f3n de las distintas mediciones que se est\u00e1n monitorizando.<\/p>\n<ul>\n<li>La sensibilidad digital Auto-Trak se adapta autom\u00e1ticamente a las fugas cambiantes respiraci\u00f3n a respiraci\u00f3n, lo que permite ajustar la mascarilla del paciente en funci\u00f3n de su comodidad y no de un sellado perfecto.<\/li>\n<li>La pantalla integrada muestra gr\u00e1ficos en tiempo real en forma de onda o en formato de escala de barras para ayudar a la gesti\u00f3n del ventilador.<\/li>\n<li>Los modos CPAP y S\/T est\u00e1n disponibles para mantener la permeabilidad de las v\u00edas respiratorias y proporcionar ventilaci\u00f3n con presi\u00f3n de soporte.<\/li>\n<li>El control de ox\u00edgeno permite concentraciones del 21 al 100% sin necesidad de conectar ox\u00edgeno auxiliar a la m\u00e1scara<\/li>\n<li>La regulaci\u00f3n de la presi\u00f3n en la m\u00e1scara garantiza una terapia precisa para el paciente.<\/li>\n<li>El m\u00f3dulo de alarma proporciona una gama completa de alarmas que est\u00e1n dise\u00f1adas teniendo en cuenta la ventilaci\u00f3n de la mascarilla, minimizando las alarmas molestas causadas por la fuga de la mascarilla.<\/li>\n<\/ul>\n<p>La pantalla integrada muestra gr\u00e1ficos en tiempo real f\u00e1ciles de leer en formato de forma de onda o de escala de barras, proporcionando los siguientes valores num\u00e9ricos medidos y calculados para ayudar a la gesti\u00f3n del ventilador:<\/p>\n<ul>\n<li>IPAP<\/li>\n<li>Frecuencia Respiratoria Total<\/li>\n<li>Ventilaci\u00f3n Minuto Exhalada<\/li>\n<li>Respiraciones Activadas por el Paciente<\/li>\n<li>Volumen Tidal Exhalado<\/li>\n<li>EPAP<\/li>\n<li>Ti\/Tot<\/li>\n<li>Presi\u00f3n Inspiratoria M\u00e1xima<\/li>\n<li>Fuga del Paciente o Total<\/li>\n<li>Pantalla de Visualizaci\u00f3n Integrada<\/li>\n<li>Control de Ox\u00edgeno hasta el 100%<\/li>\n<li>Regulaci\u00f3n de la Presi\u00f3n en la Mascarilla<\/li>\n<li>BiPAP<\/li>\n<li>Sensibilidad Auto-Trak<\/li>\n<li>M\u00f3dulo de Alarma<\/li>\n<\/ul>\n","protected":false},"excerpt":{"rendered":"<p>El BiPAP Vision de Philips Respironics ofrece ventilaci\u00f3n no invasiva a los pacientes. El BiPAP Vision fue dise\u00f1ado espec\u00edficamente pensando en los hospitales, con VNI, cambios en las fugas, patrones respiratorios din\u00e1micos, alta FlO2 y demanda de flujo, todo incluido en un sistema. El sistema puede ser utilizado para la terapia sub-aguda y puede eliminar la necesidad de intubaci\u00f3n. Con la sensibilidad de Auto-Trak, la m\u00e1quina puede adaptarse en casos de fugas en la respiraci\u00f3n o incluso en el circuito. Permite que los disparos autoadaptativos ayuden a reducir el trabajo que se necesita para que el paciente respire en determinadas situaciones y puede reducir la necesidad de realizar ajustes manuales. El sistema de ventilaci\u00f3n tiene una pantalla integrada m\u00e1s grande que facilita la visualizaci\u00f3n de las distintas mediciones que se est\u00e1n monitorizando.<\/p>\n","protected":false},"featured_media":21942,"template":"","meta":{"_acf_changed":false,"_relevanssi_hide_post":"","_relevanssi_hide_content":"","_relevanssi_pin_for_all":"","_relevanssi_pin_keywords":"","_relevanssi_unpin_keywords":"","_relevanssi_related_keywords":"","_relevanssi_related_include_ids":"","_relevanssi_related_exclude_ids":"","_relevanssi_related_no_append":"","_relevanssi_related_not_related":"","_relevanssi_related_posts":"","_relevanssi_noindex_reason":"","inline_featured_image":false},"pwb-brand":[1102],"product_brand":[],"product_cat":[88,51],"product_tag":[1546,273,1548,1547,1529,1530,1549,1537,1032,1469,1028,6885,552],"class_list":{"0":"post-4389","1":"product","2":"type-product","3":"status-publish","4":"has-post-thumbnail","6":"pwb-brand-equipo-medico-philips","7":"product_cat-bipap","8":"product_cat-ventiladores","9":"product_tag-bipap","10":"product_tag-philips","11":"product_tag-philips-bipap","12":"product_tag-philips-bipap-vision","13":"product_tag-philips-respironics","14":"product_tag-respironics","15":"product_tag-respironics-bipap-vision","16":"product_tag-respironics-philips","17":"product_tag-ventilador","18":"product_tag-ventiladore","19":"product_tag-ventiladores","20":"product_tag-ventiladores-philips","21":"product_tag-vision","23":"first","24":"instock","25":"purchasable","26":"product-type-simple"},"acf":[],"brands":[{"id":1102,"name":"Philips","slug":"equipo-medico-philips"}],"_links":{"self":[{"href":"https:\/\/www.somatechnology.com\/spanish\/wp-json\/wp\/v2\/product\/4389","targetHints":{"allow":["GET"]}}],"collection":[{"href":"https:\/\/www.somatechnology.com\/spanish\/wp-json\/wp\/v2\/product"}],"about":[{"href":"https:\/\/www.somatechnology.com\/spanish\/wp-json\/wp\/v2\/types\/product"}],"wp:featuredmedia":[{"embeddable":true,"href":"https:\/\/www.somatechnology.com\/spanish\/wp-json\/wp\/v2\/media\/21942"}],"wp:attachment":[{"href":"https:\/\/www.somatechnology.com\/spanish\/wp-json\/wp\/v2\/media?parent=4389"}],"wp:term":[{"taxonomy":"pwb-brand","embeddable":true,"href":"https:\/\/www.somatechnology.com\/spanish\/wp-json\/wp\/v2\/pwb-brand?post=4389"},{"taxonomy":"product_brand","embeddable":true,"href":"https:\/\/www.somatechnology.com\/spanish\/wp-json\/wp\/v2\/product_brand?post=4389"},{"taxonomy":"product_cat","embeddable":true,"href":"https:\/\/www.somatechnology.com\/spanish\/wp-json\/wp\/v2\/product_cat?post=4389"},{"taxonomy":"product_tag","embeddable":true,"href":"https:\/\/www.somatechnology.com\/spanish\/wp-json\/wp\/v2\/product_tag?post=4389"}],"curies":[{"name":"wp","href":"https:\/\/api.w.org\/{rel}","templated":true}]}}