{"id":4391,"date":"2016-07-19T21:26:55","date_gmt":"2016-07-19T21:26:55","guid":{"rendered":"http:\/\/equipomedicocentral.com\/wordpress\/product\/spacelabs-90385-ucw\/"},"modified":"2023-08-23T06:09:31","modified_gmt":"2023-08-23T10:09:31","slug":"spacelabs-90385-ucw","status":"publish","type":"product","link":"https:\/\/www.somatechnology.com\/spanish\/equipo-medico-usado-remanufacturado\/monitores-de-signos-vitales\/monitores-multiparametros\/spacelabs-90385-ucw\/","title":{"rendered":"Spacelabs 90385 UCW"},"content":{"rendered":"<h2>Caracter\u00edsticas Spacelabs 90385 UCW<\/h2>\n<ul>\n<li>Monitor a Color, pantalla t\u00e1ctil<\/li>\n<li>ECG<\/li>\n<li>NIBP<\/li>\n<li>SpO2<\/li>\n<li>IBP<\/li>\n<li>Temperatura<\/li>\n<\/ul>\n<h2>Spacelabs 90385 UCW Especificaciones<\/h2>\n<h3>Control de pantalla t\u00e1ctil:<\/h3>\n<ul>\n<li>Con la excepci\u00f3n de la energ\u00eda (ON\/OFF), todos los controles est\u00e1n en las teclas de toque de la pantalla; el tacto es sentido por los dispositivos \u00f3pticos infrarrojos<\/li>\n<\/ul>\n<h3>Capacidad de forma de onda:<\/h3>\n<ul>\n<li>Cabecera \u2013 4, 5, 6, 7 u 8 formas de onda. Central: 4, 5, 6, 7, 8, 12 o 16 formas de onda<\/li>\n<\/ul>\n<h3>Capacidad de M\u00f3dulos:<\/h3>\n<ul>\n<li>Hasta 12 m\u00f3dulos PCMS con 6 carcasas de m\u00f3dulo remoto<\/li>\n<\/ul>\n<h3>Capacidad de Par\u00e1metros:<\/h3>\n<ul>\n<li>Hasta 3 veces el n\u00famero de formas de onda compradas (m\u00e1ximo de 24 par\u00e1metros)<\/li>\n<\/ul>\n<h3>Tendencias:<\/h3>\n<ul>\n<li>24 horas de datos de tendencia se pueden exhibir gr\u00e1ficamente en segmentos 1, 2, 6, 12 o 24-horas; los datos se almacenan en la resoluci\u00f3n de un minuto<\/li>\n<\/ul>\n<h3>Visi\u00f3n alejada\/reloj de la alarma:<\/h3>\n<ul>\n<li>Proporciona una visualizaci\u00f3n de la forma de onda de un paciente remoto de cabecera o telemetr\u00eda en la red PCIS a petici\u00f3n, o en caso de una alarma de hasta 32 camas seleccionadas; un canal de la cabecera o de la telemetr\u00eda de UCW se puede ver remotamente por hasta 16 dispositivos de red simult\u00e1neamente.<\/li>\n<\/ul>\n<h3>Monitor:<\/h3>\n<ul>\n<li>\u00c1rea: 8,4 \u2033 (21,3 cm) de alto \u00d7 11,2 \u2033 (28. cm) de ancho; Resoluci\u00f3n: 1024 x 768 pixeles. Altura de traza: 2 \u2033 (5 cm)<\/li>\n<\/ul>\n<h3>Dimensiones f\u00edsicas:<\/h3>\n<ul>\n<li>14 \u2033 alto \u00d7 18,3 \u2033 Deep \u00d7 14,6 \u2033 ancho (35,5 \u00d7 46,4 \u00d7 37 cm); Peso: 35,8 lbs (16,3 kg)<\/li>\n<\/ul>\n<p>&nbsp;<\/p>\n","protected":false},"excerpt":{"rendered":"<p>Monitor Multiparametro<\/p>\n","protected":false},"featured_media":11471,"template":"","meta":{"_acf_changed":false,"_relevanssi_hide_post":"","_relevanssi_hide_content":"","_relevanssi_pin_for_all":"","_relevanssi_pin_keywords":"","_relevanssi_unpin_keywords":"","_relevanssi_related_keywords":"","_relevanssi_related_include_ids":"","_relevanssi_related_exclude_ids":"","_relevanssi_related_no_append":"","_relevanssi_related_not_related":"","_relevanssi_related_posts":"","_relevanssi_noindex_reason":"","inline_featured_image":false},"pwb-brand":[1137],"product_brand":[],"product_cat":[50],"product_tag":[3614,4478,4487,4486,4479],"class_list":{"0":"post-4391","1":"product","2":"type-product","3":"status-publish","4":"has-post-thumbnail","6":"pwb-brand-equipo-medico-spacelabs","7":"product_cat-monitores-multiparametros","8":"product_tag-monitores-multiparametros","9":"product_tag-monitores-multiparametros-spacelabs","10":"product_tag-spacelabs-90385-ucw","11":"product_tag-spacelabs-90385-ucw-monitores-multiparametros","12":"product_tag-spacelabs-monitores-multiparametros","14":"first","15":"instock","16":"purchasable","17":"product-type-simple"},"acf":[],"brands":[{"id":1137,"name":"Spacelabs","slug":"equipo-medico-spacelabs"}],"_links":{"self":[{"href":"https:\/\/www.somatechnology.com\/spanish\/wp-json\/wp\/v2\/product\/4391","targetHints":{"allow":["GET"]}}],"collection":[{"href":"https:\/\/www.somatechnology.com\/spanish\/wp-json\/wp\/v2\/product"}],"about":[{"href":"https:\/\/www.somatechnology.com\/spanish\/wp-json\/wp\/v2\/types\/product"}],"wp:featuredmedia":[{"embeddable":true,"href":"https:\/\/www.somatechnology.com\/spanish\/wp-json\/wp\/v2\/media\/11471"}],"wp:attachment":[{"href":"https:\/\/www.somatechnology.com\/spanish\/wp-json\/wp\/v2\/media?parent=4391"}],"wp:term":[{"taxonomy":"pwb-brand","embeddable":true,"href":"https:\/\/www.somatechnology.com\/spanish\/wp-json\/wp\/v2\/pwb-brand?post=4391"},{"taxonomy":"product_brand","embeddable":true,"href":"https:\/\/www.somatechnology.com\/spanish\/wp-json\/wp\/v2\/product_brand?post=4391"},{"taxonomy":"product_cat","embeddable":true,"href":"https:\/\/www.somatechnology.com\/spanish\/wp-json\/wp\/v2\/product_cat?post=4391"},{"taxonomy":"product_tag","embeddable":true,"href":"https:\/\/www.somatechnology.com\/spanish\/wp-json\/wp\/v2\/product_tag?post=4391"}],"curies":[{"name":"wp","href":"https:\/\/api.w.org\/{rel}","templated":true}]}}