{"id":4392,"date":"2016-07-19T21:26:55","date_gmt":"2016-07-19T21:26:55","guid":{"rendered":"http:\/\/equipomedicocentral.com\/wordpress\/product\/spacelabs-ultraview-1030\/"},"modified":"2023-08-23T06:09:32","modified_gmt":"2023-08-23T10:09:32","slug":"spacelabs-ultraview-1030","status":"publish","type":"product","link":"https:\/\/www.somatechnology.com\/spanish\/equipo-medico-usado-remanufacturado\/monitores-de-signos-vitales\/monitores-multiparametros\/spacelabs-ultraview-1030\/","title":{"rendered":"Spacelabs Ultraview 1030"},"content":{"rendered":"<h2>Caracter\u00edsticas Spacelabs Ultraview 1030<\/h2>\n<p>Al combinar las caracter\u00edsticas avanzadas de los monitores fijos con el dise\u00f1o ligero, compacto y la portabilidad de un monitor de transporte, Spacelabs ha creado un monitor potente pero flexible. El 10,4 \u2033 (26,4 cm) LCD monocrom\u00e1tico de 1030 muestra 4 a 6 formas de onda y es f\u00e1cilmente visible en un completo 140 grados. El sistema avanzado de administraci\u00f3n de bater\u00edas maximiza su capacidad de transporte e ilustra el estado actual del nivel de energ\u00eda. Al igual que con todos los productos de la red de atenci\u00f3n m\u00e9dica UltraView Spacelabs, la amigable pantalla t\u00e1ctil y la estructura de men\u00fa consistente reducir el tiempo de entrenamiento y eliminar \u00abreaprendizaje\u00bb cuando se mueve de un monitor a la siguiente.<\/p>\n<ul>\n<li>Ligero, compacto, altamente portable<\/li>\n<li>Comparte los mismos controles de pantalla t\u00e1ctil que la otra red de cuidado UltraView y PCMS monitores de niveles apropiados<\/li>\n<li>Compatible con la l\u00ednea completa de la red de cuidado UltraView y m\u00f3dulos PCMS<\/li>\n<li>Grande, 10,4-puldagas (26,42 cm), exhibici\u00f3n de color de TFT con el \u00e1ngulo de visi\u00f3n 140 \u00b0<\/li>\n<li>La opci\u00f3n Data Shuttle \u00ae permite transferir hasta 24 horas de datos de los pacientes a otros<\/li>\n<li>SuperView Care Network y monitores PCMS<\/li>\n<li>El sistema avanzado de la gerencia de energ\u00eda maximiza funcionamiento de la bater\u00eda durante transporte; incluye bater\u00eda de combustible calibre<\/li>\n<li>Comunicaci\u00f3n interactiva opcional de Ethernet de la cama-a-cama<\/li>\n<li>Conexi\u00f3n Ethernet 10BaseT QuickNet instant\u00e1nea<\/li>\n<\/ul>\n<h2>Especificaciones Spacelabs Ultraview 1030<\/h2>\n<ul>\n<li>Pantalla t\u00e1ctil \u2014 con la excepci\u00f3n de energ\u00eda (encendido\/apagado), todos los controles son teclas t\u00e1ctiles en la pantalla; el tacto es sentido por los dispositivos \u00f3pticos infrarrojos; los controles opcionales incluyen mouse y teclado<\/li>\n<li>Capacidad de forma de onda: cuatro, cinco o seis formas de onda<\/li>\n<li>Capacidad del m\u00f3dulo: 90369 acepta un m\u00f3dulo UltraView o PCMS internamente y soportar\u00e1 hasta dos m\u00f3dulos adicionales utilizando la carcasa del m\u00f3dulo 90499<\/li>\n<li>Capacidad de par\u00e1metros: 18 par\u00e1metros que utilizan m\u00f3dulos UltraView y PCMS, as\u00ed como interfaces FlexPort \u00ae<\/li>\n<li>Tendencias: se pueden visualizar 24 horas de datos de tendencia<\/li>\n<li>Gr\u00e1fico: segmentos de 1, 2, 6, 12 o 24 horas; los datos se almacenan en resoluciones de 1 minuto (el segmento de 6 horas es el predeterminado)<\/li>\n<li>Tabular: incrementos de tiempo de 1, 5, 10, 15 o 30 minutos; 1, 1,5 o 3 horas (1 hora es el defecto)<\/li>\n<li>Vista remota\/reloj de alarma \u2014 cuando est\u00e1 equipado con la opci\u00f3n Ethernet, 1050 proporciona una visualizaci\u00f3n de forma de onda de un paciente remoto de cabecera o telemetr\u00eda en la red UltraView, ya sea a petici\u00f3n (vista remota) y\/o en respuesta a una alarma (reloj de alarma); 1050 proporciona una exhibici\u00f3n de forma de onda de hasta 32 camas seleccionadas; un monitor de cabecera UltraView puede ser visualizado remotamente por hasta 16 dispositivos de red simult\u00e1neamente (por ejemplo, monitores, estaciones de trabajo)<\/li>\n<\/ul>\n<h3>Especificaciones el\u00e9ctricas<\/h3>\n<ul>\n<li>Energ\u00eda de la ca\u00f1er\u00eda-l\u00ednea voltaje: 100-240 VAC; Frecuencia: 50-60 Hz<\/li>\n<li>Se apoyan las bater\u00edas \u2014 tanto de \u00e1cido de plomo sellado (SLA) como de hidruro met\u00e1lico de n\u00edquel (Spacelabs) m\u00e9dico (NiMH). Se pueden utilizar bater\u00edas de una o 2 12 V (2,30 ah SLA o 2,45 ah NiMH), proporcionando hasta 2,0 horas de funcionamiento (exhibici\u00f3n de TFT) para hasta 300 ciclos de la carga\/de la descarga con SLA y hasta 2,5 horas de operaci\u00f3n (exhibici\u00f3n de TFT) para hasta 600 ciclos de la carga\/de la descarga con NiMH; el tiempo de funcionamiento depende de la configuraci\u00f3n y el uso; se requieren 1,5 horas para cargar las bater\u00edas al 100% de la capacidad con la CA conectada al panel trasero y al interruptor de la red en la posici\u00f3n de apagado, tiempo de carga de 3 horas requerido con el interruptor de la red en la posici\u00f3n de on<\/li>\n<li>Backup de fallo de alimentaci\u00f3n: mantendr\u00e1 los datos del paciente durante un m\u00ednimo de tres minutos<\/li>\n<li>Aislamiento-la corriente de la salida del chasis no mayor que 300 \u00ecA (resuelve AAMI, UL2601-1, CSA #601 .1 y est\u00e1ndares del IEC 601-1)<\/li>\n<\/ul>\n<h3>Dimensiones F\u00edsicas<\/h3>\n<ul>\n<li>Altura: 8,3 in (21,1 cm)<\/li>\n<li>Profundidad: 6,2 in (15,8 cm)<\/li>\n<li>Anchura: 11,7 in (29,7 cm)<\/li>\n<li>Peso: 10,0 IBS (4,6 kilogramos)<\/li>\n<\/ul>\n<p>&nbsp;<\/p>\n","protected":false},"excerpt":{"rendered":"<p>Monitor Multiparametro<\/p>\n","protected":false},"featured_media":11473,"template":"","meta":{"_acf_changed":false,"_relevanssi_hide_post":"","_relevanssi_hide_content":"","_relevanssi_pin_for_all":"","_relevanssi_pin_keywords":"","_relevanssi_unpin_keywords":"","_relevanssi_related_keywords":"","_relevanssi_related_include_ids":"","_relevanssi_related_exclude_ids":"","_relevanssi_related_no_append":"","_relevanssi_related_not_related":"","_relevanssi_related_posts":"","_relevanssi_noindex_reason":"","inline_featured_image":false},"pwb-brand":[1137],"product_brand":[],"product_cat":[50],"product_tag":[3614,4478,4479,4488,4489],"class_list":{"0":"post-4392","1":"product","2":"type-product","3":"status-publish","4":"has-post-thumbnail","6":"pwb-brand-equipo-medico-spacelabs","7":"product_cat-monitores-multiparametros","8":"product_tag-monitores-multiparametros","9":"product_tag-monitores-multiparametros-spacelabs","10":"product_tag-spacelabs-monitores-multiparametros","11":"product_tag-spacelabs-ultraview-1030","12":"product_tag-spacelabs-ultraview-1030-monitores-multiparametros","14":"first","15":"instock","16":"purchasable","17":"product-type-simple"},"acf":[],"brands":[{"id":1137,"name":"Spacelabs","slug":"equipo-medico-spacelabs"}],"_links":{"self":[{"href":"https:\/\/www.somatechnology.com\/spanish\/wp-json\/wp\/v2\/product\/4392","targetHints":{"allow":["GET"]}}],"collection":[{"href":"https:\/\/www.somatechnology.com\/spanish\/wp-json\/wp\/v2\/product"}],"about":[{"href":"https:\/\/www.somatechnology.com\/spanish\/wp-json\/wp\/v2\/types\/product"}],"wp:featuredmedia":[{"embeddable":true,"href":"https:\/\/www.somatechnology.com\/spanish\/wp-json\/wp\/v2\/media\/11473"}],"wp:attachment":[{"href":"https:\/\/www.somatechnology.com\/spanish\/wp-json\/wp\/v2\/media?parent=4392"}],"wp:term":[{"taxonomy":"pwb-brand","embeddable":true,"href":"https:\/\/www.somatechnology.com\/spanish\/wp-json\/wp\/v2\/pwb-brand?post=4392"},{"taxonomy":"product_brand","embeddable":true,"href":"https:\/\/www.somatechnology.com\/spanish\/wp-json\/wp\/v2\/product_brand?post=4392"},{"taxonomy":"product_cat","embeddable":true,"href":"https:\/\/www.somatechnology.com\/spanish\/wp-json\/wp\/v2\/product_cat?post=4392"},{"taxonomy":"product_tag","embeddable":true,"href":"https:\/\/www.somatechnology.com\/spanish\/wp-json\/wp\/v2\/product_tag?post=4392"}],"curies":[{"name":"wp","href":"https:\/\/api.w.org\/{rel}","templated":true}]}}