{"id":4396,"date":"2016-07-19T21:26:55","date_gmt":"2016-07-19T21:26:55","guid":{"rendered":"http:\/\/equipomedicocentral.com\/wordpress\/product\/spacelabs-90308\/"},"modified":"2023-08-23T06:09:37","modified_gmt":"2023-08-23T10:09:37","slug":"spacelabs-90308","status":"publish","type":"product","link":"https:\/\/www.somatechnology.com\/spanish\/equipo-medico-usado-remanufacturado\/monitores-de-signos-vitales\/monitores-multiparametros\/spacelabs-90308\/","title":{"rendered":"Spacelabs 90308"},"content":{"rendered":"<h2>Caracter\u00edsticas del <em>Monitor Multiparametro<\/em> <em>Spacelabs 90308<\/em><\/h2>\n<ul>\n<li>PC Express con ECG, NIBP y SpO2<\/li>\n<li>EKG, NIBP, SpO2, presi\u00f3n arterial, temperatura, registrador y pantalla t\u00e1ctil<\/li>\n<li>ECG, frecuencia respiratoria, presi\u00f3n arterial, temperatura, NIBP o SpO2<\/li>\n<\/ul>\n<h2>Especificaciones de Spacelabs 90308<\/h2>\n<h3>\u00a0Informaci\u00f3n F\u00edsica<\/h3>\n<ul>\n<li>Altura: 10,3 \u00ab(26,2 cm). Profundidad: 10,1 \u00ab(25,7 cm). Peso: 13,5 lbs (6,1 kg))<\/li>\n<\/ul>\n<h3>Fuente Alimentaci\u00f3n<\/h3>\n<ul>\n<li>Requisitos de voltaje\/frecuencia: 115 VCA nominal de red a 50-60 Hz o 230\/240 VAC de red a 50-60 Hz. Todos los equipos el\u00e9ctricos externos deben estar conectado a tierra al conector de conexi\u00f3n a tierra del panel trasero.<\/li>\n<li>Consumo de energ\u00eda: 33 vatios t\u00edpicamente con dos m\u00f3dulos instalados.<\/li>\n<li>Grados de fusible: dos fusibles t 2.5 a para 115 VAC o dos t 1.6 a para la operaci\u00f3n de 230-240 VAC son accesibles a trav\u00e9s del recept\u00e1culo de entrada CA del monitor.<\/li>\n<\/ul>\n<h3>Monitor<\/h3>\n<ul>\n<li>Resoluci\u00f3n: 640 x 400 pixeles. Superficie: 7,69 \u00ab(19,5 cm) de ancho x 4,8\u00bb (12,2 cm) de alto.<\/li>\n<li>Velocidad de barrido: bajo control de m\u00f3dulo.<\/li>\n<li>Tendencias gr\u00e1ficas: marcos de tiempo: 1, 2, 6, 12 y 24 horas.<\/li>\n<li>Resoluci\u00f3n de tendencias: un minuto de resoluci\u00f3n de datos.<\/li>\n<li>Tarifa de marco: 56 marcos\/en segundo lugar, non entrelazado.<\/li>\n<\/ul>\n<h3>Bater\u00edas<\/h3>\n<ul>\n<li>Tipo: 2\/3 Ahr @ 12V VCR tipo bater\u00eda de plomo-\u00e1cido sellada. El monitor puede albergar hasta tres bater\u00edas, proporcionando hasta 2,5 horas de funcionamiento. Las bater\u00edas se pueden cargar durante la bater\u00eda o la operaci\u00f3n de CA sin perder datos, siempre y cuando una bater\u00eda cargada permanezca enchufada durante el intercambio. Un cargador de bater\u00eda de tres etapas carga bater\u00edas de hasta 80% de capacidad en 80 minutos, 1005 capacidad en 3 horas. El funcionamiento del cargador es autom\u00e1tico cuando la unidad est\u00e1 conectada a una fuente de alimentaci\u00f3n de CA con el interruptor de red del panel trasero encendido. El indicador de alimentaci\u00f3n de CA en el panel frontal se iluminar\u00e1.<\/li>\n<\/ul>\n<p>&nbsp;<\/p>\n","protected":false},"excerpt":{"rendered":"<p>Monitor Multiparametro<\/p>\n","protected":false},"featured_media":11467,"template":"","meta":{"_acf_changed":false,"_relevanssi_hide_post":"","_relevanssi_hide_content":"","_relevanssi_pin_for_all":"","_relevanssi_pin_keywords":"","_relevanssi_unpin_keywords":"","_relevanssi_related_keywords":"","_relevanssi_related_include_ids":"","_relevanssi_related_exclude_ids":"","_relevanssi_related_no_append":"","_relevanssi_related_not_related":"","_relevanssi_related_posts":"","_relevanssi_noindex_reason":"","inline_featured_image":false},"pwb-brand":[1137],"product_brand":[],"product_cat":[50],"product_tag":[4483,4482,3614,4478,4481,4479],"class_list":{"0":"post-4396","1":"product","2":"type-product","3":"status-publish","4":"has-post-thumbnail","6":"pwb-brand-equipo-medico-spacelabs","7":"product_cat-monitores-multiparametros","8":"product_tag-4483","9":"product_tag-90308-monitores-multiparametros","10":"product_tag-monitores-multiparametros","11":"product_tag-monitores-multiparametros-spacelabs","12":"product_tag-spacelabs-90308-monitores-multiparametros","13":"product_tag-spacelabs-monitores-multiparametros","15":"first","16":"instock","17":"purchasable","18":"product-type-simple"},"acf":[],"brands":[{"id":1137,"name":"Spacelabs","slug":"equipo-medico-spacelabs"}],"_links":{"self":[{"href":"https:\/\/www.somatechnology.com\/spanish\/wp-json\/wp\/v2\/product\/4396","targetHints":{"allow":["GET"]}}],"collection":[{"href":"https:\/\/www.somatechnology.com\/spanish\/wp-json\/wp\/v2\/product"}],"about":[{"href":"https:\/\/www.somatechnology.com\/spanish\/wp-json\/wp\/v2\/types\/product"}],"wp:featuredmedia":[{"embeddable":true,"href":"https:\/\/www.somatechnology.com\/spanish\/wp-json\/wp\/v2\/media\/11467"}],"wp:attachment":[{"href":"https:\/\/www.somatechnology.com\/spanish\/wp-json\/wp\/v2\/media?parent=4396"}],"wp:term":[{"taxonomy":"pwb-brand","embeddable":true,"href":"https:\/\/www.somatechnology.com\/spanish\/wp-json\/wp\/v2\/pwb-brand?post=4396"},{"taxonomy":"product_brand","embeddable":true,"href":"https:\/\/www.somatechnology.com\/spanish\/wp-json\/wp\/v2\/product_brand?post=4396"},{"taxonomy":"product_cat","embeddable":true,"href":"https:\/\/www.somatechnology.com\/spanish\/wp-json\/wp\/v2\/product_cat?post=4396"},{"taxonomy":"product_tag","embeddable":true,"href":"https:\/\/www.somatechnology.com\/spanish\/wp-json\/wp\/v2\/product_tag?post=4396"}],"curies":[{"name":"wp","href":"https:\/\/api.w.org\/{rel}","templated":true}]}}