{"id":4402,"date":"2016-07-19T21:26:55","date_gmt":"2016-07-19T21:26:55","guid":{"rendered":"http:\/\/equipomedicocentral.com\/wordpress\/product\/stryker-x7000\/"},"modified":"2025-12-11T02:13:08","modified_gmt":"2025-12-11T07:13:08","slug":"stryker-x7000","status":"publish","type":"product","link":"https:\/\/www.somatechnology.com\/spanish\/equipo-medico-usado-remanufacturado\/sistema-de-video-endoscopia\/fuentes-de-luz\/stryker-x7000\/","title":{"rendered":"Stryker X7000 Light Source"},"content":{"rendered":"<div class=\"wpb-content-wrapper\"><p>[vc_row][vc_column][vc_column_text css=\u00bb\u00bb]<\/p>\n<h2>Fuente de Luz Stryker X7000<\/h2>\n<p>La fuente de luz de xen\u00f3n X7000 es una unidad generadora de luz dise\u00f1ada para iluminar los sitios quir\u00fargicos durante aplicaciones endosc\u00f3picas. El X7000 utiliza una l\u00e1mpara de xen\u00f3n de 300 vatios para generar luz brillante y n\u00edtida, que entrega al sitio quir\u00fargico a trav\u00e9s de un cable de luz de fibra \u00f3ptica. Es compatible con todos los cables de la luz de Stryker, y, con el cable ligero y los adaptadores apropiados, puede conectar con cualquier endoscopio flexible o r\u00edgido.<\/p>\n<p>El X7000 est\u00e1 equipado con tecnolog\u00eda de detecci\u00f3n de alcance electr\u00f3nico (ESST), una caracter\u00edstica especial de seguridad que ayuda a prevenir quemaduras accidentales causadas por un cable de luz desatendido. Cuando se opera con un cable de luz ESST, el X7000 detecta cuando el telescopio y el cable de luz est\u00e1n separados y coloca la fuente de luz en modo de espera. En el modo de espera, el X7000 reducir\u00e1 la salida de luz a un m\u00ednimo, evitando que el cable de luz genere calor excesivo.<\/p>\n<ul>\n<li>Inserci\u00f3n de cable con una sola mano.<\/li>\n<li>RFID Tag (asegura que s\u00f3lo los bulbos de Stryker trabajan en el X7000).<\/li>\n<li>20% m\u00e1s brillante que el X6000.<\/li>\n<li>Dise\u00f1o de n\u00facleos.<\/li>\n<li>Bulbo el\u00edptico.<\/li>\n<li>SIDNE listo.<\/li>\n<li>M\u00faltiples caracter\u00edsticas de seguridad.<\/li>\n<li>Verificaci\u00f3n de seguridad interna.<\/li>\n<li>Conexi\u00f3n Ethernet.<\/li>\n<li>Interruptor t\u00e9rmico interno.<\/li>\n<li>Visualizaci\u00f3n de c\u00f3digos de error y de advertencia.<\/li>\n<li>La inserci\u00f3n del cable de una sola mano proporciona la configuraci\u00f3n f\u00e1cil para el ocupado o.<\/li>\n<li>Adaptador de cable de luz universal para uso con cualquier cable de luz en el mercado.<\/li>\n<li>Obturador autom\u00e1tico para la regulaci\u00f3n del brillo con el equipo de v\u00eddeo existente.<\/li>\n<\/ul>\n<h3>Dimensiones<\/h3>\n<ul>\n<li>Tama\u00f1o: 5,0 \u2033 (H) x 16,8 \u2033 (L) x 12,5 \u2033 (W)<\/li>\n<li>Peso: 20 lbs)<\/li>\n<\/ul>\n<h3>Fuente de Alimentaci\u00f3n<\/h3>\n<ul>\n<li>Primario: 100 \u2013 240 VCA, 50\/60 Hz, 450W<\/li>\n<li>Fusibles (2): 5.0A 250V<\/li>\n<\/ul>\n<h3>L\u00e1mpara<\/h3>\n<ul>\n<li>Tipo: Cermax del xen\u00f3n de 300 vatios (el\u00edptico)<\/li>\n<li>Vida: aproximadamente 500 horas<\/li>\n<\/ul>\n<h3>Condiciones de funcionamiento<\/h3>\n<ul>\n<li>10 a 40 \u00b0 c<\/li>\n<li>Humedad relativa del 30% al 75%<\/li>\n<\/ul>\n<h3>Transporte y almacenamiento<\/h3>\n<ul>\n<li>-20 a 60 \u00b0 c<\/li>\n<li>10% a 75% de humedad relativa<\/li>\n<\/ul>\n<ul>\n<li>700hPa to 1060hPa<\/li>\n<\/ul>\n<p>&nbsp;<\/p>\n<div id=\"mttContainer\" class=\"notranslate\" style=\"transform: translate(187px, 1px);\" aria-expanded=\"false\">\n<div id=\"tippy-1\" style=\"z-index: 100000200; visibility: hidden; position: absolute; inset: 0px auto auto 0px; margin: 0px; transform: translate3d(399.333px, 20px, 0px);\" data-tippy-root=\"\">\n<div class=\"tippy-box\" style=\"max-width: 350px; transition-duration: 250ms;\" tabindex=\"-1\" role=\"mtttooltip\" data-state=\"hidden\" data-theme=\"custom\" data-animation=\"fade\" data-placement=\"bottom\">\n<div class=\"tippy-content\" style=\"transition-duration: 250ms;\" data-state=\"hidden\"><span dir=\"ltr\">Stryker X7000 Light Source<\/span><\/div>\n<div class=\"tippy-arrow\" style=\"position: absolute; left: 0px; transform: translate3d(92px, 0px, 0px);\"><\/div>\n<\/div>\n<\/div>\n<\/div>\n<p>[\/vc_column_text][\/vc_column][\/vc_row]<\/p>\n<\/div>","protected":false},"excerpt":{"rendered":"<p>Rigid Light Sources<\/p>\n","protected":false},"featured_media":10399,"template":"","meta":{"_acf_changed":false,"_relevanssi_hide_post":"","_relevanssi_hide_content":"","_relevanssi_pin_for_all":"","_relevanssi_pin_keywords":"","_relevanssi_unpin_keywords":"","_relevanssi_related_keywords":"","_relevanssi_related_include_ids":"","_relevanssi_related_exclude_ids":"","_relevanssi_related_no_append":"","_relevanssi_related_not_related":"","_relevanssi_related_posts":"","_relevanssi_noindex_reason":"","inline_featured_image":false},"pwb-brand":[1079],"product_brand":[],"product_cat":[74,84],"product_tag":[178,2209,2208,2211,2210],"class_list":{"0":"post-4402","1":"product","2":"type-product","3":"status-publish","4":"has-post-thumbnail","6":"pwb-brand-equipo-medico-stryker","7":"product_cat-fuentes-de-luz","8":"product_cat-sistema-de-video-endoscopia","9":"product_tag-stryker","10":"product_tag-stryker-x7000","11":"product_tag-stryker-x7000-light-source","12":"product_tag-x7000","13":"product_tag-x7000-light-source","15":"first","16":"instock","17":"purchasable","18":"product-type-simple"},"acf":[],"brands":[{"id":1079,"name":"Stryker","slug":"equipo-medico-stryker"}],"_links":{"self":[{"href":"https:\/\/www.somatechnology.com\/spanish\/wp-json\/wp\/v2\/product\/4402","targetHints":{"allow":["GET"]}}],"collection":[{"href":"https:\/\/www.somatechnology.com\/spanish\/wp-json\/wp\/v2\/product"}],"about":[{"href":"https:\/\/www.somatechnology.com\/spanish\/wp-json\/wp\/v2\/types\/product"}],"wp:featuredmedia":[{"embeddable":true,"href":"https:\/\/www.somatechnology.com\/spanish\/wp-json\/wp\/v2\/media\/10399"}],"wp:attachment":[{"href":"https:\/\/www.somatechnology.com\/spanish\/wp-json\/wp\/v2\/media?parent=4402"}],"wp:term":[{"taxonomy":"pwb-brand","embeddable":true,"href":"https:\/\/www.somatechnology.com\/spanish\/wp-json\/wp\/v2\/pwb-brand?post=4402"},{"taxonomy":"product_brand","embeddable":true,"href":"https:\/\/www.somatechnology.com\/spanish\/wp-json\/wp\/v2\/product_brand?post=4402"},{"taxonomy":"product_cat","embeddable":true,"href":"https:\/\/www.somatechnology.com\/spanish\/wp-json\/wp\/v2\/product_cat?post=4402"},{"taxonomy":"product_tag","embeddable":true,"href":"https:\/\/www.somatechnology.com\/spanish\/wp-json\/wp\/v2\/product_tag?post=4402"}],"curies":[{"name":"wp","href":"https:\/\/api.w.org\/{rel}","templated":true}]}}