{"id":4404,"date":"2016-07-19T21:26:55","date_gmt":"2016-07-19T21:26:55","guid":{"rendered":"http:\/\/equipomedicocentral.com\/wordpress\/product\/fujinon-epx-201-system\/"},"modified":"2023-08-23T06:10:05","modified_gmt":"2023-08-23T10:10:05","slug":"fujinon-epx-201-system","status":"publish","type":"product","link":"https:\/\/www.somatechnology.com\/spanish\/equipo-medico-usado-remanufacturado\/sistema-de-video-endoscopia\/fujinon-epx-201-system\/","title":{"rendered":"Fujinon EPX 201 System"},"content":{"rendered":"<h2>Fujinon EPX 201 Processor<\/h2>\n<p>En la <strong>endoscopia de v\u00eddeo EPX-201<\/strong> la fuente de luz\/procesador ha sido dise\u00f1ada espec\u00edficamente para satisfacer las necesidades del mercado ambulatorio ambulatoria. El sistema EPX-201 abarca todo lo necesario para la endoscopia productiva.<\/p>\n<p>El procesador endosc\u00f3pico m\u00e1s confiable con una fuente de luz incorporada proporciona la calidad de imagen excepcional capturada con cada alcance. Adem\u00e1s, 2 pasos (x 1.25, x 1.5) Ampliaci\u00f3n electr\u00f3nica ya est\u00e1 disponible. Una l\u00e1mpara hal\u00f3gena de 150W se utiliza para facilitar el mantenimiento y reducir los costos de operaci\u00f3n. El EPX-201 ofrece muchas caracter\u00edsticas, que es \u00fatil en la endoscopia rutinaria.<\/p>\n<h2>Caracter\u00edsticas\u00a0Fujinon EPX 201 Processor<\/h2>\n<ul>\n<li>Aumento electr\u00f3nico x 1.25, x 1.5 (2 pasos)<\/li>\n<li>Mejora de la imagen<\/li>\n<li>Exhibici\u00f3n de la barra de color<\/li>\n<li>Control de color<\/li>\n<li>Control de iluminaci\u00f3n<\/li>\n<li>Modo de medici\u00f3n: medida media y m\u00e1xima<\/li>\n<li>Registro de datos del paciente para 23 pacientes<\/li>\n<li>Salida Video 1x FBAS (BNC); 3x y\/C<\/li>\n<li>Sistema NTSC\/PAL de la TV<\/li>\n<li>Imagen de salida de v\u00eddeo (BNC) 1 canal; S-video 3 canales<\/li>\n<li>Fuente de luz l\u00e1mpara hal\u00f3gena de 150 vatios<\/li>\n<li>Dimensiones 420 (W) X450 (D) x 160 (H) mm, 16.5 x 17.7 x 6.3 pulgadas<\/li>\n<\/ul>\n","protected":false},"excerpt":{"rendered":"<p>Sistema de Endoscopia<\/p>\n","protected":false},"featured_media":8692,"template":"","meta":{"_acf_changed":false,"_relevanssi_hide_post":"","_relevanssi_hide_content":"","_relevanssi_pin_for_all":"","_relevanssi_pin_keywords":"","_relevanssi_unpin_keywords":"","_relevanssi_related_keywords":"","_relevanssi_related_include_ids":"","_relevanssi_related_exclude_ids":"","_relevanssi_related_no_append":"","_relevanssi_related_not_related":"","_relevanssi_related_posts":"","_relevanssi_noindex_reason":"","inline_featured_image":false},"pwb-brand":[1315],"product_brand":[],"product_cat":[84],"product_tag":[1348,1349,1347,1346,1345,1350],"class_list":{"0":"post-4404","1":"product","2":"type-product","3":"status-publish","4":"has-post-thumbnail","6":"pwb-brand-sistema-de-video-endoscopia-fujinon","7":"product_cat-sistema-de-video-endoscopia","8":"product_tag-epx-201-processor","9":"product_tag-fujinon","10":"product_tag-fujinon-epx","11":"product_tag-fujinon-epx-201","12":"product_tag-fujinon-epx-201-processor","13":"product_tag-fujinon-processor","15":"first","16":"instock","17":"purchasable","18":"product-type-simple"},"acf":[],"brands":[{"id":1315,"name":"Fujinon","slug":"sistema-de-video-endoscopia-fujinon"}],"_links":{"self":[{"href":"https:\/\/www.somatechnology.com\/spanish\/wp-json\/wp\/v2\/product\/4404","targetHints":{"allow":["GET"]}}],"collection":[{"href":"https:\/\/www.somatechnology.com\/spanish\/wp-json\/wp\/v2\/product"}],"about":[{"href":"https:\/\/www.somatechnology.com\/spanish\/wp-json\/wp\/v2\/types\/product"}],"wp:featuredmedia":[{"embeddable":true,"href":"https:\/\/www.somatechnology.com\/spanish\/wp-json\/wp\/v2\/media\/8692"}],"wp:attachment":[{"href":"https:\/\/www.somatechnology.com\/spanish\/wp-json\/wp\/v2\/media?parent=4404"}],"wp:term":[{"taxonomy":"pwb-brand","embeddable":true,"href":"https:\/\/www.somatechnology.com\/spanish\/wp-json\/wp\/v2\/pwb-brand?post=4404"},{"taxonomy":"product_brand","embeddable":true,"href":"https:\/\/www.somatechnology.com\/spanish\/wp-json\/wp\/v2\/product_brand?post=4404"},{"taxonomy":"product_cat","embeddable":true,"href":"https:\/\/www.somatechnology.com\/spanish\/wp-json\/wp\/v2\/product_cat?post=4404"},{"taxonomy":"product_tag","embeddable":true,"href":"https:\/\/www.somatechnology.com\/spanish\/wp-json\/wp\/v2\/product_tag?post=4404"}],"curies":[{"name":"wp","href":"https:\/\/api.w.org\/{rel}","templated":true}]}}