{"id":4408,"date":"2016-07-19T21:26:55","date_gmt":"2016-07-19T21:26:55","guid":{"rendered":"http:\/\/equipomedicocentral.com\/wordpress\/product\/datascope-3000\/"},"modified":"2023-08-23T06:10:08","modified_gmt":"2023-08-23T10:10:08","slug":"datascope-3000","status":"publish","type":"product","link":"https:\/\/www.somatechnology.com\/spanish\/equipo-medico-usado-remanufacturado\/monitores-de-signos-vitales\/monitores-multiparametros\/datascope-3000\/","title":{"rendered":"Datascope 3000"},"content":{"rendered":"<h2>Caracter\u00edsticas del\u00a0Datascope 3000<\/h2>\n<p>El monitor de paciente <strong>Datascope 3000<\/strong> mide ECG, NIBP y SaO2. La pantalla CRT muestra datos num\u00e9ricos y de forma de onda. El monitor de paciente Datascope 3000 tiene una Impresora opcionalmente integrado.<\/p>\n<ul>\n<li>ECG\/SpO2\/HR\/NIBP\/Temp<\/li>\n<li>Monitor dual del prop\u00f3sito: supervisi\u00f3n quir\u00fargica\/Work-UPS de diagn\u00f3stico<\/li>\n<li>Medici\u00f3n de BP excelente en animales &gt; 20LBS. hr 80-255 BMP con alarmas HI\/lo<\/li>\n<li>Pantalla 6 \u2033<\/li>\n<\/ul>\n<h2>Especificaciones del Datascope 3000<\/h2>\n<ul>\n<li>Altura: 10,5 \u2033 (26,7 cm)<\/li>\n<li>Anchura: 12 \u2033 (30,5 cm)<\/li>\n<li>Longitud: 13 \u2033 (33 cm)<\/li>\n<li>Peso: 32,5 lbs<\/li>\n<\/ul>\n","protected":false},"excerpt":{"rendered":"<p>Monitores Multiparametros<\/p>\n","protected":false},"featured_media":11218,"template":"","meta":{"_acf_changed":false,"_relevanssi_hide_post":"","_relevanssi_hide_content":"","_relevanssi_pin_for_all":"","_relevanssi_pin_keywords":"","_relevanssi_unpin_keywords":"","_relevanssi_related_keywords":"","_relevanssi_related_include_ids":"","_relevanssi_related_exclude_ids":"","_relevanssi_related_no_append":"","_relevanssi_related_not_related":"","_relevanssi_related_posts":"","_relevanssi_noindex_reason":"","inline_featured_image":false},"pwb-brand":[1110],"product_brand":[],"product_cat":[50],"product_tag":[3655,3656,3614],"class_list":{"0":"post-4408","1":"product","2":"type-product","3":"status-publish","4":"has-post-thumbnail","6":"pwb-brand-equipo-medico-datascope","7":"product_cat-monitores-multiparametros","8":"product_tag-datascope-3000","9":"product_tag-datascope-monitores-multiparametros","10":"product_tag-monitores-multiparametros","12":"first","13":"instock","14":"purchasable","15":"product-type-simple"},"acf":[],"brands":[{"id":1110,"name":"Datascope","slug":"equipo-medico-datascope"}],"_links":{"self":[{"href":"https:\/\/www.somatechnology.com\/spanish\/wp-json\/wp\/v2\/product\/4408","targetHints":{"allow":["GET"]}}],"collection":[{"href":"https:\/\/www.somatechnology.com\/spanish\/wp-json\/wp\/v2\/product"}],"about":[{"href":"https:\/\/www.somatechnology.com\/spanish\/wp-json\/wp\/v2\/types\/product"}],"wp:featuredmedia":[{"embeddable":true,"href":"https:\/\/www.somatechnology.com\/spanish\/wp-json\/wp\/v2\/media\/11218"}],"wp:attachment":[{"href":"https:\/\/www.somatechnology.com\/spanish\/wp-json\/wp\/v2\/media?parent=4408"}],"wp:term":[{"taxonomy":"pwb-brand","embeddable":true,"href":"https:\/\/www.somatechnology.com\/spanish\/wp-json\/wp\/v2\/pwb-brand?post=4408"},{"taxonomy":"product_brand","embeddable":true,"href":"https:\/\/www.somatechnology.com\/spanish\/wp-json\/wp\/v2\/product_brand?post=4408"},{"taxonomy":"product_cat","embeddable":true,"href":"https:\/\/www.somatechnology.com\/spanish\/wp-json\/wp\/v2\/product_cat?post=4408"},{"taxonomy":"product_tag","embeddable":true,"href":"https:\/\/www.somatechnology.com\/spanish\/wp-json\/wp\/v2\/product_tag?post=4408"}],"curies":[{"name":"wp","href":"https:\/\/api.w.org\/{rel}","templated":true}]}}