{"id":4409,"date":"2016-07-19T21:26:55","date_gmt":"2016-07-19T21:26:55","guid":{"rendered":"http:\/\/equipomedicocentral.com\/wordpress\/product\/datascope-accutorr-4\/"},"modified":"2023-08-23T06:10:09","modified_gmt":"2023-08-23T10:10:09","slug":"datascope-accutorr-4","status":"publish","type":"product","link":"https:\/\/www.somatechnology.com\/spanish\/equipo-medico-usado-remanufacturado\/monitores-de-signos-vitales\/monitores-multiparametros\/datascope-accutorr-4\/","title":{"rendered":"Datascope Accutorr 4"},"content":{"rendered":"<h2>Caracter\u00edsticas del Datascope Accutorr 4<\/h2>\n<ul>\n<li>Utiliza la t\u00e9cnica oscilom\u00e9trico para medir con rapidez y precisi\u00f3n la presi\u00f3n sangu\u00ednea no invasiva (NIBP), la frecuencia card\u00edaca y la saturaci\u00f3n de ox\u00edgeno del monitor (Sa02)<\/li>\n<li>Monitor proporciona lecturas digitales de panel frontal grandes<\/li>\n<li>Ciclos de medici\u00f3n manualmente iniciados o autom\u00e1ticos<\/li>\n<li>Pantalla LCD integral para leer datos de tendencia, mensajes de asesores, condiciones de alarma, tiempo transcurrido, un reloj de 24 horas y una forma de onda Sa02<\/li>\n<li>El ciclo de medici\u00f3n NIBP autom\u00e1tico utiliza un temporizador continuo que permite mediciones secuenciales de NIBP<\/li>\n<\/ul>\n<p>&nbsp;<\/p>\n","protected":false},"excerpt":{"rendered":"<p>Monitores Multiparametros<\/p>\n","protected":false},"featured_media":11219,"template":"","meta":{"_acf_changed":false,"_relevanssi_hide_post":"","_relevanssi_hide_content":"","_relevanssi_pin_for_all":"","_relevanssi_pin_keywords":"","_relevanssi_unpin_keywords":"","_relevanssi_related_keywords":"","_relevanssi_related_include_ids":"","_relevanssi_related_exclude_ids":"","_relevanssi_related_no_append":"","_relevanssi_related_not_related":"","_relevanssi_related_posts":"","_relevanssi_noindex_reason":"","inline_featured_image":false},"pwb-brand":[1110],"product_brand":[],"product_cat":[50],"product_tag":[3658,507,3657,3660,3656,186,3614,3661,3662,3659],"class_list":{"0":"post-4409","1":"product","2":"type-product","3":"status-publish","4":"has-post-thumbnail","6":"pwb-brand-equipo-medico-datascope","7":"product_cat-monitores-multiparametros","8":"product_tag-accutorr-4","9":"product_tag-datascope","10":"product_tag-datascope-accutorr-4","11":"product_tag-datascope-accutorr4-monitores-multiparametros","12":"product_tag-datascope-monitores-multiparametros","13":"product_tag-monitor-multiparametro-para-uti","14":"product_tag-monitores-multiparametros","15":"product_tag-monitores-multiparametros-accutor4","16":"product_tag-monitores-multiparametros-accutorr-4-monitores-multiparametros","17":"product_tag-monitores-multiparametros-datasope","19":"first","20":"instock","21":"purchasable","22":"product-type-simple"},"acf":[],"brands":[{"id":1110,"name":"Datascope","slug":"equipo-medico-datascope"}],"_links":{"self":[{"href":"https:\/\/www.somatechnology.com\/spanish\/wp-json\/wp\/v2\/product\/4409","targetHints":{"allow":["GET"]}}],"collection":[{"href":"https:\/\/www.somatechnology.com\/spanish\/wp-json\/wp\/v2\/product"}],"about":[{"href":"https:\/\/www.somatechnology.com\/spanish\/wp-json\/wp\/v2\/types\/product"}],"wp:featuredmedia":[{"embeddable":true,"href":"https:\/\/www.somatechnology.com\/spanish\/wp-json\/wp\/v2\/media\/11219"}],"wp:attachment":[{"href":"https:\/\/www.somatechnology.com\/spanish\/wp-json\/wp\/v2\/media?parent=4409"}],"wp:term":[{"taxonomy":"pwb-brand","embeddable":true,"href":"https:\/\/www.somatechnology.com\/spanish\/wp-json\/wp\/v2\/pwb-brand?post=4409"},{"taxonomy":"product_brand","embeddable":true,"href":"https:\/\/www.somatechnology.com\/spanish\/wp-json\/wp\/v2\/product_brand?post=4409"},{"taxonomy":"product_cat","embeddable":true,"href":"https:\/\/www.somatechnology.com\/spanish\/wp-json\/wp\/v2\/product_cat?post=4409"},{"taxonomy":"product_tag","embeddable":true,"href":"https:\/\/www.somatechnology.com\/spanish\/wp-json\/wp\/v2\/product_tag?post=4409"}],"curies":[{"name":"wp","href":"https:\/\/api.w.org\/{rel}","templated":true}]}}