{"id":4411,"date":"2016-07-19T21:26:55","date_gmt":"2016-07-19T21:26:55","guid":{"rendered":"http:\/\/equipomedicocentral.com\/wordpress\/product\/corometrics-118\/"},"modified":"2023-08-23T06:10:10","modified_gmt":"2023-08-23T10:10:10","slug":"corometrics-118","status":"publish","type":"product","link":"https:\/\/www.somatechnology.com\/spanish\/equipo-medico-usado-remanufacturado\/ucii-nicu-unidades-neonatales-cuidado-intensivo\/monitores-fetales\/corometrics-118\/","title":{"rendered":"Corometrics 118"},"content":{"rendered":"<h2>Corometrics 118<\/h2>\n<p>El monitor fetal Corometrics 118 es una unidad de doble capacidad que incluye un palpador y dos transductores de ultrasonido, ECG fetal, marcador de eventos y un registrador de cartas. Almacenamiento de datos y transmisi\u00f3n integrada de oximetr\u00eda de pulso maternal NIBP. Se extiende sobre la tecnolog\u00eda avanzada del modelo 116 con oximetr\u00eda de pulso materna integrada y\/o monitoreo no invasivo de la presi\u00f3n arterial.<\/p>\n<ul>\n<li>Operaci\u00f3n f\u00e1cil<\/li>\n<li>Controles y men\u00fas intuitivos<\/li>\n<li>Funcionamiento simplificado de todas las funciones<\/li>\n<li>Los controles se adaptan para la mano de obra y la entrega para hacer la operaci\u00f3n f\u00e1cil de usar<\/li>\n<li>Alarmas maternales visuales\/audibles<\/li>\n<li>La unidad proporciona alarmas visuales y audibles cuando los valores maternos de SpO2, NIBP o pulso exceden los l\u00edmites altos\/bajos definidos por el usuario<\/li>\n<li>Las alarmas audibles pueden ser desactivadas<\/li>\n<li>Alarmas de audio\/visuales individuales pueden ser canceladas temporalmente<\/li>\n<\/ul>\n<h3>Peso F\u00edsico y Dimensiones<\/h3>\n<ul>\n<li>Altura: 7 pulgadas (17,8 cm)<\/li>\n<li>Anchura: 16,5 pulgadas (41,9 cm)<\/li>\n<li>Profundidad: 17 pulgadas (43,2 cm)<\/li>\n<li>Peso: aprox. 34 lbs (15.5 kg)<\/li>\n<\/ul>\n<h3>Requisitos de energ\u00eda<\/h3>\n<ul>\n<li>Voltaje: 100\/120\/220\/240 VAC seleccionable<\/li>\n<li>Frecuencia: 50\/60 Hz.<\/li>\n<li>Consumo de energ\u00eda: 100 vatios (max)<\/li>\n<\/ul>\n<h3>ECG directo<\/h3>\n<ul>\n<li>T\u00e9cnica: pico de detecci\u00f3n de Beat a Beat cardiotachometer.<\/li>\n<li>Rango de conteo de ritmo card\u00edaco: 30-240 BPM.<\/li>\n<li>Resoluci\u00f3n del ritmo card\u00edaco: \u00b1 1 BPM.<\/li>\n<li>Eliminaci\u00f3n de artefactos: Interruptor seleccionable \u00b1 25 BPM rechazo de artefactos.<\/li>\n<li>Rango de se\u00f1al de entrada diferencial: 15 \u00b5V a 2 mV pico a pico (fetal), 100 \u00b5V a 2 mV pico a pico (maternal).<\/li>\n<li>Modo com\u00fan: 20 VCC (m\u00e1x.).<\/li>\n<li>Ancho de banda preamplificador: 1,0 Hz a 100 Hz.<\/li>\n<li>Rechazo de modo com\u00fan: &gt; 120 dB balance. Con el cable del paciente: &gt; 110 dB 5K RA o desequilibrio del la.<\/li>\n<li>Entrada ruido equivalente: &lt; 10 \u00b5V pico a pico. \u2022 entrada impendence: modo diferencial &gt; 10 M\u03a9, modo com\u00fan &gt; 20 M\u03a9.<\/li>\n<li>Rechazo de frecuencia principal: &gt; 40 dB.<\/li>\n<li>Corriente de fuga: &lt; 10 \u00b5A at 120 VAC. \u2022 conexi\u00f3n de red de aislamiento a paciente: &gt; 2KV.<\/li>\n<li>Probador de la placa de la pierna: r-agite simulado en 120 \u00b11 BPM.<\/li>\n<\/ul>\n<h3>Ultrasonido<\/h3>\n<ul>\n<li>T\u00e9cnica: Doppler pulsado con procesamiento de autocorrelaci\u00f3n.<\/li>\n<li>Frecuencia de repetici\u00f3n de pulso: 4KHz en un solo modo de ultrasonido, 2 kHz en modo de ultrasonido dual.<\/li>\n<li>Duraci\u00f3n del pulso: 92 \u00b5s.<\/li>\n<li>Frecuencia de centro: 1,151 MHz<\/li>\n<li>Intensidad: &lt; 10 mW\/cm2<\/li>\n<li>Rango de conteo de ritmo card\u00edaco: 50-210 BPM.<\/li>\n<li>Corriente de fuga: &lt; 10 \u00b5A at 120 VAC.<\/li>\n<\/ul>\n<h3>Presi\u00f3n<\/h3>\n<ul>\n<li>Gama: 0-100 mmHg<\/li>\n<li>Tocotransducer: 0-100 unidades relativas (0-120 gramos)<\/li>\n<li>Voltaje de la excitaci\u00f3n: + 4,0 VDC<\/li>\n<li>Resoluci\u00f3n: 1 mmHg<\/li>\n<li>Ancho de banda: tocotransducer DC a 0,5 Hz, calibre de tensi\u00f3n DC a 3 Hz<\/li>\n<li>Deriva de temperatura cero: &lt; 0,1 mmHg\/\u00b0 c (s\u00f3lo electr\u00f3nica).<\/li>\n<li>Corriente de fuga: &lt; 10 \u00b5A at 120 VAC (transductor aislado).<\/li>\n<\/ul>\n<h3>Grabadora<\/h3>\n<ul>\n<li>Actividad uterina: ancho de la tabla: 4 cm, escala: 25 mmHg\/cm (3,33 kPa\/cm), rango: 0-100 mmHg, resoluci\u00f3n: 1 mmHg.<\/li>\n<li>Impulsi\u00f3n de la carta: velocidades: 1, 2 y 3 cm\/min; exactitud: \u00b1 1%.<\/li>\n<li>Escala de ritmo card\u00edaco: nacional \u2013 ancho de gr\u00e1fico 7 cm, escala 30 BPM\/cm, rango 30-240 BPM, resoluci\u00f3n 1 BPM; internacional: ancho gr\u00e1fico 8 cm, escala 20 BPM\/cm, rango 50-210 BPM, resoluci\u00f3n 1 BPM<\/li>\n<\/ul>\n","protected":false},"excerpt":{"rendered":"<p>Monitor Fetal<\/p>\n","protected":false},"featured_media":10140,"template":"","meta":{"_acf_changed":false,"_relevanssi_hide_post":"","_relevanssi_hide_content":"","_relevanssi_pin_for_all":"","_relevanssi_pin_keywords":"","_relevanssi_unpin_keywords":"","_relevanssi_related_keywords":"","_relevanssi_related_include_ids":"","_relevanssi_related_exclude_ids":"","_relevanssi_related_no_append":"","_relevanssi_related_not_related":"","_relevanssi_related_posts":"","_relevanssi_noindex_reason":"","inline_featured_image":false},"pwb-brand":[1100],"product_brand":[],"product_cat":[3649,105],"product_tag":[3534,2830,2834,2835,3531,3532,3533],"class_list":{"0":"post-4411","1":"product","2":"type-product","3":"status-publish","4":"has-post-thumbnail","6":"pwb-brand-equipo-medico-ge","7":"product_cat-monitores-fetales","8":"product_cat-monitores-fetales-intrapartum","9":"product_tag-3534","10":"product_tag-corometrics","11":"product_tag-corometrics-118","12":"product_tag-fetal-monitor","13":"product_tag-monitores","14":"product_tag-monitores-fetales","15":"product_tag-monitores-fetales-intrapartum","17":"first","18":"instock","19":"purchasable","20":"product-type-simple"},"acf":[],"brands":[{"id":1100,"name":"GE","slug":"equipo-medico-ge"}],"_links":{"self":[{"href":"https:\/\/www.somatechnology.com\/spanish\/wp-json\/wp\/v2\/product\/4411","targetHints":{"allow":["GET"]}}],"collection":[{"href":"https:\/\/www.somatechnology.com\/spanish\/wp-json\/wp\/v2\/product"}],"about":[{"href":"https:\/\/www.somatechnology.com\/spanish\/wp-json\/wp\/v2\/types\/product"}],"wp:featuredmedia":[{"embeddable":true,"href":"https:\/\/www.somatechnology.com\/spanish\/wp-json\/wp\/v2\/media\/10140"}],"wp:attachment":[{"href":"https:\/\/www.somatechnology.com\/spanish\/wp-json\/wp\/v2\/media?parent=4411"}],"wp:term":[{"taxonomy":"pwb-brand","embeddable":true,"href":"https:\/\/www.somatechnology.com\/spanish\/wp-json\/wp\/v2\/pwb-brand?post=4411"},{"taxonomy":"product_brand","embeddable":true,"href":"https:\/\/www.somatechnology.com\/spanish\/wp-json\/wp\/v2\/product_brand?post=4411"},{"taxonomy":"product_cat","embeddable":true,"href":"https:\/\/www.somatechnology.com\/spanish\/wp-json\/wp\/v2\/product_cat?post=4411"},{"taxonomy":"product_tag","embeddable":true,"href":"https:\/\/www.somatechnology.com\/spanish\/wp-json\/wp\/v2\/product_tag?post=4411"}],"curies":[{"name":"wp","href":"https:\/\/api.w.org\/{rel}","templated":true}]}}