{"id":4439,"date":"2016-07-19T21:27:47","date_gmt":"2016-07-19T21:27:47","guid":{"rendered":"http:\/\/equipomedicocentral.com\/wordpress\/product\/philips-heartstart-onsite\/"},"modified":"2025-06-30T14:25:27","modified_gmt":"2025-06-30T18:25:27","slug":"philips-heartstart-onsite","status":"publish","type":"product","link":"https:\/\/www.somatechnology.com\/spanish\/equipo-medico-usado-remanufacturado\/desfibriladores-medicos\/desfibriladores-automaticos-externos\/philips-heartstart-onsite\/","title":{"rendered":"Philips HeartStart Onsite"},"content":{"rendered":"<h2>Funciones in situ de Philips HeartStart<\/h2>\n<p>El\u00a0<strong>Philips Heartstart Onsite<\/strong>\u00a0es un DEA listo para rescatar. El\u00a0Philips HeartStart OnSite\u00a0es un desfibrilador externo autom\u00e1tico liviano y f\u00e1cil de usar para cualquier persona. El desfibrilador viene en un estuche de transporte, precargado con una bater\u00eda y electrodos. El sistema ofrece relajantes instrucciones de voz para guiarle a trav\u00e9s del proceso, desde colocar las almohadillas en el paciente hasta administrar una descarga y realizar la PRC. El DEA de Philips viene de serie con la terapia Philips Smart Biphasic que puede controlar la corriente de energ\u00eda utilizada en los pacientes para lograr la m\u00e1xima eficacia y al mismo tiempo minimizar los efectos secundarios en el fr\u00e1gil coraz\u00f3n del paciente. Philips Heartstart Onsite viene con almohadillas de electrodos para adultos y pedi\u00e1tricos, junto con la opci\u00f3n de un cartucho de almohadillas de entrenamiento. El DEA puede suministrar hasta 150 julios de energ\u00eda a pacientes adultos.<\/p>\n<ul>\n<li>Ligero: Totalmente equipado con solo 3,3 libras.<\/li>\n<li>Intuitivo: el dise\u00f1o limpio y las instrucciones de voz claras infunden la confianza necesaria al administrar terapia a una persona en paro card\u00edaco.<\/li>\n<li>Listo para todo: funciona con una bater\u00eda desechable de larga duraci\u00f3n (4 a\u00f1os). Las pruebas automatizadas ayudan a garantizar la preparaci\u00f3n.<\/li>\n<li>Vers\u00e1til: disponible para uso en cualquier persona de cualquier edad, incluidos ni\u00f1os y beb\u00e9s.<\/li>\n<li>Eficaz: evaluaci\u00f3n del ritmo card\u00edaco con an\u00e1lisis SMART patentado y terapia de desfibrilaci\u00f3n bif\u00e1sica SMART, cl\u00ednicamente probadas en casi 10 a\u00f1os de uso. Ninguna otra forma de onda bif\u00e1sica est\u00e1 tan bien documentada.<\/li>\n<\/ul>\n","protected":false},"excerpt":{"rendered":"<p>Desfibrilador Autom\u00e1tico Externo (DEA)<\/p>\n","protected":false},"featured_media":12808,"template":"","meta":{"_acf_changed":false,"_relevanssi_hide_post":"","_relevanssi_hide_content":"","_relevanssi_pin_for_all":"","_relevanssi_pin_keywords":"","_relevanssi_unpin_keywords":"","_relevanssi_related_keywords":"","_relevanssi_related_include_ids":"","_relevanssi_related_exclude_ids":"","_relevanssi_related_no_append":"","_relevanssi_related_not_related":"","_relevanssi_related_posts":"","_relevanssi_noindex_reason":"","inline_featured_image":false},"pwb-brand":[1102],"product_brand":[],"product_cat":[92,4765],"product_tag":[5720,273,5736,5766,5745,5768,5767],"class_list":{"0":"post-4439","1":"product","2":"type-product","3":"status-publish","4":"has-post-thumbnail","6":"pwb-brand-equipo-medico-philips","7":"product_cat-desfibriladores-automaticos-externos","8":"product_cat-desfibriladores-portatiles","9":"product_tag-desfibriladores-automaticos-externos","10":"product_tag-philips","11":"product_tag-philips-desfibriladores-automaticos-externos","12":"product_tag-philips-hearstard","13":"product_tag-philips-heartstart-desfibriladores-automaticos-externos","14":"product_tag-philips-heartstart-onlinte-desfibriladores-automaticos-externos","15":"product_tag-philips-heartstart-onsite","17":"first","18":"instock","19":"featured","20":"purchasable","21":"product-type-simple"},"acf":[],"brands":[{"id":1102,"name":"Philips","slug":"equipo-medico-philips"}],"_links":{"self":[{"href":"https:\/\/www.somatechnology.com\/spanish\/wp-json\/wp\/v2\/product\/4439","targetHints":{"allow":["GET"]}}],"collection":[{"href":"https:\/\/www.somatechnology.com\/spanish\/wp-json\/wp\/v2\/product"}],"about":[{"href":"https:\/\/www.somatechnology.com\/spanish\/wp-json\/wp\/v2\/types\/product"}],"wp:featuredmedia":[{"embeddable":true,"href":"https:\/\/www.somatechnology.com\/spanish\/wp-json\/wp\/v2\/media\/12808"}],"wp:attachment":[{"href":"https:\/\/www.somatechnology.com\/spanish\/wp-json\/wp\/v2\/media?parent=4439"}],"wp:term":[{"taxonomy":"pwb-brand","embeddable":true,"href":"https:\/\/www.somatechnology.com\/spanish\/wp-json\/wp\/v2\/pwb-brand?post=4439"},{"taxonomy":"product_brand","embeddable":true,"href":"https:\/\/www.somatechnology.com\/spanish\/wp-json\/wp\/v2\/product_brand?post=4439"},{"taxonomy":"product_cat","embeddable":true,"href":"https:\/\/www.somatechnology.com\/spanish\/wp-json\/wp\/v2\/product_cat?post=4439"},{"taxonomy":"product_tag","embeddable":true,"href":"https:\/\/www.somatechnology.com\/spanish\/wp-json\/wp\/v2\/product_tag?post=4439"}],"curies":[{"name":"wp","href":"https:\/\/api.w.org\/{rel}","templated":true}]}}