{"id":4444,"date":"2016-07-19T21:27:47","date_gmt":"2016-07-19T21:27:47","guid":{"rendered":"http:\/\/equipomedicocentral.com\/wordpress\/product\/puritan-bennett-achieva-achieva-ps\/"},"modified":"2025-09-23T12:55:28","modified_gmt":"2025-09-23T16:55:28","slug":"puritan-bennett-achieva-achieva-ps","status":"publish","type":"product","link":"https:\/\/www.somatechnology.com\/spanish\/equipo-medico-usado-remanufacturado\/ventiladores\/puritan-bennett-achieva-achieva-ps\/","title":{"rendered":"Medtronic Covidien Puritan Bennett Achieva &#038; Achieva PS"},"content":{"rendered":"<h2>Caracter\u00edsticas Medtronic Covidien Puritan Bennett Achieva &amp; Achieva PS<\/h2>\n<p>La operaci\u00f3n extendida de la bater\u00eda y un dise\u00f1o ligero, compacto realzan calidad de vida del paciente. Un m\u00f3dem interno facilita la transferencia remota de datos a los m\u00e9dicos, y una mirilla interna con disparador de flujo\/presi\u00f3n promueve la sincron\u00eda del paciente. Los ventiladores del alcanzable son altamente eficientes en t\u00e9rminos de ox\u00edgeno y de consumo de energ\u00eda comparados con otros ventiladores portables. Son f\u00e1ciles de funcionar, convenientes utilizar y rentable a propio.<\/p>\n<ul>\n<li>Ofrece ventilaci\u00f3n de control de volumen y presi\u00f3n.<\/li>\n<li>Accionamiento del flujo y\/o de la presi\u00f3n para la sincron\u00eda paciente mejorada.<\/li>\n<li>La mirilla interna del dial-in hace que las conjeturas se ajusten a la sensibilidad del gatillo de presi\u00f3n.<\/li>\n<li>Soporte de presi\u00f3n para mejorar el destete y mejorar la comodidad del paciente y el ventilador\/sincron\u00eda del paciente.<\/li>\n<li>La sensibilidad espiratoria mejora la sincron\u00eda del paciente al permitir que el m\u00e9dico Ajuste el porcentaje de flujo inspiratorio m\u00e1ximo que ciclar\u00e1 el ventilador de la inspiraci\u00f3n a la expiraci\u00f3n en el apoyo a la presi\u00f3n.<\/li>\n<li>Vida de bater\u00eda excepcional para la movilidad extendida.<\/li>\n<li>Mezcla interna del O2 para la entrega exacta del ox\u00edgeno del 21% al 100%. (modelo PSO2)<\/li>\n<li>L\u00edmite de aceleraci\u00f3n de caudal.<\/li>\n<li>La memoria interna y el m\u00f3dem permiten el acceso a los datos almacenados, proporcionando una herramienta para solucionar las alarmas y evaluar la efectividad de los ajustes de los pacientes.<\/li>\n<li>Puede ser utilizado con los pacientes pedi\u00e1tricos tan peque\u00f1os como 5 kilogramos.<\/li>\n<\/ul>\n<p>&nbsp;<\/p>\n","protected":false},"excerpt":{"rendered":"<p>La operaci\u00f3n extendida de la bater\u00eda y un dise\u00f1o ligero, compacto realzan calidad de vida del paciente. Un m\u00f3dem interno facilita la transferencia remota de datos a los m\u00e9dicos, y una mirilla interna con disparador de flujo\/presi\u00f3n promueve la sincron\u00eda del paciente. Los ventiladores del alcanzable son altamente eficientes en t\u00e9rminos de ox\u00edgeno y de consumo de energ\u00eda comparados con otros ventiladores portables. Son f\u00e1ciles de funcionar, convenientes utilizar y rentable a propio.<\/p>\n","protected":false},"featured_media":21995,"template":"","meta":{"_acf_changed":false,"_relevanssi_hide_post":"","_relevanssi_hide_content":"","_relevanssi_pin_for_all":"","_relevanssi_pin_keywords":"","_relevanssi_unpin_keywords":"","_relevanssi_related_keywords":"","_relevanssi_related_include_ids":"","_relevanssi_related_exclude_ids":"","_relevanssi_related_no_append":"","_relevanssi_related_not_related":"","_relevanssi_related_posts":"","_relevanssi_noindex_reason":"","inline_featured_image":false},"pwb-brand":[1107],"product_brand":[],"product_cat":[51,4780],"product_tag":[352,5561,5211,466,5557,5560,5559,5558,5227,5553,5556,5554,5555,5552,5551,1028,6886],"class_list":{"0":"post-4444","1":"product","2":"type-product","3":"status-publish","4":"has-post-thumbnail","6":"pwb-brand-equipo-medico-medtronic","7":"product_cat-ventiladores","8":"product_cat-ventiladores-portatil","9":"product_tag-covidien","10":"product_tag-covidien-puritain-bennett-achieva-ventiladores","11":"product_tag-covidien-ventiladores","12":"product_tag-medtronic","13":"product_tag-medtronic-convidien","14":"product_tag-medtronic-covidien-puritain-bennett-achieva","15":"product_tag-medtronic-covidien-puritan-bennett","16":"product_tag-medtronic-covidien-ventiladores","17":"product_tag-medtronic-ventiladores","18":"product_tag-pb-achieva","19":"product_tag-pb-achieva-achieva-ps-ventiladores","20":"product_tag-pb-achieva-ventiladores","21":"product_tag-pbachieva-achieva-ps","22":"product_tag-puritain-bennett-achieva","23":"product_tag-puritain-bennett-ventiladores","24":"product_tag-ventiladores","25":"product_tag-ventiladores-medtronic-y-puritan-bennett","27":"first","28":"instock","29":"purchasable","30":"product-type-simple"},"acf":[],"brands":[{"id":1107,"name":"Medtronic","slug":"equipo-medico-medtronic"}],"_links":{"self":[{"href":"https:\/\/www.somatechnology.com\/spanish\/wp-json\/wp\/v2\/product\/4444","targetHints":{"allow":["GET"]}}],"collection":[{"href":"https:\/\/www.somatechnology.com\/spanish\/wp-json\/wp\/v2\/product"}],"about":[{"href":"https:\/\/www.somatechnology.com\/spanish\/wp-json\/wp\/v2\/types\/product"}],"wp:featuredmedia":[{"embeddable":true,"href":"https:\/\/www.somatechnology.com\/spanish\/wp-json\/wp\/v2\/media\/21995"}],"wp:attachment":[{"href":"https:\/\/www.somatechnology.com\/spanish\/wp-json\/wp\/v2\/media?parent=4444"}],"wp:term":[{"taxonomy":"pwb-brand","embeddable":true,"href":"https:\/\/www.somatechnology.com\/spanish\/wp-json\/wp\/v2\/pwb-brand?post=4444"},{"taxonomy":"product_brand","embeddable":true,"href":"https:\/\/www.somatechnology.com\/spanish\/wp-json\/wp\/v2\/product_brand?post=4444"},{"taxonomy":"product_cat","embeddable":true,"href":"https:\/\/www.somatechnology.com\/spanish\/wp-json\/wp\/v2\/product_cat?post=4444"},{"taxonomy":"product_tag","embeddable":true,"href":"https:\/\/www.somatechnology.com\/spanish\/wp-json\/wp\/v2\/product_tag?post=4444"}],"curies":[{"name":"wp","href":"https:\/\/api.w.org\/{rel}","templated":true}]}}