{"id":4449,"date":"2016-07-19T21:27:47","date_gmt":"2016-07-19T21:27:47","guid":{"rendered":"http:\/\/equipomedicocentral.com\/wordpress\/product\/chick-cst-surgical-table\/"},"modified":"2023-08-23T06:11:27","modified_gmt":"2023-08-23T10:11:27","slug":"midmark-chick-cst","status":"publish","type":"product","link":"https:\/\/www.somatechnology.com\/spanish\/equipo-medico-usado-remanufacturado\/mesas-de-cirugia\/midmark-chick-cst\/","title":{"rendered":"Midmark Chick CST"},"content":{"rendered":"<h2>Caracter\u00edsticas Midmark Chick CST<\/h2>\n<p>La mesa quir\u00fargica principal de la <strong>CST<\/strong> de la marca de la zona que tiene un reposacabezas extra\u00edble y una secci\u00f3n de pierna dividida que permite que cada pata se coloque manualmente independientemente. El pedestal principal de la elevaci\u00f3n est\u00e1 en el extremo de la cabeza de la tabla, de que permite la proyecci\u00f3n de imagen completa del paciente (cabeza-a-dedo del pie) sin la obstrucci\u00f3n. Esta mesa est\u00e1 el\u00e9ctricamente alimentada. Esta energ\u00eda recarg\u00f3 el sistema hidr\u00e1ulico del acumulador que activa las funciones de la tabla durante cirug\u00eda sin ser enchufado en el sistema el\u00e9ctrico de las instalaciones.<\/p>\n<ul>\n<li>Compatible con C-arm.<\/li>\n<li>Opera en energ\u00eda el\u00e9ctrica almacenada o anulaci\u00f3n manual.<\/li>\n<li>No se requiere conexi\u00f3n el\u00e9ctrica continua.<\/li>\n<li>Acomoda una amplia gama de procedimientos incluyendo la laparoscopia y cistectom\u00eda.<\/li>\n<\/ul>\n<h2>Especificaciones de Midmark CST Chick<\/h2>\n<h3>Dimensiones<\/h3>\n<ul>\n<li>Altura: 42 \u2033 (106,6 cm)<\/li>\n<li>Anchura: 20 \u2033 (50,8 cm)<\/li>\n<li>Longitud: 75 \u2033 (190,5 cm)<\/li>\n<li>Peso: 400 lbs (181.4 kg)<\/li>\n<\/ul>\n<h3>Movimientos de la mesa<\/h3>\n<ul>\n<li>Inclinaci\u00f3n lateral: 20 \u00b0<\/li>\n<li>Tendelenburg: 30<em>\u00b0<\/em><\/li>\n<\/ul>\n<p>&nbsp;<\/p>\n","protected":false},"excerpt":{"rendered":"<p>Mesas Quir\u00fargicas<\/p>\n","protected":false},"featured_media":11743,"template":"","meta":{"_acf_changed":false,"_relevanssi_hide_post":"","_relevanssi_hide_content":"","_relevanssi_pin_for_all":"","_relevanssi_pin_keywords":"","_relevanssi_unpin_keywords":"","_relevanssi_related_keywords":"","_relevanssi_related_include_ids":"","_relevanssi_related_exclude_ids":"","_relevanssi_related_no_append":"","_relevanssi_related_not_related":"","_relevanssi_related_posts":"","_relevanssi_noindex_reason":"","inline_featured_image":false},"pwb-brand":[1150],"product_brand":[],"product_cat":[72],"product_tag":[4713,4714,4715,3098,3095,3094,2500,4710,4711,4712,3100,3099],"class_list":{"0":"post-4449","1":"product","2":"type-product","3":"status-publish","4":"has-post-thumbnail","6":"pwb-brand-equipo-medico-midmark","7":"product_cat-mesas-de-cirugia","8":"product_tag-chick","9":"product_tag-chick-cst","10":"product_tag-cst","11":"product_tag-mesa","12":"product_tag-mesa-quirurgica","13":"product_tag-mesas","14":"product_tag-mesas-quirurgicas","15":"product_tag-midmark","16":"product_tag-midmark-chick","17":"product_tag-midmark-chick-cst","18":"product_tag-quirurgica","19":"product_tag-quirurgicas","21":"first","22":"instock","23":"purchasable","24":"product-type-simple"},"acf":[],"brands":[{"id":1150,"name":"Midmark","slug":"equipo-medico-midmark"}],"_links":{"self":[{"href":"https:\/\/www.somatechnology.com\/spanish\/wp-json\/wp\/v2\/product\/4449","targetHints":{"allow":["GET"]}}],"collection":[{"href":"https:\/\/www.somatechnology.com\/spanish\/wp-json\/wp\/v2\/product"}],"about":[{"href":"https:\/\/www.somatechnology.com\/spanish\/wp-json\/wp\/v2\/types\/product"}],"wp:featuredmedia":[{"embeddable":true,"href":"https:\/\/www.somatechnology.com\/spanish\/wp-json\/wp\/v2\/media\/11743"}],"wp:attachment":[{"href":"https:\/\/www.somatechnology.com\/spanish\/wp-json\/wp\/v2\/media?parent=4449"}],"wp:term":[{"taxonomy":"pwb-brand","embeddable":true,"href":"https:\/\/www.somatechnology.com\/spanish\/wp-json\/wp\/v2\/pwb-brand?post=4449"},{"taxonomy":"product_brand","embeddable":true,"href":"https:\/\/www.somatechnology.com\/spanish\/wp-json\/wp\/v2\/product_brand?post=4449"},{"taxonomy":"product_cat","embeddable":true,"href":"https:\/\/www.somatechnology.com\/spanish\/wp-json\/wp\/v2\/product_cat?post=4449"},{"taxonomy":"product_tag","embeddable":true,"href":"https:\/\/www.somatechnology.com\/spanish\/wp-json\/wp\/v2\/product_tag?post=4449"}],"curies":[{"name":"wp","href":"https:\/\/api.w.org\/{rel}","templated":true}]}}