{"id":4451,"date":"2016-07-19T21:27:47","date_gmt":"2016-07-19T21:27:47","guid":{"rendered":"http:\/\/equipomedicocentral.com\/wordpress\/product\/abbott-lifecare-4100-pca2\/"},"modified":"2025-09-23T12:55:54","modified_gmt":"2025-09-23T16:55:54","slug":"abbott-lifecare-4100-pca2","status":"publish","type":"product","link":"https:\/\/www.somatechnology.com\/spanish\/equipo-medico-usado-remanufacturado\/terapia-intravenosa\/bombas-intravenosas\/abbott-lifecare-4100-pca2\/","title":{"rendered":"Hospira Abbott Lifecare 4100 PCA+2"},"content":{"rendered":"<h2>Bomba de Infusi\u00f3n Hospira Abbott Lifecare 4100 PCA+2<\/h2>\n<p>El sistema de la bomba de la infusi\u00f3n de Abbott Lifecare 4100 PCA PLUS II se dise\u00f1a para la entrega segura, eficaz, analg\u00e9sica a los pacientes a trav\u00e9s de las rutas intravenosas o epidurales en una amplia gama de los ajustes cl\u00ednicos, incluyendo ICU, CCU, SICU, unidades del trauma, trasplante de la m\u00e9dula centros, unidades de combusti\u00f3n, centros oncol\u00f3gicos y unidades m\u00e9dicas\/quir\u00fargicas de enfermer\u00eda.<\/p>\n","protected":false},"excerpt":{"rendered":"<p>El sistema de la bomba de la infusi\u00f3n de Abbott Lifecare 4100 PCA PLUS II se dise\u00f1a para la entrega segura, eficaz, analg\u00e9sica a los pacientes a trav\u00e9s de las rutas intravenosas o epidurales en una amplia gama de los ajustes cl\u00ednicos, incluyendo ICU, CCU, SICU, unidades del trauma, trasplante de la m\u00e9dula centros, unidades de combusti\u00f3n, centros oncol\u00f3gicos y unidades m\u00e9dicas\/quir\u00fargicas de enfermer\u00eda.<\/p>\n","protected":false},"featured_media":6095,"template":"","meta":{"_acf_changed":false,"_relevanssi_hide_post":"","_relevanssi_hide_content":"","_relevanssi_pin_for_all":"","_relevanssi_pin_keywords":"","_relevanssi_unpin_keywords":"","_relevanssi_related_keywords":"","_relevanssi_related_include_ids":"","_relevanssi_related_exclude_ids":"","_relevanssi_related_no_append":"","_relevanssi_related_not_related":"","_relevanssi_related_posts":"","_relevanssi_noindex_reason":"","inline_featured_image":false},"pwb-brand":[1323],"product_brand":[],"product_cat":[52],"product_tag":[3611,3810,3809,3812,3813,3811],"class_list":{"0":"post-4451","1":"product","2":"type-product","3":"status-publish","4":"has-post-thumbnail","6":"pwb-brand-bombas-intravenosas-hospira","7":"product_cat-bombas-intravenosas","8":"product_tag-bomba-de-infusion","9":"product_tag-bomba-de-infusion-hospira","10":"product_tag-bomba-de-infusion-hospira-abbott","11":"product_tag-bomba-de-infusion-hospira-abbott-lifecare","12":"product_tag-bomba-de-infusion-hospira-abbott-lifecare-4100","13":"product_tag-bomba-de-infusion-hospira-abbott-lifecare-4100-pca2","15":"first","16":"instock","17":"purchasable","18":"product-type-simple"},"acf":[],"brands":[{"id":1323,"name":"Hospira","slug":"bombas-intravenosas-hospira"}],"_links":{"self":[{"href":"https:\/\/www.somatechnology.com\/spanish\/wp-json\/wp\/v2\/product\/4451","targetHints":{"allow":["GET"]}}],"collection":[{"href":"https:\/\/www.somatechnology.com\/spanish\/wp-json\/wp\/v2\/product"}],"about":[{"href":"https:\/\/www.somatechnology.com\/spanish\/wp-json\/wp\/v2\/types\/product"}],"wp:featuredmedia":[{"embeddable":true,"href":"https:\/\/www.somatechnology.com\/spanish\/wp-json\/wp\/v2\/media\/6095"}],"wp:attachment":[{"href":"https:\/\/www.somatechnology.com\/spanish\/wp-json\/wp\/v2\/media?parent=4451"}],"wp:term":[{"taxonomy":"pwb-brand","embeddable":true,"href":"https:\/\/www.somatechnology.com\/spanish\/wp-json\/wp\/v2\/pwb-brand?post=4451"},{"taxonomy":"product_brand","embeddable":true,"href":"https:\/\/www.somatechnology.com\/spanish\/wp-json\/wp\/v2\/product_brand?post=4451"},{"taxonomy":"product_cat","embeddable":true,"href":"https:\/\/www.somatechnology.com\/spanish\/wp-json\/wp\/v2\/product_cat?post=4451"},{"taxonomy":"product_tag","embeddable":true,"href":"https:\/\/www.somatechnology.com\/spanish\/wp-json\/wp\/v2\/product_tag?post=4451"}],"curies":[{"name":"wp","href":"https:\/\/api.w.org\/{rel}","templated":true}]}}