{"id":4458,"date":"2016-07-19T21:28:47","date_gmt":"2016-07-19T21:28:47","guid":{"rendered":"http:\/\/equipomedicocentral.com\/wordpress\/product\/ge-corometrics-129\/"},"modified":"2026-01-03T02:58:45","modified_gmt":"2026-01-03T07:58:45","slug":"ge-corometrics-129","status":"publish","type":"product","link":"https:\/\/www.somatechnology.com\/spanish\/equipo-medico-usado-remanufacturado\/ucii-nicu-unidades-neonatales-cuidado-intensivo\/monitores-fetales\/ge-corometrics-129\/","title":{"rendered":"GE Corometrics 129"},"content":{"rendered":"<div class=\"wpb-content-wrapper\"><p>[vc_row][vc_column][vc_column_text css=\u00bb\u00bb]<\/p>\n<h2>GE Corometrics 129<\/h2>\n<p>El monitor fetal <strong>GE Corometrics 129<\/strong> es el monitor fetal de primera l\u00ednea, totalmente equipado, de la serie <a href=\"https:\/\/www.somatechnology.com\/spanish\/equipo-medico-usado-remanufacturado\/ucii-nicu-unidades-neonatales-cuidado-intensivo\/monitores-fetales\/ge-corometrics-120\/\" target=\"_blank\" rel=\"noopener\">GE Corometrics 120<\/a>. Este monitor maternal\/fetal comprensivo proporciona la capacidad de hacer frente a cada necesidad de la supervisi\u00f3n para la madre y el feto.<\/p>\n<ul>\n<li>ECG 3-Lead maternal<\/li>\n<li>Detecci\u00f3n de Pacer<\/li>\n<li>Selecci\u00f3n de plomo<\/li>\n<li>Visualizaci\u00f3n de la forma de onda<\/li>\n<li>NIBP materna integrada y MSpO2<\/li>\n<li>Ultrasonido dual<\/li>\n<li>FECG<\/li>\n<li>Actividad uterina<\/li>\n<li>Garant\u00eda est\u00e1ndar de un (1) a\u00f1o en todas las piezas y mano de obra<\/li>\n<\/ul>\n<h3>Especificaciones<\/h3>\n<ul>\n<li>T\u00e9cnica: Doppler del pulso con el proceso de la autocorrelaci\u00f3n<\/li>\n<li>Tipo del transductor: 9-Crystal<\/li>\n<li>Frecuencia de recepci\u00f3n de pulso: 4 kHz solo modo de ultrasonido, 2 kHz modo de ultrasonido dual<\/li>\n<li>Duraci\u00f3n del pulso: 92 \u00b5s<\/li>\n<li>Frecuencia del transmisor: 1,151 MHz<\/li>\n<li>Intensidad: &lt; 5Mw\/cm2<\/li>\n<li>Rango de conteo de ritmo card\u00edaco: 50-210 BPM<\/li>\n<li>Corriente de fuga: &lt; 10 \u00b5A at 120-240 VAC, aislada por un transductor<\/li>\n<\/ul>\n<div id=\"mttContainer\" class=\"notranslate\" style=\"transform: translate(337px, 211px);\" aria-expanded=\"false\"><\/div>\n<p>[\/vc_column_text][\/vc_column][\/vc_row]<\/p>\n<\/div>","protected":false},"excerpt":{"rendered":"<p>Monitor Fetal<\/p>\n","protected":false},"featured_media":10132,"template":"","meta":{"_acf_changed":false,"_relevanssi_hide_post":"","_relevanssi_hide_content":"","_relevanssi_pin_for_all":"","_relevanssi_pin_keywords":"","_relevanssi_unpin_keywords":"","_relevanssi_related_keywords":"","_relevanssi_related_include_ids":"","_relevanssi_related_exclude_ids":"","_relevanssi_related_no_append":"","_relevanssi_related_not_related":"","_relevanssi_related_posts":"","_relevanssi_noindex_reason":"","inline_featured_image":false},"pwb-brand":[1100],"product_brand":[],"product_cat":[3649,105],"product_tag":[2828,224,2815,2827,3531,3533,3544],"class_list":{"0":"post-4458","1":"product","2":"type-product","3":"status-publish","4":"has-post-thumbnail","6":"pwb-brand-equipo-medico-ge","7":"product_cat-monitores-fetales","8":"product_cat-monitores-fetales-intrapartum","9":"product_tag-corometrics-129","10":"product_tag-ge","11":"product_tag-ge-corometrics","12":"product_tag-ge-corometrics-129","13":"product_tag-monitores","14":"product_tag-monitores-fetales-intrapartum","15":"product_tag-monitors-fetales","17":"first","18":"instock","19":"purchasable","20":"product-type-simple"},"acf":[],"brands":[{"id":1100,"name":"GE","slug":"equipo-medico-ge"}],"_links":{"self":[{"href":"https:\/\/www.somatechnology.com\/spanish\/wp-json\/wp\/v2\/product\/4458","targetHints":{"allow":["GET"]}}],"collection":[{"href":"https:\/\/www.somatechnology.com\/spanish\/wp-json\/wp\/v2\/product"}],"about":[{"href":"https:\/\/www.somatechnology.com\/spanish\/wp-json\/wp\/v2\/types\/product"}],"wp:featuredmedia":[{"embeddable":true,"href":"https:\/\/www.somatechnology.com\/spanish\/wp-json\/wp\/v2\/media\/10132"}],"wp:attachment":[{"href":"https:\/\/www.somatechnology.com\/spanish\/wp-json\/wp\/v2\/media?parent=4458"}],"wp:term":[{"taxonomy":"pwb-brand","embeddable":true,"href":"https:\/\/www.somatechnology.com\/spanish\/wp-json\/wp\/v2\/pwb-brand?post=4458"},{"taxonomy":"product_brand","embeddable":true,"href":"https:\/\/www.somatechnology.com\/spanish\/wp-json\/wp\/v2\/product_brand?post=4458"},{"taxonomy":"product_cat","embeddable":true,"href":"https:\/\/www.somatechnology.com\/spanish\/wp-json\/wp\/v2\/product_cat?post=4458"},{"taxonomy":"product_tag","embeddable":true,"href":"https:\/\/www.somatechnology.com\/spanish\/wp-json\/wp\/v2\/product_tag?post=4458"}],"curies":[{"name":"wp","href":"https:\/\/api.w.org\/{rel}","templated":true}]}}