{"id":4466,"date":"2016-07-19T21:28:47","date_gmt":"2016-07-19T21:28:47","guid":{"rendered":"http:\/\/equipomedicocentral.com\/wordpress\/product\/valleylab-force-triad\/"},"modified":"2025-12-11T04:41:24","modified_gmt":"2025-12-11T09:41:24","slug":"valleylab-force-triad","status":"publish","type":"product","link":"https:\/\/www.somatechnology.com\/spanish\/equipo-medico-usado-remanufacturado\/unidades-electroquirurgicas-electrobisturis\/valleylab-force-triad\/","title":{"rendered":"Medtronic Covidien Valleylab Force Triad"},"content":{"rendered":"<h2>Covidien Valleylab Force TRIAD<\/h2>\n<ul>\n<li>La tecnolog\u00eda de detecci\u00f3n de TissueFect es un sistema de control Valleylab dise\u00f1ado para administrar con precisi\u00f3n la entrega de energ\u00eda, creando una gama de opciones para el efecto de tejido deseado.<\/li>\n<li>La tecnolog\u00eda mejorada de fusi\u00f3n tisular LigaSure fusiona permanentemente vasos de hasta 7 mm, linf\u00e1ticos, haces de tejido y vascular pulmonar.<\/li>\n<li>La unidad todo en uno es compatible con instrumentos electroquir\u00fargicos convencionales y todos los instrumentos actuales y nuevos de LigaSure.<\/li>\n<\/ul>\n<h3>Informaci\u00f3n General<\/h3>\n<ul>\n<li>Configuraci\u00f3n de salida: salida de aislamiento.<\/li>\n<li>Enfriamiento: convecci\u00f3n natural y ventilador.<\/li>\n<li>Pantalla: Tres pantallas t\u00e1ctiles LCD.<\/li>\n<li>Puertos de conectores: LED iluminado Lectores de conectores inteligentes<\/li>\n<li>Carro de plataforma de energ\u00eda Force Triad (FT900) Universal.<\/li>\n<li>Carro de montaje (UC8009), y \/ o el sobreestante UC8010.<\/li>\n<li>Sistemas de barra de quir\u00f3fano.<\/li>\n<\/ul>\n<p>Cualquier superficie estable y plana como una mesa o carrito.<\/p>\n<h3>Dimensiones y Peso<\/h3>\n<ul>\n<li>Altura: 25.5 cm (10 in)<\/li>\n<li>Ancho: 45.8 cm (18 in)<\/li>\n<li>Profundidad: 50,8 cm (20 in)<\/li>\n<li>Peso: 13.6 kg (30 lbs)<\/li>\n<\/ul>\n<h3>Tono de activaci\u00f3n<\/h3>\n<ul>\n<li>Los niveles de audio indicados a continuaci\u00f3n son para tonos de activaci\u00f3n (corte, Valleylab, coag, bipolar y modos LigaSure) y tonos de alarma (REM y alarmas del sistema) a una distancia de un metro.<\/li>\n<\/ul>\n<h3>Volume and Frequency<\/h3>\n<ul>\n<li><strong>Volumen (ajustable): <\/strong>45 to 65 dBA<\/li>\n<li><strong>Corte de Frecuencia: <\/strong>-660 Hz<\/li>\n<\/ul>\n<ul>\n<li>Valleylab: 800 Hz.<\/li>\n<li>Coag: 940 Hz.<\/li>\n<li>Bipolar: 940 Hz.<\/li>\n<li>LigaSure: 440 Hz.<\/li>\n<li><strong>Duraci\u00f3n: <\/strong>Continuo mientras el sistema est\u00e1 activado.<\/li>\n<\/ul>\n<h3>Tono de alarma<\/h3>\n<ul>\n<li><strong>Volumen (ajustable): <\/strong>&gt;65 dBA.<\/li>\n<\/ul>\n<ul>\n<li><strong>Frecuencia: <\/strong>-REM: 660 Hz.<\/li>\n<\/ul>\n<ul>\n<li>Regrassp: Two tones: High= 985 Hz, Low = 780 Hz.<\/li>\n<li>Seal Complete: 985 Hz.<\/li>\n<li>Error\/System Alert: Beep tone = 1400 Hz.<\/li>\n<li><strong>Duraci\u00f3n<\/strong><strong>: <\/strong><\/li>\n<\/ul>\n<ul>\n<li style=\"list-style-type: none;\">\n<ul>\n<li>REM: dos tonos de 1\/2 segundo separados por 1\/2 segundo para cada evento REM<\/li>\n<li>Reactivate \/ Regrassp: Cuatro tonos de 175 mseg: alto, bajo, alto-bajo, separados por 1\/2 segundo.<\/li>\n<li>Instrumento de verificaci\u00f3n: Seis tonos de 175 mseg: alto, bajo, alto bajo, alto, bajo. Nivel completo: dos tonos de 175 mseg separados por 175 mseg por cada evento Seal Complete.<\/li>\n<li>Alerta de error \/ sistema: dos tonos de 1\/2 segundo separados por 1\/2 segundo para cada evento de alerta de error \/ sistema.<\/li>\n<\/ul>\n<\/li>\n<\/ul>\n<h3>Monitor de calidad de contacto REM<\/h3>\n<ul>\n<li><strong>Frecuencia de interrogaci\u00f3n: <\/strong>80 kHz \u00b1 10 kHz<\/li>\n<li><strong>Interrogaci\u00f3n actual: <\/strong>&lt; 100\u03bcA<\/li>\n<li><strong>Voltaje de interrogaci\u00f3n: <\/strong>&lt; 12V RMS<\/li>\n<\/ul>\n<h3>Rango de Resistencia Aceptable<\/h3>\n<ul>\n<li>Las mediciones de resistencia REM son \u00b1 10% durante la activaci\u00f3n de RF y \u00b1 5% cuando la salida de RF no est\u00e1 activada.<\/li>\n<li>Electrodo de retorno del paciente REM: 5 a 135 ohmios o hasta un aumento del 40% en la resistencia de contacto medida inicial (que siempre es menor).<\/li>\n<li>Si la resistencia medida est\u00e1 fuera de los rangos aceptables indicados anteriormente, se produce una condici\u00f3n de falla REM.<\/li>\n<\/ul>\n<h3>Activaci\u00f3n de alarma REM<\/h3>\n<ul>\n<li>Electrodo de retorno del paciente REM: cuando la resistencia medida excede el rango est\u00e1ndar de resistencia segura (por debajo de 5 ohmios o por encima de 135 ohmios) o cuando la resistencia de contacto medida aumenta un 40% (lo que sea menor), el indicador de alarma REM se agranda y parpadea rojo y amarillo, un tono suena dos veces, y la salida de RF est\u00e1 desactivada. El indicador permanece iluminado en rojo y amarillo hasta que corrija la condici\u00f3n que causa la alarma. Luego, el indicador se ilumina en verde y la salida de RF est\u00e1 habilitada.<\/li>\n<\/ul>\n<h3>Autobipolar<\/h3>\n<ul>\n<li>La plataforma de energ\u00eda ForceTriad est\u00e1 equipada con una funci\u00f3n autobipolar que permite la activaci\u00f3n autom\u00e1tica de la energ\u00eda bipolar.<\/li>\n<li>Nota: La funci\u00f3n del electrodo autobipolar requiere el uso del cable del instrumento bipolar Valleylab E0018.<\/li>\n<li>Especificaciones autobipolares:<\/li>\n<li>Frecuencia de interrogaci\u00f3n: 80 kHz \u00b1 10 kHz.<\/li>\n<li>Corriente de interrogaci\u00f3n: &lt;100 \u03bc<\/li>\n<li>Impedancia de activaci\u00f3n: 20 \u03a9 a 500.<\/li>\n<li>Impedancia de desactivaci\u00f3n: seleccionable por el usuario: 1.500 \u03a9800 \u03a9 o 2.200 \u03a9.<\/li>\n<li>Precisi\u00f3n de medici\u00f3n: \u00b1 14% de la impedancia de activaci\u00f3n de escala completa, mientras que la activaci\u00f3n est\u00e1 activa por encima de 10 vatios.<\/li>\n<li>+ 50%, -14% de la impedancia de activaci\u00f3n a escala completa mientras se activa a 10 vatios o menos.<\/li>\n<li>\u00b1 5% de la impedancia de activaci\u00f3n de escala completa mientras la clave est\u00e1 inactiva.<\/li>\n<li>Retardo de codificaci\u00f3n: seleccionable por el usuario en incrementos de 500 mseg desde 0 segundos a 2.5 segundos<\/li>\n<\/ul>\n<h3>Ciclo de Trabajo<\/h3>\n<ul>\n<li>Bajo los ajustes de potencia m\u00e1xima y las condiciones de carga nominal, la plataforma de energ\u00eda ForceTriad es capaz de operar un ciclo de trabajo del 25% definido como 10 segundos activos y 30 segundos inactivos, en cualquier modo durante un per\u00edodo de 4 horas.<\/li>\n<li>Precauci\u00f3n\n<ul>\n<li>El uso de ciclos de trabajo superiores al 25% (10 segundos activos seguidos por 30 segundos inactivos) aumentar\u00e1 el riesgo de que la acumulaci\u00f3n de calor bajo un electrodo de retorno pueda ser lo suficientemente alta como para da\u00f1ar al paciente. No lo active continuamente por m\u00e1s de un minuto.<\/li>\n<\/ul>\n<\/li>\n<\/ul>\n<h3>Baja Frecuencia (50\/60 Hz) Corriente de Fuga<\/h3>\n<ul>\n<li>Corriente fuente de la carcasa, tierra abierta &lt;300 \u03bcA.<\/li>\n<li>Corriente de fuente, cables de paciente, todas las salidas\n<ul>\n<li>Polaridad normal, suelo intacto: &lt;10 \u03bcA.<\/li>\n<li>Polaridad normal, tierra abierta: &lt;50 \u03bcA.<\/li>\n<li>Polaridad inversa, tierra abierta: &lt;50 \u03bcA.<\/li>\n<li>Voltaje de red en la parte aplicada: &lt;50 \u03bcA.<\/li>\n<\/ul>\n<\/li>\n<li>Sumidero de corriente en l\u00ednea alta, todas las entradas &lt;50 \u03bcA<\/li>\n<\/ul>\n<h3>Potencia de Entrada<\/h3>\n<h3>100-120 V<\/h3>\n<ul>\n<li>VA m\u00e1ximo a tensi\u00f3n de l\u00ednea nominal:<\/li>\n<\/ul>\n<ul>\n<li>Idle: 52 VA<\/li>\n<li>Bipolar: 450 VA<\/li>\n<li>Cut: 924 VA<\/li>\n<li>Coag: 530 VA<\/li>\n<\/ul>\n<ul>\n<li>Voltaje de red de entrada, Rango de registro completo:<\/li>\n<\/ul>\n<ul>\n<li>90-132 Vac<\/li>\n<\/ul>\n<ul>\n<li>Voltaje de red de entrada, rango de operaci\u00f3n:<\/li>\n<\/ul>\n<ul>\n<li>85-132 Vac<\/li>\n<\/ul>\n<h3>220-240 Volt<\/h3>\n<ul>\n<li>VA m\u00e1ximo a voltaje de l\u00ednea nominal:<\/li>\n<li>Inactivo: 52 VA<\/li>\n<li>Bipolar: 450 VA<\/li>\n<li>Corte: 924 VA<\/li>\n<li>Coag: 530 VA<\/li>\n<li>Voltaje de red de entrada, Rango de registro completo:<\/li>\n<li>208-264 VCA<\/li>\n<li>Tensi\u00f3n de red de entrada, rango de operaci\u00f3n:<\/li>\n<li>170-264 VCA<\/li>\n<\/ul>\n<h3>100-120 Volt<\/h3>\n<ul>\n<li>Corriente de red (m\u00e1xima):<\/li>\n<li>Inactivo: 0.4 A<\/li>\n<li>Bipolar: 2.0 A<\/li>\n<li>Corte: 7.0 A<\/li>\n<li>Coag: 4.0 VA<\/li>\n<li>LigaSure: 5.0 VA<\/li>\n<li>Rango de Frecuencia de la L\u00ednea de Red (Nominal):<\/li>\n<li>50 Hz a 60 Hz<\/li>\n<li>Fusibles (2): 5 mm x 20 mm A8, 250 V:<\/li>\n<li>Golpe r\u00e1pido<\/li>\n<li>Cable de alimentaci\u00f3n: grado hospitalario de 3 puntas:<\/li>\n<li>Conector<\/li>\n<\/ul>\n<h3>220-240 Volt<\/h3>\n<ul>\n<li>Corriente de red (m\u00e1xima):<\/li>\n<li>Inactivo: 0.2 A<\/li>\n<li>Bipolar: 1.0 A<\/li>\n<li>Corte: 3.5 A<\/li>\n<li>Coag: 2.0 VA<\/li>\n<li>LigaSure: 2.5 VA<\/li>\n<li>Rango de Frecuencia de la L\u00ednea de Red (Nominal):<\/li>\n<li>50 Hz a 60 Hz<\/li>\n<li>Fusibles (2): 5 mm x 20 mm A8, 250 V:<\/li>\n<li>Golpe r\u00e1pido<\/li>\n<li>Cable de alimentaci\u00f3n: grado hospitalario de 3 puntas:<\/li>\n<li>Conector<\/li>\n<\/ul>\n","protected":false},"excerpt":{"rendered":"<p>Electrobisturis<\/p>\n","protected":false},"featured_media":8912,"template":"","meta":{"_acf_changed":false,"_relevanssi_hide_post":"","_relevanssi_hide_content":"","_relevanssi_pin_for_all":"","_relevanssi_pin_keywords":"","_relevanssi_unpin_keywords":"","_relevanssi_related_keywords":"","_relevanssi_related_include_ids":"","_relevanssi_related_exclude_ids":"","_relevanssi_related_no_append":"","_relevanssi_related_not_related":"","_relevanssi_related_posts":"","_relevanssi_noindex_reason":"","inline_featured_image":false},"pwb-brand":[1107],"product_brand":[],"product_cat":[76],"product_tag":[753,757,751,755,754,756,752],"class_list":{"0":"post-4466","1":"product","2":"type-product","3":"status-publish","4":"has-post-thumbnail","6":"pwb-brand-equipo-medico-medtronic","7":"product_cat-unidades-electroquirurgicas-electrobisturis","8":"product_tag-covidien-valleylab","9":"product_tag-covidien-valleylab-force","10":"product_tag-covidien-valleylab-force-triad","11":"product_tag-force-triad","12":"product_tag-triad","13":"product_tag-valleylab-force","14":"product_tag-valleylab-force-triad","16":"first","17":"instock","18":"purchasable","19":"product-type-simple"},"acf":[],"brands":[{"id":1107,"name":"Medtronic","slug":"equipo-medico-medtronic"}],"_links":{"self":[{"href":"https:\/\/www.somatechnology.com\/spanish\/wp-json\/wp\/v2\/product\/4466","targetHints":{"allow":["GET"]}}],"collection":[{"href":"https:\/\/www.somatechnology.com\/spanish\/wp-json\/wp\/v2\/product"}],"about":[{"href":"https:\/\/www.somatechnology.com\/spanish\/wp-json\/wp\/v2\/types\/product"}],"wp:featuredmedia":[{"embeddable":true,"href":"https:\/\/www.somatechnology.com\/spanish\/wp-json\/wp\/v2\/media\/8912"}],"wp:attachment":[{"href":"https:\/\/www.somatechnology.com\/spanish\/wp-json\/wp\/v2\/media?parent=4466"}],"wp:term":[{"taxonomy":"pwb-brand","embeddable":true,"href":"https:\/\/www.somatechnology.com\/spanish\/wp-json\/wp\/v2\/pwb-brand?post=4466"},{"taxonomy":"product_brand","embeddable":true,"href":"https:\/\/www.somatechnology.com\/spanish\/wp-json\/wp\/v2\/product_brand?post=4466"},{"taxonomy":"product_cat","embeddable":true,"href":"https:\/\/www.somatechnology.com\/spanish\/wp-json\/wp\/v2\/product_cat?post=4466"},{"taxonomy":"product_tag","embeddable":true,"href":"https:\/\/www.somatechnology.com\/spanish\/wp-json\/wp\/v2\/product_tag?post=4466"}],"curies":[{"name":"wp","href":"https:\/\/api.w.org\/{rel}","templated":true}]}}