{"id":4480,"date":"2016-07-19T21:28:47","date_gmt":"2016-07-19T21:28:47","guid":{"rendered":"http:\/\/equipomedicocentral.com\/wordpress\/product\/corometrics-116\/"},"modified":"2025-12-11T02:47:01","modified_gmt":"2025-12-11T07:47:01","slug":"corometrics-116","status":"publish","type":"product","link":"https:\/\/www.somatechnology.com\/spanish\/equipo-medico-usado-remanufacturado\/ucii-nicu-unidades-neonatales-cuidado-intensivo\/monitores-fetales\/corometrics-116\/","title":{"rendered":"Corometrics 116"},"content":{"rendered":"<div class=\"wpb-content-wrapper\"><p>[vc_row][vc_column][vc_column_text css=\u00bb\u00bb]<\/p>\n<h2>Corometrics 116<\/h2>\n<p>La serie de Corometrics 116 es un monitor maternal\/fetal comprensivo, d\u00e1ndole la capacidad de hacer frente a cada necesidad de la supervisi\u00f3n para la madre y el feto. Puede empezar por usar los modos de monitoreo externo y agregar oximetr\u00eda de pulso no invasiva BP, FECG, IUP, maternal y\/o fetal, a medida que las necesidades del paciente cambien, sin cambiar a otro monitor o dispositivo externo.<\/p>\n<ul>\n<li>Toco, transductor del ultrasonido y ECG<\/li>\n<li>Proporciona la supervisi\u00f3n simult\u00e1nea, no invasor de gemelos as\u00ed como la supervisi\u00f3n interna\/eterna y ECG maternal<\/li>\n<li>Almacenamiento y transmisi\u00f3n de datos<\/li>\n<\/ul>\n<p><strong>Dimensiones<\/strong><\/p>\n<ul>\n<li>Altura: 7 pulgadas (17,8 cm)<\/li>\n<li>Anchura: 16,5 pulgadas (41,9 cm)<\/li>\n<li>Profundidad: 17 pulgadas (43,2 cm)<\/li>\n<li>Peso: aproximadamente 34 lbs (15.5 kg)<\/li>\n<\/ul>\n<p><strong>Requisitos de energ\u00eda<\/strong><\/p>\n<ul>\n<li>Voltaje: 100\/120\/220\/240 VAC seleccionable<\/li>\n<li>Frecuencia: 50\/60 Hz<\/li>\n<li>Consumo de energ\u00eda: 100 Watts max<\/li>\n<\/ul>\n<p><strong>ECG directo<\/strong><\/p>\n<ul>\n<li>T\u00e9cnica: pico de detecci\u00f3n de Beat a Beat cardiotachometer.<\/li>\n<li>Rango de conteo de ritmo card\u00edaco: 30-240 BPM<\/li>\n<li>Resoluci\u00f3n del ritmo card\u00edaco: \u00b1 1 BPM<\/li>\n<li>Eliminaci\u00f3n de artefactos: Interruptor seleccionable \u00b1 25 BPM rechazo de artefactos<\/li>\n<li>Diferencial de rango de se\u00f1al de entrada:<\/li>\n<li>\u2013 15 \u00b5V a 2 mV pico a pico (fetal)<\/li>\n<li>\u2013 100 \u00b5V a 2 mV pico a pico (maternal)<\/li>\n<li>Modo com\u00fan: 20 VDC (m\u00e1ximo)<\/li>\n<li>Ancho de banda preamplificador: 1,0 Hz a 100 Hz<\/li>\n<li>Rechazo de modo com\u00fan: &gt; 120 dB balance<\/li>\n<li>Con el cable del paciente: 110 dB 5K RA o la desequilibrio<\/li>\n<li>Ruido equivalente de la entrada: &gt; 10 \u00b5V pico a pico<\/li>\n<li>Impedancia de entrada:<\/li>\n<li>Modo diferencial: &gt; 10 M\u03a9<\/li>\n<li>Modo com\u00fan: &gt; 20 M\u03a9<\/li>\n<li>Rechazo de frecuencia principal: &gt; 40 dB<\/li>\n<li>Corriente de la salida: &gt; 10 \u00b5A en 120 VAC<\/li>\n<li>Aislamiento de la red a la conexi\u00f3n del paciente: &gt; 2 kV<\/li>\n<li>Probador de la placa de la pierna: r-agite simulado en el BPM 120 \u00b1 1<\/li>\n<\/ul>\n<p><strong>Ultrasonido<\/strong><\/p>\n<ul>\n<li>T\u00e9cnica: Doppler pulsado con procesamiento de autocorrelaci\u00f3n<\/li>\n<li>Frecuencia de repetici\u00f3n de pulso:<\/li>\n<li>\u2013 4KHz en un solo modo de ultrasonido<\/li>\n<li>\u2013 2kHz en el modo de ultrasonido dual<\/li>\n<li>Duraci\u00f3n del pulso: 92 \u00b5s<\/li>\n<li>Frecuencia de centro: 1,151 MHz<\/li>\n<li>Intensidad: &lt; 10 mW\/cm2<\/li>\n<li>Rango de conteo de ritmo card\u00edaco: 50-210 BPM<\/li>\n<li>Corriente de la salida: &lt; 10 \u00b5A at 120 VAC<\/li>\n<\/ul>\n<p><strong>Presi\u00f3n<\/strong><\/p>\n<ul>\n<li>Gama: 0-100 mmHg<\/li>\n<li>Tocotransducer: 0-100 unidades relativas (0-120 gramos)<\/li>\n<li>Voltaje de la excitaci\u00f3n: + 4,0 VDC<\/li>\n<li>Resoluci\u00f3n: 1 mmHg<\/li>\n<li>Deriva de la temperatura cero: * corriente de la salida: &lt; 10 \u00b5A at 120 VAC (transductor aislado)<\/li>\n<\/ul>\n<p>[\/vc_column_text][\/vc_column][\/vc_row]<\/p>\n<\/div>","protected":false},"excerpt":{"rendered":"<p>Monitor Fetal<\/p>\n","protected":false},"featured_media":10138,"template":"","meta":{"_acf_changed":false,"_relevanssi_hide_post":"","_relevanssi_hide_content":"","_relevanssi_pin_for_all":"","_relevanssi_pin_keywords":"","_relevanssi_unpin_keywords":"","_relevanssi_related_keywords":"","_relevanssi_related_include_ids":"","_relevanssi_related_exclude_ids":"","_relevanssi_related_no_append":"","_relevanssi_related_not_related":"","_relevanssi_related_posts":"","_relevanssi_noindex_reason":"","inline_featured_image":false},"pwb-brand":[1100],"product_brand":[],"product_cat":[3649,105],"product_tag":[2833,2830,2832],"class_list":{"0":"post-4480","1":"product","2":"type-product","3":"status-publish","4":"has-post-thumbnail","6":"pwb-brand-equipo-medico-ge","7":"product_cat-monitores-fetales","8":"product_cat-monitores-fetales-intrapartum","9":"product_tag-2833","10":"product_tag-corometrics","11":"product_tag-corometrics-116","13":"first","14":"instock","15":"purchasable","16":"product-type-simple"},"acf":[],"brands":[{"id":1100,"name":"GE","slug":"equipo-medico-ge"}],"_links":{"self":[{"href":"https:\/\/www.somatechnology.com\/spanish\/wp-json\/wp\/v2\/product\/4480","targetHints":{"allow":["GET"]}}],"collection":[{"href":"https:\/\/www.somatechnology.com\/spanish\/wp-json\/wp\/v2\/product"}],"about":[{"href":"https:\/\/www.somatechnology.com\/spanish\/wp-json\/wp\/v2\/types\/product"}],"wp:featuredmedia":[{"embeddable":true,"href":"https:\/\/www.somatechnology.com\/spanish\/wp-json\/wp\/v2\/media\/10138"}],"wp:attachment":[{"href":"https:\/\/www.somatechnology.com\/spanish\/wp-json\/wp\/v2\/media?parent=4480"}],"wp:term":[{"taxonomy":"pwb-brand","embeddable":true,"href":"https:\/\/www.somatechnology.com\/spanish\/wp-json\/wp\/v2\/pwb-brand?post=4480"},{"taxonomy":"product_brand","embeddable":true,"href":"https:\/\/www.somatechnology.com\/spanish\/wp-json\/wp\/v2\/product_brand?post=4480"},{"taxonomy":"product_cat","embeddable":true,"href":"https:\/\/www.somatechnology.com\/spanish\/wp-json\/wp\/v2\/product_cat?post=4480"},{"taxonomy":"product_tag","embeddable":true,"href":"https:\/\/www.somatechnology.com\/spanish\/wp-json\/wp\/v2\/product_tag?post=4480"}],"curies":[{"name":"wp","href":"https:\/\/api.w.org\/{rel}","templated":true}]}}