{"id":4494,"date":"2016-07-19T21:29:41","date_gmt":"2016-07-19T21:29:41","guid":{"rendered":"http:\/\/equipomedicocentral.com\/wordpress\/product\/ge-corometrics-259-cx\/"},"modified":"2023-08-23T06:12:00","modified_gmt":"2023-08-23T10:12:00","slug":"ge-corometrics-259-cx","status":"publish","type":"product","link":"https:\/\/www.somatechnology.com\/spanish\/equipo-medico-usado-remanufacturado\/ucii-nicu-unidades-neonatales-cuidado-intensivo\/monitores-fetales\/ge-corometrics-259-cx\/","title":{"rendered":"GE Corometrics 259 CX"},"content":{"rendered":"<div id=\"tabs\">\n<div class=\"tab-content\">\n<div id=\"descPane\" class=\"tab-pane active\">\n<div id=\"ctl00_ctl00_NestedMaster_PageContent_ctl00_ProductDescription1_DescriptionAjax\">\n<div class=\"widget productDescription\">\n<div class=\"innerSection\">\n<div class=\"content\">\n<div class=\"descriptionWrapper\">\n<h2>GE Corometrics 259 CX<\/h2>\n<p>El <strong>GE Corometrics 259 CX<\/strong> es un sistema de supervisi\u00f3n maternal\/fetal antepartum\/intraparto completo que incluye caracter\u00edsticas innovadoras que ayudan a los m\u00e9dicos a ofrecer una experiencia de parto de alta calidad y una mayor atenci\u00f3n al paciente. El 259 CX Corometrics supervisa la actividad uterina y fetal incluyendo ritmo card\u00edaco fetal y ha realzado caracter\u00edsticas maternas de la supervisi\u00f3n incluyendo temperatura, la saturaci\u00f3n del ox\u00edgeno, el ECO, y la presi\u00f3n arterial no invasor. El 259 CX proporciona una supervisi\u00f3n perinatal comprensiva y la flexibilidad y la conveniencia que le dan el acceso inmediato a la informaci\u00f3n detallada que usted necesita durante trabajo y entrega. Tener esa informaci\u00f3n f\u00e1cilmente disponible le ayuda a proporcionar una experiencia de nacimiento postulante para la madre y el beb\u00e9.<\/p>\n<p>El Corometrics 259 CX es un dispositivo m\u00e9dico para supervisar par\u00e1metros maternales\/fetales. Este monitor est\u00e1 equipado con una pantalla LCD a color que proporciona una visualizaci\u00f3n simult\u00e1nea de los par\u00e1metros fetales y maternales m\u00e1s las formas de onda maternas. En el lado derecho de la parte frontal de la unidad est\u00e1 la grabadora. La grabadora imprime tendencias continuas y datos alfanum\u00e9ricos en un gr\u00e1fico de tiras. El sistema es compatible con los sistemas de informaci\u00f3n cl\u00ednica perinatal de centricidad y otros sistemas de informaci\u00f3n para optimizar, capturar y archivar los datos de los pacientes. El 259 CX apoya dos canales fetales del ritmo card\u00edaco (FHR), la actividad uterina (toco o IUP), la presi\u00f3n arterial no invasor maternal (NIBP), la oximetr\u00eda de pulso maternal (MSpO2), el ECG fetal (FECG), y el ECG maternal (MECG).<\/p>\n<p>En la parte posterior de la unidad, hay muchos puertos de datos para introducir y outmeter datos y energ\u00eda. Usted tiene un conectador de la telemetr\u00eda, conectador de la entrada de datos, sistema de llamada de la enfermera, conectador central de los sistemas, conectador externo del VGA, conectores de comunicaci\u00f3n, conectador del ECG hacia fuera, conectador ac\u00fastico fetal del estimulador, conectador alejado del marcador del acontecimiento, y M\u00f3dulo.<\/p>\n<p>Al encender el monitor fetal Corometrics 259 CX, la unidad realiza autom\u00e1ticamente una serie de pruebas para verificar la integridad de la memoria del sistema, el procesador y los niveles de voltaje antes de permitir que el monitor ingrese en un modo de operaci\u00f3n normal. El m\u00f3dulo de oximetr\u00eda de pulso tambi\u00e9n se prueba y se calibra autom\u00e1ticamente al encenderse, o cuando se restablece la unidad.<\/p>\n<ul>\n<li>Presi\u00f3n arterial materna<\/li>\n<li>Temperatura materna<\/li>\n<li>Niveles de ox\u00edgeno maternal<\/li>\n<li>MECG<\/li>\n<li>Perinatal de centricidad (PCN)<\/li>\n<li>Interfaz de telemetr\u00eda)<\/li>\n<li>Smart BP<\/li>\n<li>Llaves retro iluminadas<\/li>\n<li>Pantalla regulable<\/li>\n<li>Tecnolog\u00eda del ultrasonido 9-Cristal<\/li>\n<li>Teclas de atajo de un solo toque<\/li>\n<\/ul>\n<h3>Dimensiones<\/h3>\n<ul>\n<li>Altura: 6,7 \u2033 (17 cm)<\/li>\n<li>Anchura: 16,7 \u2033 (42,4 cm)<\/li>\n<li>Profundidad: 17,5 \u2033 (44,4 cm)<\/li>\n<li>Peso: 22 lbs (10.9 kg)<\/li>\n<\/ul>\n<h3>Consumo de energ\u00eda<\/h3>\n<ul>\n<li>Voltaje de l\u00ednea nominal: 100 VAC, 120 VAC, 220 VAC, 230 VAC, 240 VCA<\/li>\n<li>Frecuencia de la l\u00ednea: 50\/60Hz<\/li>\n<li>Consumo de energ\u00eda: 100 w, 100 w, 0,4 a, 0,4 a<\/li>\n<li>Salida del chasis: &lt;300\u00a0\u03bcA<\/li>\n<\/ul>\n<h3>Informaci\u00f3n ambiental<\/h3>\n<h4>Operativo<\/h4>\n<ul>\n<li>Temperatura ambiente: 50 \u00b0 f a 104 \u00b0 f (10 \u00b0 c a 40 \u00b0 c)<\/li>\n<li>Humedad relativa: 10% a 95%, sin condensaci\u00f3n<\/li>\n<li>Presi\u00f3n atmosf\u00e9rica: 700 \u2013 1060 mbar (525 \u2013 795 mmHg))<\/li>\n<\/ul>\n<h4>Storage<\/h4>\n<ul>\n<li>Temperatura ambiente: 14 \u00b0 f a 131 \u00b0 f (\u2013 10 \u00b0 c a 55 \u00b0 c)<\/li>\n<li>Humedad relativa: 0% a 95%, sin condensaci\u00f3n<\/li>\n<li>Presi\u00f3n atmosf\u00e9rica: 700 \u2013 1060 mbar (525 \u2013 795 mmHg))<\/li>\n<\/ul>\n<h3>Grabadora<\/h3>\n<ul>\n<li>Velocidad: 1, 2, y 3 cm\/min<\/li>\n<li>Exactitud de la velocidad:\u00a0\u00b1 1%<\/li>\n<\/ul>\n<h3>FECG<\/h3>\n<ul>\n<li>T\u00e9cnica: pico de detecci\u00f3n, Beat-a-Beat cardiotachometer<\/li>\n<li>Ritmo card\u00edaco que cuenta rabia: 30-240 BPM<\/li>\n<li>Resoluci\u00f3n del ritmo card\u00edaco: \u00b1 1 BPM<\/li>\n<li>Eliminaci\u00f3n de artefactos: seleccionable, rechazo de artefactos BPM \u00b1 25<\/li>\n<li>Rango de se\u00f1al de entrada contable: 15 \u03bcV a 2 mV pico a pico<\/li>\n<li>Tolerancia de tensi\u00f3n offset (diferencial): \u00b1 300 cc m\u00e1ximo<\/li>\n<li>Voltaje com\u00fan m\u00e1ximo del modo: 20 V pico-a-pico<\/li>\n<li>Ancho de banda del preamplificador: 1 \u2013 90 Hz<\/li>\n<li>Rechazo de modo com\u00fan: \u2022 equilibrado: &gt; 120 dB a la frecuencia de la red, con un cable del paciente<\/li>\n<li>Desequilibrado 5K\u03a9 RA o la: &gt; 110 dB a la frecuencia de la red<\/li>\n<li>Entrada ruido equivalente: &lt; 10 \u03bcV pico a pico \u2022 impedancia de entrada: \u2022 diferencial: &gt; 10 M\u03a9<\/li>\n<li>Modo com\u00fan: &gt; 20 M\u03a9<\/li>\n<li>Rechazo de frecuencia de la red: &gt; 40 dB<\/li>\n<li>Corriente de la salida: &lt; 10 \u03bcA en 100-240 VAC, aislado el\u00e9ctricamente \u2022 aislamiento, principal-a-paciente: &gt; 4 kVAC<\/li>\n<\/ul>\n<h3>Modo del ultrasonido<\/h3>\n<ul>\n<li>T\u00e9cnica: Doppler pulsado con procesamiento de auto correlaci\u00f3n<\/li>\n<li>Tipo del transductor: 9-Cristal<\/li>\n<li>Frecuencia de repetici\u00f3n de pulso: \u2022 modo de ultrasonido \u00fanico: 4 kHz<\/li>\n<li>Modo dual del ultrasonido: 2 kilociclos<\/li>\n<li>Duraci\u00f3n del pulso: 92 \u03bcs<\/li>\n<li>Frecuencia del transmisor: 1,151 MHz<\/li>\n<li>Intensidad media temporal espacial-m\u00e1xima: Ispta &lt; 10 mW\/cm2<\/li>\n<li>Intensidad media temporal media-espacial: Isata &lt; 5 mW\/cm2<\/li>\n<li>\u00c1rea de la viga focal 20 dB: 16,6 cm2, en una gama = 7 cm<\/li>\n<li>Intensidad m\u00e1xima instant\u00e1nea: 1,8 MW\/cm2<\/li>\n<li>Presi\u00f3n ac\u00fastica pico-negativa: p &lt; 10,0 kPa<\/li>\n<li>Rango de conteo de ritmo card\u00edaco: 50 \u2013 210 BPM<\/li>\n<li>Corriente de fuga: &lt; 100 \u03bcA at 100-240 VAC, aislada por el transductor<\/li>\n<\/ul>\n<h3>Modo de actividad uterina<\/h3>\n<h4>Tocotransducer<\/h4>\n<ul>\n<li>Gama (t\u00edpica): 0 \u2013 100 mmHg (0 \u2013 13.3 kPa)<\/li>\n<li>Resoluci\u00f3n: 1 mmHg (0,13 kPa)<\/li>\n<li>Anchura de banda: c.c. a 0,5 hertzios<\/li>\n<li>Voltaje de la excitaci\u00f3n: \u2022 desviaci\u00f3n de la temperatura del ajuste cero: &lt; 0,1 mmHg\/\u00b0 c (0,013 kPa\/\u00b0 c), excepto el transductor<\/li>\n<li>Corriente de la salida: &lt; 100 \u03bcA en 100-240 VAC, aislado el\u00e9ctricamente<\/li>\n<\/ul>\n<h3>MECG<\/h3>\n<ul>\n<li style=\"list-style-type: none;\">\n<ul>\n<li>T\u00e9cnica: pico de detecci\u00f3n, Beat-a-Beat cardiotachometer<\/li>\n<li>Tipo de electrodo maternal de ECG: Medtronic 1700-003 o equivalente<\/li>\n<li>Plomos disponibles: I, II, y III<\/li>\n<li>Rango de conteo de ritmo card\u00edaco: 30 \u2013 240 BPM<\/li>\n<li>Resoluci\u00f3n del ritmo card\u00edaco: \u00b1 1 BPM<\/li>\n<li>Tarifa de la actualizaci\u00f3n del ritmo card\u00edaco: &gt; 1 actualizaci\u00f3n por segundo<\/li>\n<li>Rango de se\u00f1al de entrada contable: 0,5 mV a 5 mV pico a pico<\/li>\n<li>Deriva de l\u00ednea de fondo: &lt; 0,5 mV RTI<\/li>\n<li>Alto rechazo de la onda T: 0,8 x amplitud de QRS<\/li>\n<li>Tiempo de respuesta del medidor de ritmo card\u00edaco: \u2022 80 \u2013 120 aumento del paso de BPM: &lt; 2 seconds<\/li>\n<li>Disminuci\u00f3n de pasos de 80 \u2013 40 BPM: &lt; 3 segundos<\/li>\n<li>Tiempo de la alarma para la taquicardia 80-200 BPM: &lt; 10 segundos (l\u00edmite de alarma alto en 100 BPM)<\/li>\n<li>Tolerancia de tensi\u00f3n offset (diferencial): \u00b1 300 cc m\u00e1ximo<\/li>\n<li>Voltaje com\u00fan m\u00e1ximo del modo: 20 V pico-a-pico<\/li>\n<li>Anchura de banda del preamplificador: 0,6 a 40 hertzios<\/li>\n<li>Rechazo de modo com\u00fan: \u2022 equilibrado: &gt; 80 dB a la frecuencia de la red, con un cable del paciente<\/li>\n<li>No balanceado 5K RA o la: &gt; 50 dB a la frecuencia de la red<\/li>\n<li>Entrada ruido equivalente: impedancia de entrada: &lt; 30 \u03bcV pico a pico \u2022 diferencial: &gt; 2,5 M\u03a9<\/li>\n<li>Modo com\u00fan: &gt; 10 M\u03a9<\/li>\n<li>Rechazo de frecuencia de la red: &gt; 40 dB<\/li>\n<li>Rechazo de frecuencia de la red: &gt; 40 dB<\/li>\n<li>Corriente de la salida: &lt; 10 \u03bcA en 100-240 VAC, con el cable, aislado el\u00e9ctricamente \u2022 aislamiento, principal-a-paciente: &gt; 4 kVAC<\/li>\n<li>Conduce apagado la detecci\u00f3n: corriente de la c.c. &lt; 0,1 \u03bcA<\/li>\n<li>Alarmas: \u2022 audio: alternando 1,5-segundos timbres<\/li>\n<li>Visual: parpadeo de la frecuencia card\u00edaca num\u00e9rica o mensaje<\/li>\n<li>L\u00edmites: frecuencia card\u00edaca materna de alta y baja seleccionable por el usuario<\/li>\n<li>Tiempo de respuesta de la taquicardia: &lt; 8 segundos<\/li>\n<\/ul>\n<\/li>\n<\/ul>\n<\/div>\n<\/div>\n<\/div>\n<\/div>\n<\/div>\n<\/div>\n<\/div>\n<\/div>\n","protected":false},"excerpt":{"rendered":"<p>Monitor Fetal<\/p>\n","protected":false},"featured_media":19752,"template":"","meta":{"_acf_changed":false,"_relevanssi_hide_post":"","_relevanssi_hide_content":"","_relevanssi_pin_for_all":"","_relevanssi_pin_keywords":"","_relevanssi_unpin_keywords":"","_relevanssi_related_keywords":"","_relevanssi_related_include_ids":"","_relevanssi_related_exclude_ids":"","_relevanssi_related_no_append":"","_relevanssi_related_not_related":"","_relevanssi_related_posts":"","_relevanssi_noindex_reason":"","inline_featured_image":false},"pwb-brand":[1100],"product_brand":[],"product_cat":[3649,105,7005],"product_tag":[2817,2816,3542,224,2818,2815,2814,2813,3531,3532,3533],"class_list":{"0":"post-4494","1":"product","2":"type-product","3":"status-publish","4":"has-post-thumbnail","6":"pwb-brand-equipo-medico-ge","7":"product_cat-monitores-fetales","8":"product_cat-monitores-fetales-intrapartum","9":"product_cat-obgyn-ucin","10":"product_tag-259-cx","11":"product_tag-corometrics-259-cx","12":"product_tag-fetales","13":"product_tag-ge","14":"product_tag-ge-259-cx","15":"product_tag-ge-corometrics","16":"product_tag-ge-corometrics-259","17":"product_tag-ge-corometrics-259-cx","18":"product_tag-monitores","19":"product_tag-monitores-fetales","20":"product_tag-monitores-fetales-intrapartum","22":"first","23":"instock","24":"featured","25":"purchasable","26":"product-type-simple"},"acf":[],"brands":[{"id":1100,"name":"GE","slug":"equipo-medico-ge"}],"_links":{"self":[{"href":"https:\/\/www.somatechnology.com\/spanish\/wp-json\/wp\/v2\/product\/4494","targetHints":{"allow":["GET"]}}],"collection":[{"href":"https:\/\/www.somatechnology.com\/spanish\/wp-json\/wp\/v2\/product"}],"about":[{"href":"https:\/\/www.somatechnology.com\/spanish\/wp-json\/wp\/v2\/types\/product"}],"wp:featuredmedia":[{"embeddable":true,"href":"https:\/\/www.somatechnology.com\/spanish\/wp-json\/wp\/v2\/media\/19752"}],"wp:attachment":[{"href":"https:\/\/www.somatechnology.com\/spanish\/wp-json\/wp\/v2\/media?parent=4494"}],"wp:term":[{"taxonomy":"pwb-brand","embeddable":true,"href":"https:\/\/www.somatechnology.com\/spanish\/wp-json\/wp\/v2\/pwb-brand?post=4494"},{"taxonomy":"product_brand","embeddable":true,"href":"https:\/\/www.somatechnology.com\/spanish\/wp-json\/wp\/v2\/product_brand?post=4494"},{"taxonomy":"product_cat","embeddable":true,"href":"https:\/\/www.somatechnology.com\/spanish\/wp-json\/wp\/v2\/product_cat?post=4494"},{"taxonomy":"product_tag","embeddable":true,"href":"https:\/\/www.somatechnology.com\/spanish\/wp-json\/wp\/v2\/product_tag?post=4494"}],"curies":[{"name":"wp","href":"https:\/\/api.w.org\/{rel}","templated":true}]}}