{"id":4495,"date":"2016-07-19T21:29:41","date_gmt":"2016-07-19T21:29:41","guid":{"rendered":"http:\/\/equipomedicocentral.com\/wordpress\/product\/baxter-i\/"},"modified":"2023-08-23T06:12:01","modified_gmt":"2023-08-23T10:12:01","slug":"baxter-i","status":"publish","type":"product","link":"https:\/\/www.somatechnology.com\/spanish\/equipo-medico-usado-remanufacturado\/terapia-intravenosa\/bombas-intravenosas\/baxter-i\/","title":{"rendered":"Baxter i Pump"},"content":{"rendered":"<h2>Bomba de Infusi\u00f3n Baxter i Pump<\/h2>\n<p>El sistema de gesti\u00f3n del dolor Baxter iPump \u00ae responde a las necesidades diarias del entorno cl\u00ednico con flexibilidad de uno a uno. Desde la programaci\u00f3n hasta la recuperaci\u00f3n de datos, el sistema ipump pone la gesti\u00f3n del dolor personalizable justo donde usted lo desea.<\/p>\n<p>El sistema ipump flexible est\u00e1 dise\u00f1ado para ayudar a cada paciente a ser ambulatorio lo m\u00e1s r\u00e1pido posible. El manejo del dolor se puede adaptar a las necesidades individuales de un paciente \u00b4, as\u00ed como a las prioridades cl\u00ednicas a trav\u00e9s de una variedad de opciones convenientes. El sistema ipump combina caracter\u00edsticas avanzadas de seguridad con simplicidad de inicio a fin en una variedad de entornos terap\u00e9uticos. \u2022 Las alarmas de oclusi\u00f3n de aguas abajo y aguas arriba avisan al usuario de posibles interrupciones en el flujo del medicamento. \u2022 Opciones de seguridad programables para satisfacer las necesidades individuales.<\/p>\n<ul>\n<li>Dimensiones: 4,9 \u2033 H x 3,4 \u2033 W x 1,8 \u2033 D sin la cubierta del l\u00edquido-bolso<\/li>\n<li>Peso: 1 lb<\/li>\n<li>Energ\u00eda: bater\u00eda alcalina de 9 voltios o energ\u00eda de la CA<\/li>\n<\/ul>\n","protected":false},"excerpt":{"rendered":"<p>Bomba de Infusi\u00f3n<\/p>\n","protected":false},"featured_media":11773,"template":"","meta":{"_acf_changed":false,"_relevanssi_hide_post":"","_relevanssi_hide_content":"","_relevanssi_pin_for_all":"","_relevanssi_pin_keywords":"","_relevanssi_unpin_keywords":"","_relevanssi_related_keywords":"","_relevanssi_related_include_ids":"","_relevanssi_related_exclude_ids":"","_relevanssi_related_no_append":"","_relevanssi_related_not_related":"","_relevanssi_related_posts":"","_relevanssi_noindex_reason":"","inline_featured_image":false},"pwb-brand":[1321],"product_brand":[],"product_cat":[52],"product_tag":[2936,3050,3049,3793,3792,3048,3671,3794],"class_list":{"0":"post-4495","1":"product","2":"type-product","3":"status-publish","4":"has-post-thumbnail","6":"pwb-brand-bombas-intravenosas-baxter","7":"product_cat-bombas-intravenosas","8":"product_tag-baxter","9":"product_tag-baxter-i","10":"product_tag-baxter-i-pump","11":"product_tag-bomba-de-infusion-baxter","12":"product_tag-bomba-de-infusion-baxter-i-pump","13":"product_tag-bombas-intravenosas","14":"product_tag-bombas-intravenosas-baxter","15":"product_tag-bombas-intravenosas-baxter-i-pump","17":"first","18":"instock","19":"purchasable","20":"product-type-simple"},"acf":[],"brands":[{"id":1321,"name":"Baxter","slug":"bombas-intravenosas-baxter"}],"_links":{"self":[{"href":"https:\/\/www.somatechnology.com\/spanish\/wp-json\/wp\/v2\/product\/4495","targetHints":{"allow":["GET"]}}],"collection":[{"href":"https:\/\/www.somatechnology.com\/spanish\/wp-json\/wp\/v2\/product"}],"about":[{"href":"https:\/\/www.somatechnology.com\/spanish\/wp-json\/wp\/v2\/types\/product"}],"wp:featuredmedia":[{"embeddable":true,"href":"https:\/\/www.somatechnology.com\/spanish\/wp-json\/wp\/v2\/media\/11773"}],"wp:attachment":[{"href":"https:\/\/www.somatechnology.com\/spanish\/wp-json\/wp\/v2\/media?parent=4495"}],"wp:term":[{"taxonomy":"pwb-brand","embeddable":true,"href":"https:\/\/www.somatechnology.com\/spanish\/wp-json\/wp\/v2\/pwb-brand?post=4495"},{"taxonomy":"product_brand","embeddable":true,"href":"https:\/\/www.somatechnology.com\/spanish\/wp-json\/wp\/v2\/product_brand?post=4495"},{"taxonomy":"product_cat","embeddable":true,"href":"https:\/\/www.somatechnology.com\/spanish\/wp-json\/wp\/v2\/product_cat?post=4495"},{"taxonomy":"product_tag","embeddable":true,"href":"https:\/\/www.somatechnology.com\/spanish\/wp-json\/wp\/v2\/product_tag?post=4495"}],"curies":[{"name":"wp","href":"https:\/\/api.w.org\/{rel}","templated":true}]}}