{"id":4499,"date":"2016-07-19T21:29:41","date_gmt":"2016-07-19T21:29:41","guid":{"rendered":"http:\/\/equipomedicocentral.com\/wordpress\/product\/abbott-apm-ii\/"},"modified":"2025-09-23T12:29:58","modified_gmt":"2025-09-23T16:29:58","slug":"abbott-apm-ii","status":"publish","type":"product","link":"https:\/\/www.somatechnology.com\/spanish\/equipo-medico-usado-remanufacturado\/terapia-intravenosa\/bombas-intravenosas\/abbott-apm-ii\/","title":{"rendered":"Hospira Abbott APM II"},"content":{"rendered":"<h2>Caracter\u00edsticas del Bomba de Infusi\u00f3n Hospira Abbott APM II<\/h2>\n<p>El<strong>\u00a0Abbott APM \u2122 II (<\/strong>abbott Pain Manager II) es una bomba de infusi\u00f3n de un solo canal que proporciona analgesia a los pacientes en el hospital, en los centros de tratamiento ambulatorio y en el hogar. La bomba est\u00e1 dise\u00f1ada para protocolos de manejo del dolor; analgesia epidural, controlada por el paciente (PCA), y tambi\u00e9n se puede utilizar para otras terapias que requieren programas de entrega de infusi\u00f3n de tasas continuas a o por debajo de 25 mililitros por hora (ml\/hr), continuos con bolos o bolos solamente.<\/p>\n<h2>Especificaciones del Hospira Abbott APM II<\/h2>\n<ul>\n<li>Dimensiones: 6.75 h x 4.0 w x 2.3 d in (17,1 x 10 \u00d7 2 X 5,8 cm),<\/li>\n<li>Peso: aprox. dos libras (1,0 kg)<\/li>\n<li>Fuentes de energ\u00eda: CA: enchufe de pared lista de suministro de corriente alterna 13036 con cable de 12 pies (3,6 metros) y clavija moldeada.<\/li>\n<li>Entrada: 115 VAC, 60 Hz, 0.18 a.<\/li>\n<li>\u00a0 Salida: 12 VDC, 400 mA.<\/li>\n<li>Bater\u00eda: dos bater\u00edas 9-V<\/li>\n<li>Rango de operaci\u00f3n<\/li>\n<li>Volumen: m\u00ednimo: 0.1 ml\/m\u00e1ximo: 1000ml<\/li>\n<li>Bolo y PCA: m\u00ednimo: 0,1 ml\/m\u00e1ximo: 25.0 ml<\/li>\n<li>Tiempo del cierre: 5 a 999 minutos<\/li>\n<li>Dosis de carga: m\u00ednimo: 0,1 ml\/m\u00e1ximo: 25.0 ml<\/li>\n<\/ul>\n","protected":false},"excerpt":{"rendered":"<p>Bomba de Infusi\u00f3n<\/p>\n","protected":false},"featured_media":11817,"template":"","meta":{"_acf_changed":false,"_relevanssi_hide_post":"","_relevanssi_hide_content":"","_relevanssi_pin_for_all":"","_relevanssi_pin_keywords":"","_relevanssi_unpin_keywords":"","_relevanssi_related_keywords":"","_relevanssi_related_include_ids":"","_relevanssi_related_exclude_ids":"","_relevanssi_related_no_append":"","_relevanssi_related_not_related":"","_relevanssi_related_posts":"","_relevanssi_noindex_reason":"","inline_featured_image":false},"pwb-brand":[1323],"product_brand":[],"product_cat":[52,4779],"product_tag":[3078,3048,4747,2917,2916,3077,3076,4748,3079,3677],"class_list":{"0":"post-4499","1":"product","2":"type-product","3":"status-publish","4":"has-post-thumbnail","6":"pwb-brand-bombas-intravenosas-hospira","7":"product_cat-bombas-intravenosas","8":"product_cat-bombas-portatiles-de-infusion","9":"product_tag-abbott-apm-ii","10":"product_tag-bombas-intravenosas","11":"product_tag-bombas-intravenosas-hospira","12":"product_tag-hospira","13":"product_tag-hospira-abbott","14":"product_tag-hospira-abbott-apm","15":"product_tag-hospira-abbott-apm-ii","16":"product_tag-hospira-abbott-apm-ii-bombas-intravenosas","17":"product_tag-hospira-apm-ii","18":"product_tag-hospira-bombas-intravenosas","20":"first","21":"instock","22":"purchasable","23":"product-type-simple"},"acf":[],"brands":[{"id":1323,"name":"Hospira","slug":"bombas-intravenosas-hospira"}],"_links":{"self":[{"href":"https:\/\/www.somatechnology.com\/spanish\/wp-json\/wp\/v2\/product\/4499","targetHints":{"allow":["GET"]}}],"collection":[{"href":"https:\/\/www.somatechnology.com\/spanish\/wp-json\/wp\/v2\/product"}],"about":[{"href":"https:\/\/www.somatechnology.com\/spanish\/wp-json\/wp\/v2\/types\/product"}],"wp:featuredmedia":[{"embeddable":true,"href":"https:\/\/www.somatechnology.com\/spanish\/wp-json\/wp\/v2\/media\/11817"}],"wp:attachment":[{"href":"https:\/\/www.somatechnology.com\/spanish\/wp-json\/wp\/v2\/media?parent=4499"}],"wp:term":[{"taxonomy":"pwb-brand","embeddable":true,"href":"https:\/\/www.somatechnology.com\/spanish\/wp-json\/wp\/v2\/pwb-brand?post=4499"},{"taxonomy":"product_brand","embeddable":true,"href":"https:\/\/www.somatechnology.com\/spanish\/wp-json\/wp\/v2\/product_brand?post=4499"},{"taxonomy":"product_cat","embeddable":true,"href":"https:\/\/www.somatechnology.com\/spanish\/wp-json\/wp\/v2\/product_cat?post=4499"},{"taxonomy":"product_tag","embeddable":true,"href":"https:\/\/www.somatechnology.com\/spanish\/wp-json\/wp\/v2\/product_tag?post=4499"}],"curies":[{"name":"wp","href":"https:\/\/api.w.org\/{rel}","templated":true}]}}