{"id":4501,"date":"2016-07-19T21:29:41","date_gmt":"2016-07-19T21:29:41","guid":{"rendered":"http:\/\/equipomedicocentral.com\/wordpress\/product\/ge-voluson-730-ultrasound\/"},"modified":"2025-12-11T01:56:51","modified_gmt":"2025-12-11T06:56:51","slug":"ge-voluson-730","status":"publish","type":"product","link":"https:\/\/www.somatechnology.com\/spanish\/equipo-medico-usado-remanufacturado\/imagenologia-radiologia\/ultrasonidos\/ge-voluson-730\/","title":{"rendered":"GE Voluson 730 Ultrasound"},"content":{"rendered":"<div class=\"wpb-content-wrapper\"><p>[vc_row][vc_column][vc_column_text css=\u00bb\u00bb]<\/p>\n<h2>Ultrasonido GE Voluson 730<\/h2>\n<p>Los modelos de GE Voluson 730 Pro y Expert tienen muy buenas tasas de fotogramas en 4D, y las versiones BT04 y posteriores incluyen CrossXBeam y Sri de reducci\u00f3n de moteado, que mejoran la calidad de imagen en sus im\u00e1genes 2D est\u00e1ndar, mientras que Sri tambi\u00e9n mejora la calidad de la imagen en 4D sobre el BT02 y modelos BT03.<\/p>\n<p>El sistema del ultrasonido de Voluson 730 est\u00e1 no s\u00f3lo para 4D. Tiene calidad excelente de la imagen en modos 2D y es muy popular en OB\/GYN\/vascular\/peque\u00f1as piezas y situaciones generales de la salud de las mujeres. W) x 12 \u00ab(D) Peso: 10 lb2D\/3D\/4D Imaging<\/p>\n<ul>\n<li>M-modo y PW\/color\/energ\u00eda Doppler<\/li>\n<li>Grabadora de CD\/DVD integrada<\/li>\n<li>Im\u00e1genes arm\u00f3nicas tisulares<\/li>\n<li>Sri imagen de reducci\u00f3n de moteado (opci\u00f3n en BT04 y posterior)<\/li>\n<li>CrossXBeam compuesto de im\u00e1genes (opci\u00f3n en BT04 y posterior)<\/li>\n<li>STIC Spatio-opci\u00f3n de correlaci\u00f3n de imagen temporal<\/li>\n<li>Opci\u00f3n de imagen por ultrasonido de TUI tomogr\u00e1fica<\/li>\n<li>C\u00e1lculo volum\u00e9trico vocal<\/li>\n<li>Cine Review<\/li>\n<li>Vista en tiempo real de Quad-View multiplano 4D<\/li>\n<li>DICOM<\/li>\n<li>Representaci\u00f3n del \u00abcuerpo de cristal\u00bb<\/li>\n<li>Optimizaci\u00f3n autom\u00e1tica de tejidos (ATO)<\/li>\n<li>4 puertos de sondeo activos<\/li>\n<li>Archivo de im\u00e1genes en CD\/DVD y disco duro<\/li>\n<\/ul>\n<p>&nbsp;<\/p>\n<div id=\"mttContainer\" class=\"notranslate\" style=\"transform: translate(256px, 101px);\" aria-expanded=\"false\">\n<div id=\"tippy-1\" style=\"z-index: 100000200; visibility: hidden; position: absolute; inset: auto auto 0px 0px; margin: 0px; transform: translate3d(399.333px, -20px, 0px);\" data-tippy-root=\"\">\n<div class=\"tippy-box\" style=\"max-width: 350px; transition-duration: 250ms;\" tabindex=\"-1\" role=\"mtttooltip\" data-state=\"hidden\" data-theme=\"custom\" data-animation=\"fade\" data-placement=\"top\">\n<div class=\"tippy-content\" style=\"transition-duration: 250ms;\" data-state=\"hidden\"><span dir=\"ltr\">The GE Voluson 730 Pro and Expert models have very good 4D frame rates, and the BT04 versions and later include CrossXBeam and speckle reduction SRi, which improve image quality in their standard 2D images, while SRi also enhances 4D image quality over the BT02 and BT03 models.<\/span><\/div>\n<div class=\"tippy-arrow\" style=\"position: absolute; left: 0px; transform: translate3d(92px, 0px, 0px);\"><\/div>\n<\/div>\n<\/div>\n<\/div>\n<p>[\/vc_column_text][\/vc_column][\/vc_row]<\/p>\n<\/div>","protected":false},"excerpt":{"rendered":"<p>Ultrasonidos<\/p>\n","protected":false},"featured_media":25538,"template":"","meta":{"_acf_changed":false,"_relevanssi_hide_post":"","_relevanssi_hide_content":"","_relevanssi_pin_for_all":"","_relevanssi_pin_keywords":"","_relevanssi_unpin_keywords":"","_relevanssi_related_keywords":"","_relevanssi_related_include_ids":"","_relevanssi_related_exclude_ids":"","_relevanssi_related_no_append":"","_relevanssi_related_not_related":"","_relevanssi_related_posts":"","_relevanssi_noindex_reason":"","inline_featured_image":false},"pwb-brand":[1100],"product_brand":[],"product_cat":[91],"product_tag":[2162,224,2157,2160,1901,1900,2154,2161],"class_list":{"0":"post-4501","1":"product","2":"type-product","3":"status-publish","4":"has-post-thumbnail","6":"pwb-brand-equipo-medico-ge","7":"product_cat-ultrasonidos","8":"product_tag-2162","9":"product_tag-ge","10":"product_tag-ge-voluson","11":"product_tag-ge-voluson-730","12":"product_tag-ultrasonido","13":"product_tag-ultrasonidos","14":"product_tag-voluson","15":"product_tag-voluson-730","17":"first","18":"instock","19":"purchasable","20":"product-type-simple"},"acf":[],"brands":[{"id":1100,"name":"GE","slug":"equipo-medico-ge"}],"_links":{"self":[{"href":"https:\/\/www.somatechnology.com\/spanish\/wp-json\/wp\/v2\/product\/4501","targetHints":{"allow":["GET"]}}],"collection":[{"href":"https:\/\/www.somatechnology.com\/spanish\/wp-json\/wp\/v2\/product"}],"about":[{"href":"https:\/\/www.somatechnology.com\/spanish\/wp-json\/wp\/v2\/types\/product"}],"wp:featuredmedia":[{"embeddable":true,"href":"https:\/\/www.somatechnology.com\/spanish\/wp-json\/wp\/v2\/media\/25538"}],"wp:attachment":[{"href":"https:\/\/www.somatechnology.com\/spanish\/wp-json\/wp\/v2\/media?parent=4501"}],"wp:term":[{"taxonomy":"pwb-brand","embeddable":true,"href":"https:\/\/www.somatechnology.com\/spanish\/wp-json\/wp\/v2\/pwb-brand?post=4501"},{"taxonomy":"product_brand","embeddable":true,"href":"https:\/\/www.somatechnology.com\/spanish\/wp-json\/wp\/v2\/product_brand?post=4501"},{"taxonomy":"product_cat","embeddable":true,"href":"https:\/\/www.somatechnology.com\/spanish\/wp-json\/wp\/v2\/product_cat?post=4501"},{"taxonomy":"product_tag","embeddable":true,"href":"https:\/\/www.somatechnology.com\/spanish\/wp-json\/wp\/v2\/product_tag?post=4501"}],"curies":[{"name":"wp","href":"https:\/\/api.w.org\/{rel}","templated":true}]}}