{"id":4503,"date":"2016-07-19T21:29:41","date_gmt":"2016-07-19T21:29:41","guid":{"rendered":"http:\/\/equipomedicocentral.com\/wordpress\/product\/medfusion-3010-protege\/"},"modified":"2025-12-11T01:00:58","modified_gmt":"2025-12-11T06:00:58","slug":"medfusion-3010-protege","status":"publish","type":"product","link":"https:\/\/www.somatechnology.com\/spanish\/equipo-medico-usado-remanufacturado\/terapia-intravenosa\/bombas-intravenosas\/medfusion-3010-protege\/","title":{"rendered":"Smiths Medical Medfusion 3010 Protege"},"content":{"rendered":"<h2>Smiths Medical Medfusion 3010 Protege<\/h2>\n<p>Las bombas de infusi\u00f3n de jeringas Medfusion 3010 Protege est\u00e1n dise\u00f1adas para ser usadas en \u00e1reas de cuidados cr\u00edticos para la administraci\u00f3n de fluidos que requieren tasas de infusi\u00f3n con precisi\u00f3n controlada. Debido a la simplicidad y facilidad de uso de la bomba, esta bomba tambi\u00e9n puede usarse con \u00e9xito en las \u00e1reas no cr\u00edticas de un entorno cl\u00ednico. Las \u00fanicas personas autorizadas para configurar y monitorear cualquier infusi\u00f3n son enfermeras, m\u00e9dicos u otros profesionales de la salud con entrenamiento en terapia de infusi\u00f3n y operaci\u00f3n de la bomba de jeringa.<\/p>\n<h3>Especificaciones<\/h3>\n<ul>\n<li>Dimensiones: 10,5 \u00abW x 5,1\u00bb H x 5,5 \u00abD (excluyendo la abrazadera de poste y el cable de alimentaci\u00f3n)<\/li>\n<li>Peso (s\u00f3lo bomba): 3,8 lbs (1,7 kg)<\/li>\n<li>Precisi\u00f3n: \u00b1 2% nominal excluyendo las variaciones de la jeringa (para presiones de infusi\u00f3n de 100 mm Hg a + 300 mm Hg)<\/li>\n<li>Rango de caudal (depende del tama\u00f1o de la jeringa):<\/li>\n<li>0,03 a 1130 ml\/hr para el protegido 3010<\/li>\n<li>0,01 a 1130 ml\/hr para el MEDFUSION 3010a<\/li>\n<li>Modos de la entrega (usuario modificado para requisitos particulares): ml\/hr, peso corporal, volumen\/tiempo, dilusi\u00f3n de encargo, masa, intermitente<\/li>\n<li>Opciones de la entrega (usuario modificado para requisitos particulares): l\u00edmite de volumen, tarifa KVO, dosis del bolo, recurso seguro, dosis de cargamento, l\u00edmite de la obstrucci\u00f3n del aumento<\/li>\n<li>Fuente de corriente alterna: 100 \u00ac 240 VAC, 50\/60 Hz, 30VA; Clase de seguridad II \u2013 tipo CF<\/li>\n<li>Fuente de corriente continua externa (opcional): entrada de CC externa 6 \u2013 14 Vcc, 7 vatios clase de seguridad II \u2013 tipo CF (debe cumplir con los est\u00e1ndares de equipos m\u00e9dicos IEC 601 \u00ac)<\/li>\n<li>Capacidad interna de la bater\u00eda (a 25 \u00b0 c): recargable. 10 horas en 5,0 ml\/hr con la jeringuilla de 60 ml \u2212 (de una bater\u00eda completamente cargada)<\/li>\n<li>Bibliotecas de entrega definidas por el usuario: cuatro bibliotecas con 16 perfiles por biblioteca. Una biblioteca es \u00abE \u00ac-plates\u00bb para una r\u00e1pida configuraci\u00f3n<\/li>\n<li>Condiciones de funcionamiento normales:<\/li>\n<li>Temperatura: 5 \u00b0 a 40 \u00b0 C (40 \u00b0 a 104 \u00b0 F) \u2022 higrometr\u00eda: 15-\u00ac 95% no \u00ac-condensaci\u00f3n<\/li>\n<li>Presi\u00f3n ambiente: 70 \u00ac-106 kPa (10,2 psia a 15,4 psia)<\/li>\n<li>Presi\u00f3n trasera de la infusi\u00f3n:-\u00ac 100 mmHg a 300 mmHg<\/li>\n<li>Tama\u00f1os de jeringas para 3010\/3010: \u2022 Becton \u00ac-Dickenson (B-\u00ac D) 1 cc de bloqueo Luer y 1 cc de tuberculina<\/li>\n<li>Becton \u00ac-Dickenson Glass (BD-\u00ac G) 1 CC<\/li>\n<li>MONOJECT \u00ae 1 CC<\/li>\n<li>Terumo \u00ae 1 CC<\/li>\n<\/ul>\n","protected":false},"excerpt":{"rendered":"<p>Las bombas de infusi\u00f3n de jeringas MEDFUSION 3010 PROTEGE est\u00e1n dise\u00f1adas para ser usadas en \u00e1reas de cuidados cr\u00edticos para la administraci\u00f3n de fluidos que requieren tasas de infusi\u00f3n con precisi\u00f3n controlada. Debido a la simplicidad y facilidad de uso de la bomba, esta bomba tambi\u00e9n puede usarse con \u00e9xito en las \u00e1reas no cr\u00edticas de un entorno cl\u00ednico.<\/p>\n","protected":false},"featured_media":6094,"template":"","meta":{"_acf_changed":false,"_relevanssi_hide_post":"","_relevanssi_hide_content":"","_relevanssi_pin_for_all":"","_relevanssi_pin_keywords":"","_relevanssi_unpin_keywords":"","_relevanssi_related_keywords":"","_relevanssi_related_include_ids":"","_relevanssi_related_exclude_ids":"","_relevanssi_related_no_append":"","_relevanssi_related_not_related":"","_relevanssi_related_posts":"","_relevanssi_noindex_reason":"","inline_featured_image":false},"pwb-brand":[10134],"product_brand":[],"product_cat":[52],"product_tag":[3091,3093,3092,3090,3089],"class_list":{"0":"post-4503","1":"product","2":"type-product","3":"status-publish","4":"has-post-thumbnail","6":"pwb-brand-icu-medical","7":"product_cat-bombas-intravenosas","8":"product_tag-medfusion-3010-protege","9":"product_tag-smiths-medical-3010","10":"product_tag-smiths-medical-3010-protege","11":"product_tag-smiths-medical-medfusion-3010","12":"product_tag-smiths-medical-medfusion-3010-protege","14":"first","15":"instock","16":"purchasable","17":"product-type-simple"},"acf":[],"brands":[{"id":10134,"name":"ICU Medical","slug":"icu-medical"}],"_links":{"self":[{"href":"https:\/\/www.somatechnology.com\/spanish\/wp-json\/wp\/v2\/product\/4503","targetHints":{"allow":["GET"]}}],"collection":[{"href":"https:\/\/www.somatechnology.com\/spanish\/wp-json\/wp\/v2\/product"}],"about":[{"href":"https:\/\/www.somatechnology.com\/spanish\/wp-json\/wp\/v2\/types\/product"}],"wp:featuredmedia":[{"embeddable":true,"href":"https:\/\/www.somatechnology.com\/spanish\/wp-json\/wp\/v2\/media\/6094"}],"wp:attachment":[{"href":"https:\/\/www.somatechnology.com\/spanish\/wp-json\/wp\/v2\/media?parent=4503"}],"wp:term":[{"taxonomy":"pwb-brand","embeddable":true,"href":"https:\/\/www.somatechnology.com\/spanish\/wp-json\/wp\/v2\/pwb-brand?post=4503"},{"taxonomy":"product_brand","embeddable":true,"href":"https:\/\/www.somatechnology.com\/spanish\/wp-json\/wp\/v2\/product_brand?post=4503"},{"taxonomy":"product_cat","embeddable":true,"href":"https:\/\/www.somatechnology.com\/spanish\/wp-json\/wp\/v2\/product_cat?post=4503"},{"taxonomy":"product_tag","embeddable":true,"href":"https:\/\/www.somatechnology.com\/spanish\/wp-json\/wp\/v2\/product_tag?post=4503"}],"curies":[{"name":"wp","href":"https:\/\/api.w.org\/{rel}","templated":true}]}}