{"id":4505,"date":"2016-07-19T21:29:41","date_gmt":"2016-07-19T21:29:41","guid":{"rendered":"http:\/\/equipomedicocentral.com\/wordpress\/product\/curlin-4000-plus\/"},"modified":"2025-09-23T12:32:31","modified_gmt":"2025-09-23T16:32:31","slug":"curlin-4000-plus","status":"publish","type":"product","link":"https:\/\/www.somatechnology.com\/spanish\/equipo-medico-usado-remanufacturado\/terapia-intravenosa\/bombas-intravenosas\/curlin-4000-plus\/","title":{"rendered":"Curlin MOOG 4000 Plus"},"content":{"rendered":"<h2>Caracter\u00edsticas del MOOG Curlin 4000 Plus<\/h2>\n<p>La bomba <strong>Curln 4000 Plus<\/strong> es una bomba de infusi\u00f3n electr\u00f3nica ambulatoria de m\u00faltiples terapias dise\u00f1ada y fabricada para la gesti\u00f3n del dolor o la mano de obra y la entrega en hospitales. La bomba curln 4000 Plus es un dispositivo de infusi\u00f3n f\u00e1cil de usar, ambulatorio o montado en un poste dise\u00f1ado para satisfacer las necesidades del hospital o del paciente del sitio alternativo. Opera con precisi\u00f3n en cualquier posici\u00f3n, tiene una resoluci\u00f3n de baja tasa de 2 microlitros, y su peque\u00f1o dise\u00f1o compacto y ligero permite la movilidad de los pacientes ambulatorios.<\/p>\n<p>La bomba m\u00e9dica del rizado se puede llevar en cualquiera de los cuatro Soft-packs convenientes del Carryall, poste montado, colocado en las \u00abc\u00e1scaras de seguridad bloqueadas,\u00bb o fije en una superficie conveniente para el uso.<\/p>\n<ul>\n<li>Infusi\u00f3n continua \u2014 dise\u00f1ada para permitir una constante y programada tasa de infusi\u00f3n. PCA o analgesia controlada por el paciente \u2014 dise\u00f1ado para terapias que requieren una tasa continua de infusi\u00f3n, bolos de demanda controlados por el paciente, o ambos.<\/li>\n<li>NPT con rampa autom\u00e1tica \u2014 dise\u00f1ada para permitir una tasa de infusi\u00f3n de productos nutricionales parenterales con la opci\u00f3n de afilar al principio, al final o al principio y al final de la infusi\u00f3n. Este modo tambi\u00e9n tiene una funci\u00f3n de rampa inicial.<\/li>\n<li>Entrega intermitente \u2014 dise\u00f1ada para entregar intervalos programados y tasas de cantidades especificadas de infusi\u00f3n y para entregar opcionalmente peque\u00f1as cantidades de infuscate entre dosis para mantener la patente del sitio de acceso del paciente.<\/li>\n<li>Programa variable \u2014 dise\u00f1ado para permitir diferentes cantidades, tasas y tiempos de entrega de infusiones hasta veinticuatro programas especificados.<\/li>\n<\/ul>\n<p>&nbsp;<\/p>\n","protected":false},"excerpt":{"rendered":"<p>La bomba Curln 4000 Plus es una bomba de infusi\u00f3n electr\u00f3nica ambulatoria de m\u00faltiples terapias dise\u00f1ada y fabricada para la gesti\u00f3n del dolor o la mano de obra y la entrega en hospitales. La bomba curln 4000 Plus es un dispositivo de infusi\u00f3n f\u00e1cil de usar, ambulatorio o montado en un poste dise\u00f1ado para satisfacer las necesidades del hospital o del paciente del sitio alternativo.<\/p>\n","protected":false},"featured_media":11814,"template":"","meta":{"_acf_changed":false,"_relevanssi_hide_post":"","_relevanssi_hide_content":"","_relevanssi_pin_for_all":"","_relevanssi_pin_keywords":"","_relevanssi_unpin_keywords":"","_relevanssi_related_keywords":"","_relevanssi_related_include_ids":"","_relevanssi_related_exclude_ids":"","_relevanssi_related_no_append":"","_relevanssi_related_not_related":"","_relevanssi_related_posts":"","_relevanssi_noindex_reason":"","inline_featured_image":false},"pwb-brand":[1333],"product_brand":[],"product_cat":[52,4779],"product_tag":[3613,3611,3582,3612,3048,2884,2883,2882,3583,2885],"class_list":{"0":"post-4505","1":"product","2":"type-product","3":"status-publish","4":"has-post-thumbnail","6":"pwb-brand-equipo-medico-curlin-medical","7":"product_cat-bombas-intravenosas","8":"product_cat-bombas-portatiles-de-infusion","9":"product_tag-bomba","10":"product_tag-bomba-de-infusion","11":"product_tag-bombas","12":"product_tag-bombas-de-infusion","13":"product_tag-bombas-intravenosas","14":"product_tag-curlin","15":"product_tag-curlin-4000","16":"product_tag-curlin-4000-plus","17":"product_tag-intravenosas","18":"product_tag-moog-curlin-4000-plus","20":"first","21":"instock","22":"purchasable","23":"product-type-simple"},"acf":[],"brands":[{"id":1333,"name":"Curlin Medical","slug":"equipo-medico-curlin-medical"}],"_links":{"self":[{"href":"https:\/\/www.somatechnology.com\/spanish\/wp-json\/wp\/v2\/product\/4505","targetHints":{"allow":["GET"]}}],"collection":[{"href":"https:\/\/www.somatechnology.com\/spanish\/wp-json\/wp\/v2\/product"}],"about":[{"href":"https:\/\/www.somatechnology.com\/spanish\/wp-json\/wp\/v2\/types\/product"}],"wp:featuredmedia":[{"embeddable":true,"href":"https:\/\/www.somatechnology.com\/spanish\/wp-json\/wp\/v2\/media\/11814"}],"wp:attachment":[{"href":"https:\/\/www.somatechnology.com\/spanish\/wp-json\/wp\/v2\/media?parent=4505"}],"wp:term":[{"taxonomy":"pwb-brand","embeddable":true,"href":"https:\/\/www.somatechnology.com\/spanish\/wp-json\/wp\/v2\/pwb-brand?post=4505"},{"taxonomy":"product_brand","embeddable":true,"href":"https:\/\/www.somatechnology.com\/spanish\/wp-json\/wp\/v2\/product_brand?post=4505"},{"taxonomy":"product_cat","embeddable":true,"href":"https:\/\/www.somatechnology.com\/spanish\/wp-json\/wp\/v2\/product_cat?post=4505"},{"taxonomy":"product_tag","embeddable":true,"href":"https:\/\/www.somatechnology.com\/spanish\/wp-json\/wp\/v2\/product_tag?post=4505"}],"curies":[{"name":"wp","href":"https:\/\/api.w.org\/{rel}","templated":true}]}}