{"id":4517,"date":"2016-07-19T21:29:41","date_gmt":"2016-07-19T21:29:41","guid":{"rendered":"http:\/\/equipomedicocentral.com\/wordpress\/product\/sorin-stocket-siii\/"},"modified":"2025-06-26T09:49:26","modified_gmt":"2025-06-26T13:49:26","slug":"sorin-stocket-siii","status":"publish","type":"product","link":"https:\/\/www.somatechnology.com\/spanish\/equipo-medico-usado-remanufacturado\/cardiovascular\/maquinas-de-corazon-y-pulmon\/sorin-stocket-siii\/","title":{"rendered":"Sorin Stocket SIII"},"content":{"rendered":"<h2>Sorin Stockert Shiley SIII<\/h2>\n<p>El SIII es el sistema de perfusi\u00f3n de tercera generaci\u00f3n de St\u00f6ckert. Su desarrollo ha tenido en cuenta los \u00faltimos avances tecnol\u00f3gicos. El SIII est\u00e1 dise\u00f1ado como un sistema modular completo y puede configurarse individualmente de acuerdo con sus requisitos. Este sistema es totalmente compatible con el sistema de administraci\u00f3n de casos de DMS.<\/p>\n<ul>\n<li>Tres cabezas simples y una cabeza doble<\/li>\n<li>Incluye:\n<ul>\n<li>Nivel<\/li>\n<li>Temperatura<\/li>\n<\/ul>\n<\/li>\n<li>Cardiolog\u00eda<\/li>\n<li>Temporizador<\/li>\n<li>Dos monitores de presi\u00f3n<\/li>\n<\/ul>\n<h3>Monitor de Tiempo<\/h3>\n<ul>\n<li>Voltaje de funcionamiento +5 V<\/li>\n<li>Consumo de energ\u00eda 3 W<\/li>\n<li>Rango de recuento Temporizador 1 0 &#8211; 9 min 59 seg o 0 &#8211; 9 h 59 min (seleccionable)<\/li>\n<li>Rango de conteo Temporizador 2-3 0 &#8211; 9 h 59 min<\/li>\n<\/ul>\n<h3>Monitor de Temperatura<\/h3>\n<ul>\n<li>Voltaje de funcionamiento +5 V<\/li>\n<li>Consumo de energ\u00eda 3 W<\/li>\n<li>Rango de medici\u00f3n de 0 \u00b0 C a + 50 \u00b0 C<\/li>\n<li>Resoluci\u00f3n 0.1 \u00b0 C<\/li>\n<li>Precisi\u00f3n \u00b1 0.2 \u00b0 C<\/li>\n<li>Mostrar frecuencias de actualizaci\u00f3n de 1 Hz<\/li>\n<\/ul>\n<h3>Control de Nivel<\/h3>\n<ul>\n<li>\u2022 Voltaje de funcionamiento +5 V<\/li>\n<li>\u2022 Consumo de energ\u00eda 1.5 W<\/li>\n<li>\u2022 Precisi\u00f3n del l\u00edmite de parada Visualizaci\u00f3n de nivel del soporte del sensor \u00b1 10 mm<\/li>\n<\/ul>\n<h3>Dimensiones<\/h3>\n<ul>\n<li>\u2022 Altura: 700 mm<\/li>\n<li>\u2022 Consola de 3 bombas<\/li>\n<li>\u2022 Ancho: 790 mm<\/li>\n<li>\u2022 Profundidad: 648 mm<\/li>\n<li>\u2022 Peso: 118 kg<\/li>\n<li>\u2022 Consola de 4 bombas<\/li>\n<li>\u2022 Ancho: 990 mm<\/li>\n<li>\u2022 Profundidad: 648 mm<\/li>\n<li>\u2022 Peso: 144<\/li>\n<\/ul>\n","protected":false},"excerpt":{"rendered":"<p>El SIII es el sistema de perfusi\u00f3n de tercera generaci\u00f3n de St\u00f6ckert. Su desarrollo ha tenido en cuenta los \u00faltimos avances tecnol\u00f3gicos. El SIII est\u00e1 dise\u00f1ado como un sistema modular completo y puede configurarse individualmente de acuerdo con sus requisitos. Este sistema es totalmente compatible con el sistema de administraci\u00f3n de casos de DMS.<\/p>\n","protected":false},"featured_media":27186,"template":"","meta":{"_acf_changed":false,"_relevanssi_hide_post":"","_relevanssi_hide_content":"","_relevanssi_pin_for_all":"","_relevanssi_pin_keywords":"","_relevanssi_unpin_keywords":"","_relevanssi_related_keywords":"","_relevanssi_related_include_ids":"","_relevanssi_related_exclude_ids":"","_relevanssi_related_no_append":"","_relevanssi_related_not_related":"","_relevanssi_related_posts":"","_relevanssi_noindex_reason":"","inline_featured_image":false},"pwb-brand":[1112],"product_brand":[],"product_cat":[78],"product_tag":[],"class_list":{"0":"post-4517","1":"product","2":"type-product","3":"status-publish","4":"has-post-thumbnail","6":"pwb-brand-maquinas-de-corazon-y-pulmon-sorin","7":"product_cat-maquinas-de-corazon-y-pulmon","9":"first","10":"instock","11":"purchasable","12":"product-type-simple"},"acf":[],"brands":[{"id":1112,"name":"Sorin","slug":"maquinas-de-corazon-y-pulmon-sorin"}],"_links":{"self":[{"href":"https:\/\/www.somatechnology.com\/spanish\/wp-json\/wp\/v2\/product\/4517","targetHints":{"allow":["GET"]}}],"collection":[{"href":"https:\/\/www.somatechnology.com\/spanish\/wp-json\/wp\/v2\/product"}],"about":[{"href":"https:\/\/www.somatechnology.com\/spanish\/wp-json\/wp\/v2\/types\/product"}],"wp:featuredmedia":[{"embeddable":true,"href":"https:\/\/www.somatechnology.com\/spanish\/wp-json\/wp\/v2\/media\/27186"}],"wp:attachment":[{"href":"https:\/\/www.somatechnology.com\/spanish\/wp-json\/wp\/v2\/media?parent=4517"}],"wp:term":[{"taxonomy":"pwb-brand","embeddable":true,"href":"https:\/\/www.somatechnology.com\/spanish\/wp-json\/wp\/v2\/pwb-brand?post=4517"},{"taxonomy":"product_brand","embeddable":true,"href":"https:\/\/www.somatechnology.com\/spanish\/wp-json\/wp\/v2\/product_brand?post=4517"},{"taxonomy":"product_cat","embeddable":true,"href":"https:\/\/www.somatechnology.com\/spanish\/wp-json\/wp\/v2\/product_cat?post=4517"},{"taxonomy":"product_tag","embeddable":true,"href":"https:\/\/www.somatechnology.com\/spanish\/wp-json\/wp\/v2\/product_tag?post=4517"}],"curies":[{"name":"wp","href":"https:\/\/api.w.org\/{rel}","templated":true}]}}