{"id":4523,"date":"2016-07-19T21:29:41","date_gmt":"2016-07-19T21:29:41","guid":{"rendered":"http:\/\/equipomedicocentral.com\/wordpress\/product\/xitec-xiscan\/"},"modified":"2026-03-10T10:04:36","modified_gmt":"2026-03-10T14:04:36","slug":"xitec-xiscan","status":"publish","type":"product","link":"https:\/\/www.somatechnology.com\/spanish\/equipo-medico-usado-remanufacturado\/imagenologia-radiologia\/mini-arcos-en-c\/xitec-xiscan\/","title":{"rendered":"Xitec XiScan"},"content":{"rendered":"<div class=\"column1\">\n<div class=\"column_inner\">\n<h2>Caracter\u00edsticas del\u00a0Xitec XiScan<\/h2>\n<p>Las unidades <strong>Xitec XiScan Mini Arcos en C<\/strong> son peque\u00f1os sistemas m\u00f3viles de imagen de fluoroscopia-versiones esencialmente miniaturizadas de unidades m\u00f3viles de c-ARM. Se utilizan lo m\u00e1s a menudo posible por los cirujanos de la mano y del pie para imaginar las extremidades (e.g., dedos, mano, pie).<\/p>\n<h2 dir=\"ltr\" data-placeholder=\"Translation\"><span lang=\"es\">Especificaciones del<\/span> Xitec XiScan<\/h2>\n<ul>\n<li>Monitor individual<\/li>\n<li>3 \u00abintensificador de imagen<\/li>\n<li>LIH Last Image HOLD<\/li>\n<li>Zoom<\/li>\n<li>Controles de brillo y contraste<\/li>\n<li>Teclado num\u00e9rico<\/li>\n<li>Impresora de Mitsubishi P90<\/li>\n<li>0.15 mA @ 70kVp<\/li>\n<li>120V<\/li>\n<li>50\/60Hz<\/li>\n<\/ul>\n<p>&nbsp;<\/p>\n<\/div>\n<\/div>\n","protected":false},"excerpt":{"rendered":"<p>Mini C-Arm<\/p>\n","protected":false},"featured_media":11245,"template":"","meta":{"_acf_changed":false,"_relevanssi_hide_post":"","_relevanssi_hide_content":"","_relevanssi_pin_for_all":"","_relevanssi_pin_keywords":"","_relevanssi_unpin_keywords":"","_relevanssi_related_keywords":"","_relevanssi_related_include_ids":"","_relevanssi_related_exclude_ids":"","_relevanssi_related_no_append":"","_relevanssi_related_not_related":"","_relevanssi_related_posts":"","_relevanssi_noindex_reason":"","inline_featured_image":false},"pwb-brand":[1126],"product_brand":[],"product_cat":[53],"product_tag":[3993,4314,4315,3446,3445,3444],"class_list":{"0":"post-4523","1":"product","2":"type-product","3":"status-publish","4":"has-post-thumbnail","6":"pwb-brand-equipo-medico-xitec","7":"product_cat-mini-arcos-en-c","8":"product_tag-mini-arcos-en-c","9":"product_tag-mini-arcos-en-c-xitec","10":"product_tag-mini-arcos-en-c-xitec-xiscan","11":"product_tag-xiscan","12":"product_tag-xitec","13":"product_tag-xitec-xiscan","15":"first","16":"outofstock","17":"purchasable","18":"product-type-simple"},"acf":[],"brands":[{"id":1126,"name":"XiTec","slug":"equipo-medico-xitec"}],"_links":{"self":[{"href":"https:\/\/www.somatechnology.com\/spanish\/wp-json\/wp\/v2\/product\/4523","targetHints":{"allow":["GET"]}}],"collection":[{"href":"https:\/\/www.somatechnology.com\/spanish\/wp-json\/wp\/v2\/product"}],"about":[{"href":"https:\/\/www.somatechnology.com\/spanish\/wp-json\/wp\/v2\/types\/product"}],"wp:featuredmedia":[{"embeddable":true,"href":"https:\/\/www.somatechnology.com\/spanish\/wp-json\/wp\/v2\/media\/11245"}],"wp:attachment":[{"href":"https:\/\/www.somatechnology.com\/spanish\/wp-json\/wp\/v2\/media?parent=4523"}],"wp:term":[{"taxonomy":"pwb-brand","embeddable":true,"href":"https:\/\/www.somatechnology.com\/spanish\/wp-json\/wp\/v2\/pwb-brand?post=4523"},{"taxonomy":"product_brand","embeddable":true,"href":"https:\/\/www.somatechnology.com\/spanish\/wp-json\/wp\/v2\/product_brand?post=4523"},{"taxonomy":"product_cat","embeddable":true,"href":"https:\/\/www.somatechnology.com\/spanish\/wp-json\/wp\/v2\/product_cat?post=4523"},{"taxonomy":"product_tag","embeddable":true,"href":"https:\/\/www.somatechnology.com\/spanish\/wp-json\/wp\/v2\/product_tag?post=4523"}],"curies":[{"name":"wp","href":"https:\/\/api.w.org\/{rel}","templated":true}]}}