{"id":4525,"date":"2016-07-19T21:30:43","date_gmt":"2016-07-19T21:30:43","guid":{"rendered":"http:\/\/equipomedicocentral.com\/wordpress\/product\/invivo-magnitude-mri\/"},"modified":"2025-09-23T12:28:59","modified_gmt":"2025-09-23T16:28:59","slug":"invivo-magnitude-mri","status":"publish","type":"product","link":"https:\/\/www.somatechnology.com\/spanish\/equipo-medico-usado-remanufacturado\/monitores-de-signos-vitales\/monitores-multiparametros\/invivo-magnitude-mri\/","title":{"rendered":"Philips Invivo Magnitude MRI"},"content":{"rendered":"<h2>Caracter\u00edsticas del Philips Invivo Magnitude MRI<\/h2>\n<p>El <strong>monitoreo del paciente para sistemas MRI<\/strong> requiere equipos que no pongan en peligro la seguridad del paciente, la calidad de la imagen o el rendimiento del paciente. Invivo, el l\u00edder mundial en el monitoreo de pacientes con IRM desde 1987, fue el primero en proporcionar monitoreo de signos vitales para el paciente dise\u00f1ado espec\u00edficamente para operar con seguridad y precisi\u00f3n en el entorno de MRI.<\/p>\n<p>El sistema de monitoreo de pacientes de magnitud \u2122 es la soluci\u00f3n completa para el monitoreo continuo de signos vitales cr\u00edticos durante los procedimientos de MRI. La innovaci\u00f3n y fiabilidad de magnitud \u2122 ha sido perfeccionada por el compromiso de Invivo \u00abs \u2122 con MRI desde 1987. Es el sistema de supervisi\u00f3n paciente recomendado por los fabricantes principales de MRI.<\/p>\n<p>Magnitud \u2122 est\u00e1 dise\u00f1ado con un enfoque en la fiabilidad y durabilidad. Ha demostrado la capacidad de proporcionar la supervisi\u00f3n paciente exacta en campos magn\u00e9ticos de hasta 5.000 gauss. Ofrece la tecnolog\u00eda infrarroja del estado s\u00f3lido para la medida de los agentes de la EtC02 y de la anestesia, la misma tecnolog\u00eda usada en usos de la anestesia fuera de MRI. Un sistema innovador del alambre de plomo asegura funcionamiento mientras que reduce el riesgo de calefacci\u00f3n de la corriente de la radiofrecuencia.<\/p>\n<p>La innovaci\u00f3n es el alma de la magnitud \u2122. Es el \u00fanico monitor compatible de MRI que ofrece tecnolog\u00eda sin hilos 2.4 GHz y capacidad de la bater\u00eda de 8 horas as\u00ed eliminando la necesidad de la instalaci\u00f3n en la sala de MRI y proporcionando la movilidad incomparable por cualquier otro monitor del paciente de MRI. El proceso de se\u00f1al digital (DSP) y la filtraci\u00f3n quitan el artefacto relacionado MRI durante todos los procedimientos de MRI para proporcionar funcionamiento y el bloquear realzados de ECG. Los algoritmos de sincronizaci\u00f3n cardiacos y perif\u00e9ricos digitales patentados aseguran la mejor calidad posible de la imagen del MR.<\/p>\n<ul>\n<li>ECG<\/li>\n<li>SpO2<\/li>\n<li>NIBP<\/li>\n<li>IBP<\/li>\n<li>EtCO2<\/li>\n<li>Agentes anest\u00e9sicos con identificaci\u00f3n autom\u00e1tica FiberTEMP \u2122 temperatura continua de sincronizaci\u00f3n cardiaca y perif\u00e9rica de procesamiento de se\u00f1al digital (DSP) y filtrado para mejorar el rendimiento de ECG y la sincronizaci\u00f3n<\/li>\n<li>2,4 GHz control remoto inal\u00e1mbrico 5.000 gauss compatible<\/li>\n<li>Bater\u00eda de 8 horas<\/li>\n<li>Compatible hasta 3,0 Tesla<\/li>\n<\/ul>\n","protected":false},"excerpt":{"rendered":"<p>El monitoreo del paciente para sistemas MRI requiere equipos que no pongan en peligro la seguridad del paciente, la calidad de la imagen o el rendimiento del paciente. Invivo, el l\u00edder mundial en el monitoreo de pacientes con IRM desde 1987, fue el primero en proporcionar monitoreo de signos vitales para el paciente dise\u00f1ado espec\u00edficamente para operar con seguridad y precisi\u00f3n en el entorno de MRI.<\/p>\n","protected":false},"featured_media":11442,"template":"","meta":{"_acf_changed":false,"_relevanssi_hide_post":"","_relevanssi_hide_content":"","_relevanssi_pin_for_all":"","_relevanssi_pin_keywords":"","_relevanssi_unpin_keywords":"","_relevanssi_related_keywords":"","_relevanssi_related_include_ids":"","_relevanssi_related_exclude_ids":"","_relevanssi_related_no_append":"","_relevanssi_related_not_related":"","_relevanssi_related_posts":"","_relevanssi_noindex_reason":"","inline_featured_image":false},"pwb-brand":[1102],"product_brand":[],"product_cat":[50],"product_tag":[890,3614,3841,4468,273,4466,4465,4464,4467,3862],"class_list":{"0":"post-4525","1":"product","2":"type-product","3":"status-publish","4":"has-post-thumbnail","6":"pwb-brand-equipo-medico-philips","7":"product_cat-monitores-multiparametros","8":"product_tag-invivo","9":"product_tag-monitores-multiparametros","10":"product_tag-monitores-multiparametros-philips","11":"product_tag-monitores-multiparametros-philips-invivo","12":"product_tag-philips","13":"product_tag-philips-invivo","14":"product_tag-philips-invivo-magnitude","15":"product_tag-philips-invivo-magnitude-mri","16":"product_tag-philips-invivo-monitores-multiparametros","17":"product_tag-philips-monitores-multiparametros","19":"first","20":"instock","21":"purchasable","22":"product-type-simple"},"acf":[],"brands":[{"id":1102,"name":"Philips","slug":"equipo-medico-philips"}],"_links":{"self":[{"href":"https:\/\/www.somatechnology.com\/spanish\/wp-json\/wp\/v2\/product\/4525","targetHints":{"allow":["GET"]}}],"collection":[{"href":"https:\/\/www.somatechnology.com\/spanish\/wp-json\/wp\/v2\/product"}],"about":[{"href":"https:\/\/www.somatechnology.com\/spanish\/wp-json\/wp\/v2\/types\/product"}],"wp:featuredmedia":[{"embeddable":true,"href":"https:\/\/www.somatechnology.com\/spanish\/wp-json\/wp\/v2\/media\/11442"}],"wp:attachment":[{"href":"https:\/\/www.somatechnology.com\/spanish\/wp-json\/wp\/v2\/media?parent=4525"}],"wp:term":[{"taxonomy":"pwb-brand","embeddable":true,"href":"https:\/\/www.somatechnology.com\/spanish\/wp-json\/wp\/v2\/pwb-brand?post=4525"},{"taxonomy":"product_brand","embeddable":true,"href":"https:\/\/www.somatechnology.com\/spanish\/wp-json\/wp\/v2\/product_brand?post=4525"},{"taxonomy":"product_cat","embeddable":true,"href":"https:\/\/www.somatechnology.com\/spanish\/wp-json\/wp\/v2\/product_cat?post=4525"},{"taxonomy":"product_tag","embeddable":true,"href":"https:\/\/www.somatechnology.com\/spanish\/wp-json\/wp\/v2\/product_tag?post=4525"}],"curies":[{"name":"wp","href":"https:\/\/api.w.org\/{rel}","templated":true}]}}