{"id":4532,"date":"2016-07-19T21:30:43","date_gmt":"2016-07-19T21:30:43","guid":{"rendered":"http:\/\/equipomedicocentral.com\/wordpress\/product\/medtronic-physio-control-lifepak-20e\/"},"modified":"2025-06-30T11:36:11","modified_gmt":"2025-06-30T15:36:11","slug":"medtronic-physio-control-lifepak-20e","status":"publish","type":"product","link":"https:\/\/www.somatechnology.com\/spanish\/equipo-medico-usado-remanufacturado\/desfibriladores-medicos\/desfibriladores\/medtronic-physio-control-lifepak-20e\/","title":{"rendered":"Medtronic Physio Control Lifepak 20e"},"content":{"rendered":"<h2>Caracter\u00edsticas de Physio Control Lifepak 20e<\/h2>\n<p>El <strong>Physio Control Lifepak 20e<\/strong> es cl\u00ednicamente avanzado y est\u00e1 lleno de potencia. El desfibrilador y monitor 20e es altamente intuitivo para los primeros en responder y combina el DEA y las capacidades manuales para que los m\u00e9dicos entrenados en ACLS puedan brindar r\u00e1pida y f\u00e1cilmente atenci\u00f3n terap\u00e9utica avanzada. El M\u00f3dulo CodeManagement agrega capnograf\u00eda de forma de onda y conectividad inal\u00e1mbrica para mejorar la capacidad de su hospital para manejar de forma efectiva las resucitaciones desde la preparaci\u00f3n a trav\u00e9s de la revisi\u00f3n.<\/p>\n<ul>\n<li>Proporciona un uso de DEA r\u00e1pido y efectivo.<\/li>\n<li>Se convierte f\u00e1cilmente en modo manual.<\/li>\n<li>Compacto y liviano para un f\u00e1cil transporte y un uso vers\u00e1til.<\/li>\n<li>F\u00e1cil mantenimiento y servicio.<\/li>\n<\/ul>\n<h3>Informaci\u00f3n General<\/h3>\n<ul>\n<li>Modo manual: proporciona una capacidad operativa normal para los usuarios de ALS. Permite el acceso a la selecci\u00f3n de energ\u00eda de modo manual hasta 360J, cardioversi\u00f3n s\u00edncrona y estimulaci\u00f3n. Se muestra la forma de onda ECG. Modo AED: proporciona una capacidad operativa normal para los usuarios de BLS. Todas las funciones del usuario est\u00e1n disponibles, excepto desfibrilaci\u00f3n manual, cardioversi\u00f3n s\u00edncrona, estimulaci\u00f3n y acceso a registros de pacientes archivados. Proporciona valores de energ\u00eda de choque de hasta 360j. Opci\u00f3n seleccionable por el usuario para mostrar las formas de onda de ECG y \/ o las indicaciones visuales de DEA. Modo de configuraci\u00f3n: permite al operador configurar los ajustes del dispositivo. Modo de servicio: permite al operador ejecutar pruebas de diagn\u00f3stico y calibraci\u00f3n, para mostrar las versiones de software y hardware en modo dispositivo, y para visualizar e imprimir el registro de c\u00f3digos de diagn\u00f3stico. Modo en servicio: las formas de onda simuladas est\u00e1n disponibles para fines de demostraci\u00f3n. Las formas de onda consisten en segmentos cortos de datos realistas, que se repiten para formar una forma de onda continua. Modo de archivo: proporciona al operador la oportunidad de acceder a los registros de pacientes anteriores para su revisi\u00f3n, transmisi\u00f3n, impresi\u00f3n, edici\u00f3n o eliminaci\u00f3n. Modo de prueba autom\u00e1tica: realiza autopruebas diarias.<\/li>\n<\/ul>\n<h3>Modo de Operaci\u00f3n<\/h3>\n<p>El dispositivo es un dispositivo operado por l\u00ednea de CA con bater\u00eda interna como respaldo. Alimentaci\u00f3n de CA: 90- 132 VCA 50\/60 Hz, 198-264 VCA 50\/60 Hz, consumo de potencia total inferior a 75 vatios. Copia de seguridad de la bater\u00eda interna: NiMh, las bater\u00edas se cargan mientras el dispositivo funciona con alimentaci\u00f3n de CA. Tiempo de funcionamiento: una nueva bater\u00eda de respaldo interna completamente cargada proporcionar\u00e1 lo siguiente antes del apagado: 120 minutos de monitoreo, 135 minutos de monitoreo sin pulsiox\u00edmetro, 90 descargas de 360 \u200b\u200bjulios y 70 minutos de monitoreo m\u00e1s estimulaci\u00f3n. Tiempo t\u00edpico de carga de la bater\u00eda: &lt;2 horas cuando el dispositivo se apaga y se aplica alimentaci\u00f3n de CA. Indicaci\u00f3n y mensaje de bater\u00eda baja: cuando el dispositivo se desenchufa de la alimentaci\u00f3n de CA, cambia a la mezcla. Cuando la bater\u00eda est\u00e1 baja, el \u00edcono de detecci\u00f3n de la bater\u00eda se indica con un mensaje de bater\u00eda baja en el \u00e1rea de estado y se produce un tono de advertencia.<\/p>\n<h3>Dimensiones<\/h3>\n<ul>\n<li>Peso: desfibrilador \/ monitor completamente equipado (estimulaci\u00f3n y SpO2) 5,58 kg (12,3 lbs). Altura: 21.3 cm (8.4 \u00ab). Ancho: 26.2 cm (10.3 \u00ab). Profundidad: 26.2 cm (10.3\u201d).<\/li>\n<\/ul>\n<h3>Monitor<\/h3>\n<ul>\n<li>Tama\u00f1o: 115.18 mm (4.53 \u00ab) de ancho x 86.38 mm (3.4\u00bb) de alto. Resoluci\u00f3n: LCD activa de color de punto de 230 x 240. Muestra un m\u00ednimo de 4 segundos de ECG y alfanum\u00e9rico para los valores, las instrucciones del dispositivo o las indicaciones. Opci\u00f3n para mostrar una forma de onda adicional. Velocidad de barrido de visualizaci\u00f3n de forma de onda: 25 mm \/ seg para ECG.<\/li>\n<\/ul>\n<h3>Administraci\u00f3n de Datos<\/h3>\n<ul>\n<li>El dispositivo puede imprimir f\u00e1cilmente un informe CODE SUMMARY \u2122, que incluye una introducci\u00f3n con informaci\u00f3n del paciente y registro de eventos cr\u00edticos. El informe de resumen tambi\u00e9n incluye registro de eventos y signos vitales, y forma de onda asociada con ciertos eventos.<\/li>\n<\/ul>\n<h3>Comunicaci\u00f3n<\/h3>\n<ul>\n<li>El dispositivo puede imprimir registros de pacientes archivados y tiene dos puertos de comunicaciones de datos, que admiten un cable de datos en serie.<\/li>\n<\/ul>\n<h3>Monitor<\/h3>\n<ul>\n<li>ECG: se puede monitorear a trav\u00e9s de cables ECG de 3 o 5 hilos. Las paletas est\u00e1ndar o los electrodos de terapia se usan para controlar las paletas. Selecciones de cables: conductores I, II y III con un cable de ECG de 3 hilos, cables I, II, III, AVR, AVL y AVF, V adquiridos simult\u00e1neamente con un cable de ECG de 5 hilos. Tama\u00f1o del ECG: 4, 3, 2.5, 2, 1.5, 1, 0.5, 0.25 cm \/ mV. Visualizaci\u00f3n de la frecuencia card\u00edaca: pantalla digital de 20-350 bpm. Indicaciones de voz: se utilizan para las advertencias y alarmas seleccionadas, configuradas como on \/ off. SpO2: rango de saturaci\u00f3n: 1 a 100%. Precisi\u00f3n de saturaci\u00f3n: (70-100%) (0-69%) no especificado): Adultos \/ Pedi\u00e1tricos: \u00b1 2 d\u00edgitos sin movimiento, \u00b1 3 d\u00edgitos con movimiento. Neonatos: \u00b1 3 d\u00edgitos con o sin movimiento. Velocidad promedio de actualizaci\u00f3n de SpO2: seleccionable por el usuario 4, 8, 12 o 16 segundos. Mediciones de SpO2: los valores funcionales de SpO2 se muestran y almacenan. Rango de frecuencia del pulso: de 25 a 240 pulsos por minuto. Precisi\u00f3n de frecuencia del pulso: \u00b1 3 d\u00edgitos sin movimiento y \u00b1 5 d\u00edgitos con movimiento.<\/li>\n<\/ul>\n<h3>Alarmas<\/h3>\n<ul>\n<li>Quick Set: activa alarmas para todos los par\u00e1metros.<\/li>\n<li>Alarma VF \/ VT: activa la monitorizaci\u00f3n continua de CPSS en modo manual.<\/li>\n<\/ul>\n<h3>Impresora<\/h3>\n<ul>\n<li>Imprime tiras continuas de la informaci\u00f3n del paciente que se muestra. Tama\u00f1o del papel: 50 mm (2 \u00ab). Velocidad de impresi\u00f3n: ECG continuo 25 mm \/ seg \u00b1 5%. Demora: 8 segundos. Impresi\u00f3n autom\u00e1tica: los eventos de forma de onda se imprimen autom\u00e1ticamente. Velocidad de impresi\u00f3n para informes RESUMEN DE C\u00d3DIGO: 25 mm \/ seg.<\/li>\n<\/ul>\n<h3>Respuesta frecuente<\/h3>\n<ul>\n<li>\u2022 Diagn\u00f3stico: de 0.05 a 150 Hz o de 0.05 a 40 Hz. Monitor: 0,67 a 40 Hz o 1 a 30 Hz. Paletas: 2.5 a 30 Hz. Salida anal\u00f3gica de ECG: 0.67 a 32 Hz.<\/li>\n<\/ul>\n<h3>Desfibrilador<\/h3>\n<ul>\n<li>Forma de onda: exponencial truncado bif\u00e1sico. Exactitud energ\u00e9tica: \u00b1 1 joule o 10% de ajuste, el que sea mayor, en 50 ohmios \u00b1 2 julios o ajuste del 15%, el que sea mayor, en cualquier impedancia de 25-100 ohmios. Compensaci\u00f3n de voltaje: activa cuando se conectan electrodos de terapia desechables. Salida de energ\u00eda dentro de \u00b1 5% o \u00b1 1 joule, lo que sea mayor de 50 ohmios de valor, limitado a la energ\u00eda disponible, lo que resulta en la entrega de 360 \u200b\u200bjulios en 50 ohmios. Manual &#8211; Energ\u00eda seleccionada: 2, 3, 4, 5, 6, 7, 8, 9, 10, 15, 20, 30, 50, 70, 100, 125, 150, 175, 200, 225, 250, 275, 300 , 325 y 360 julios y secuencia configurable por el usuario de 100-200, 100-300, 100-360. Tiempo de carga: tiempo de carga a 200j &lt;4 segundos con la bater\u00eda completamente cargada. Tiempo de carga a 360J &lt;7 segundos con la bater\u00eda completamente cargada. Tiempo de carga a 360j &lt;10 segundos mientras no est\u00e9 en operaciones con poca bater\u00eda. Cardioversi\u00f3n sincr\u00f3nica: la transferencia de energ\u00eda comienza con 60 ms del pico QRS. La energ\u00eda comienza a los 25 ms del pulso de sincronizaci\u00f3n externa. Pulso de sincronizaci\u00f3n externa: 0-5V (nivel TTL) Pulso, activo Alto,&gt; 5 ms de duraci\u00f3n, no m\u00e1s cerca de 200 ms de separaci\u00f3n y no m\u00e1s de 1 segundo de diferencia. AED: el sistema de asesoramiento de descarga es un sistema de an\u00e1lisis de ECG que aconseja al operador que el algoritmo detecta un ritmo de ECG con o sin descarga. SAS adquiere ECG a trav\u00e9s de electrodos de terapia solamente. Tiempo de respuesta de descarga: con una bater\u00eda completamente cargada a temperatura ambiente normal, el dispositivo est\u00e1 listo para recibir descargas el\u00e9ctricas dentro de los 16 segundos posteriores al encendido, si el hallazgo de ritmo inicial es \u00abAviso de descarga\u00bb.<\/li>\n<\/ul>\n<h3>Modo Marca Paso<\/h3>\n<ul>\n<li>Modo de estimulaci\u00f3n: tasa de demanda o no demanda y valores predeterminados actuales. Frecuencia de estimulaci\u00f3n: 40 a 170 ppm. Precisi\u00f3n de la frecuencia: \u00b1 1.5% en todo el rango. Forma de onda de salida: Monof\u00e1sica, amplitud estable a \u00b1 5% con respecto al borde de entrada de corrientes mayores o iguales a 40 mA, duraci\u00f3n 20 \u00b1 1 ms, tiempos de subida \/ ca\u00edda &lt;= 1 ms (niveles del 10-90%). Corriente de salida: 0 a 200 mA. Pausa: la frecuencia del pulso de estimulaci\u00f3n se reduce en un factor de 4 cuando se activa. Per\u00edodo refractario: 200 a 300 ms \u00b1 3% (funci\u00f3n de la velocidad).<\/li>\n<\/ul>\n<p>&nbsp;<\/p>\n<p>&nbsp;<\/p>\n","protected":false},"excerpt":{"rendered":"<p>El Physio Control Lifepak 20e es cl\u00ednicamente avanzado y est\u00e1 lleno de potencia. El desfibrilador y monitor 20e es altamente intuitivo para los primeros en responder y combina el DEA y las capacidades manuales para que los m\u00e9dicos entrenados en ACLS puedan brindar r\u00e1pida y f\u00e1cilmente atenci\u00f3n terap\u00e9utica avanzada. El M\u00f3dulo CodeManagement agrega capnograf\u00eda de forma de onda y conectividad inal\u00e1mbrica para mejorar la capacidad de su hospital para manejar de forma efectiva las resucitaciones desde la preparaci\u00f3n a trav\u00e9s de la revisi\u00f3n.<\/p>\n","protected":false},"featured_media":19585,"template":"","meta":{"_acf_changed":false,"_relevanssi_hide_post":"","_relevanssi_hide_content":"","_relevanssi_pin_for_all":"","_relevanssi_pin_keywords":"","_relevanssi_unpin_keywords":"","_relevanssi_related_keywords":"","_relevanssi_related_include_ids":"","_relevanssi_related_exclude_ids":"","_relevanssi_related_no_append":"","_relevanssi_related_not_related":"","_relevanssi_related_posts":"","_relevanssi_noindex_reason":"","inline_featured_image":false},"pwb-brand":[1118],"product_brand":[],"product_cat":[97,4765],"product_tag":[721,720,718,717,715,606,719,716],"class_list":{"0":"post-4532","1":"product","2":"type-product","3":"status-publish","4":"has-post-thumbnail","6":"pwb-brand-desfibriladores-physio-control","7":"product_cat-desfibriladores","8":"product_cat-desfibriladores-portatiles","9":"product_tag-lifepak","10":"product_tag-lifepak-20e","11":"product_tag-medtronic-physio-control","12":"product_tag-medtronic-physio-control-lifepak","13":"product_tag-medtronic-physio-control-lifepak-20e","14":"product_tag-physio-control","15":"product_tag-physio-control-lifepak","16":"product_tag-physio-control-lifepak-20e","18":"first","19":"instock","20":"featured","21":"purchasable","22":"product-type-simple"},"acf":[],"brands":[{"id":1118,"name":"Physio Control","slug":"desfibriladores-physio-control"}],"_links":{"self":[{"href":"https:\/\/www.somatechnology.com\/spanish\/wp-json\/wp\/v2\/product\/4532","targetHints":{"allow":["GET"]}}],"collection":[{"href":"https:\/\/www.somatechnology.com\/spanish\/wp-json\/wp\/v2\/product"}],"about":[{"href":"https:\/\/www.somatechnology.com\/spanish\/wp-json\/wp\/v2\/types\/product"}],"wp:featuredmedia":[{"embeddable":true,"href":"https:\/\/www.somatechnology.com\/spanish\/wp-json\/wp\/v2\/media\/19585"}],"wp:attachment":[{"href":"https:\/\/www.somatechnology.com\/spanish\/wp-json\/wp\/v2\/media?parent=4532"}],"wp:term":[{"taxonomy":"pwb-brand","embeddable":true,"href":"https:\/\/www.somatechnology.com\/spanish\/wp-json\/wp\/v2\/pwb-brand?post=4532"},{"taxonomy":"product_brand","embeddable":true,"href":"https:\/\/www.somatechnology.com\/spanish\/wp-json\/wp\/v2\/product_brand?post=4532"},{"taxonomy":"product_cat","embeddable":true,"href":"https:\/\/www.somatechnology.com\/spanish\/wp-json\/wp\/v2\/product_cat?post=4532"},{"taxonomy":"product_tag","embeddable":true,"href":"https:\/\/www.somatechnology.com\/spanish\/wp-json\/wp\/v2\/product_tag?post=4532"}],"curies":[{"name":"wp","href":"https:\/\/api.w.org\/{rel}","templated":true}]}}