{"id":4534,"date":"2016-07-19T21:30:43","date_gmt":"2016-07-19T21:30:43","guid":{"rendered":"http:\/\/equipomedicocentral.com\/wordpress\/product\/medtronic-physio-control-lifepak-15-desfibrilador\/"},"modified":"2025-09-23T12:29:15","modified_gmt":"2025-09-23T16:29:15","slug":"medtronic-physio-control-lifepak-15-desfibrilador","status":"publish","type":"product","link":"https:\/\/www.somatechnology.com\/spanish\/equipo-medico-usado-remanufacturado\/desfibriladores-medicos\/desfibriladores\/medtronic-physio-control-lifepak-15-desfibrilador\/","title":{"rendered":"Stryker Physio Control Lifepak 15"},"content":{"rendered":"<h2>Caracter\u00edsticas de Stryker Physio Control Lifepak 15<\/h2>\n<p>El <a href=\"https:\/\/www.somatechnology.com\/spanish\/equipo-medico-usado-remanufacturado\/desfibriladores-medicos\/desfibriladores\/medtronic-physio-control-lifepak-15-desfibrilador\/\">desfibrilador<\/a>\/monitor Stryker Physio-Control Lifepak 15 ofrece versatilidad en momentos de emergencia. <a href=\"https:\/\/www.somatechnology.com\/wp-content\/uploads\/sites\/2\/2016\/07\/Stryker_Lifepak-_15_Spa.pdf\">El Lifepak 15<\/a> monitorea continuamente sus 12 derivaciones en segundo plano. Alerta al operador sobre cambios, proporciona EtCO2 con captura continua de la forma de onda y cuenta con la tecnolog\u00eda Masimo Rainbow SET para ayudar a detectar condiciones dif\u00edciles de diagnosticar mediante la monitorizaci\u00f3n no invasiva de mon\u00f3xido de carbono, SpO2 y metahemoglobina. Con el sistema de revisi\u00f3n de datos CODE-STAT, el desfibrilador Lifepak 15 permite al operador transmitir, analizar tendencias o mostrar los datos registrados para una revisi\u00f3n posterior al evento.<\/p>\n<ul>\n<li>Tecnolog\u00eda bif\u00e1sica ADAPTIV Manual; Desfibrilaci\u00f3n externa en modo DEA<\/li>\n<li>Pantalla LCD a color de 8.4\u201d<\/li>\n<li>Metr\u00f3nomo de RCP utiliza indicaciones auditivas para guiar al operador sin distracci\u00f3n<\/li>\n<li>Marcapasos no invasivo (con demanda y sin demanda)<\/li>\n<li>Capacidad de ECG de 12 derivaciones<\/li>\n<li>Impresora de 100 mm<\/li>\n<li>Sistema de bater\u00eda dual de iones de litio<\/li>\n<li>Asa dise\u00f1ada para acomodar dos manos con guantes para facilitar traspasos.<\/li>\n<\/ul>\n","protected":false},"excerpt":{"rendered":"<p>El desfibrilador\/monitor Stryker Physio-Control Lifepak 15 ofrece versatilidad en momentos de emergencia. El Lifepak 15 monitorea continuamente sus 12 derivaciones en segundo plano. Alerta al operador sobre cambios, proporciona EtCO2 con captura continua de la forma de onda y cuenta con la tecnolog\u00eda Masimo Rainbow SET para ayudar a detectar condiciones dif\u00edciles de diagnosticar mediante la monitorizaci\u00f3n no invasiva de mon\u00f3xido de carbono, SpO2 y metahemoglobina. Con el sistema de revisi\u00f3n de datos CODE-STAT, el desfibrilador Lifepak 15 permite al operador transmitir, analizar tendencias o mostrar los datos registrados para una revisi\u00f3n posterior al evento.<\/p>\n","protected":false},"featured_media":31060,"template":"","meta":{"_acf_changed":false,"_relevanssi_hide_post":"","_relevanssi_hide_content":"","_relevanssi_pin_for_all":"","_relevanssi_pin_keywords":"","_relevanssi_unpin_keywords":"","_relevanssi_related_keywords":"","_relevanssi_related_include_ids":"","_relevanssi_related_exclude_ids":"","_relevanssi_related_no_append":"","_relevanssi_related_not_related":"","_relevanssi_related_posts":"","_relevanssi_noindex_reason":"","inline_featured_image":false},"pwb-brand":[1079],"product_brand":[],"product_cat":[97,4765,7017],"product_tag":[7262,10209,10208,6764,721,727,10205,10203,10206,606,726,178,10204,10207],"class_list":{"0":"post-4534","1":"product","2":"type-product","3":"status-publish","4":"has-post-thumbnail","6":"pwb-brand-equipo-medico-stryker","7":"product_cat-desfibriladores","8":"product_cat-desfibriladores-portatiles","9":"product_cat-uci","10":"product_tag-dea","11":"product_tag-deas","12":"product_tag-defibrillators","13":"product_tag-desfibrilador","14":"product_tag-lifepak","15":"product_tag-lifepak-15","16":"product_tag-lifepak-15-defibrillator","17":"product_tag-medtronic-lifepak-15","18":"product_tag-medtronic-physio-control-lifepak-15","19":"product_tag-physio-control","20":"product_tag-physio-control-lifepak-15","21":"product_tag-stryker","22":"product_tag-stryker-lifepak-15","23":"product_tag-stryker-physio-control-lifepak-15","25":"first","26":"instock","27":"purchasable","28":"product-type-simple"},"acf":[],"brands":[{"id":1079,"name":"Stryker","slug":"equipo-medico-stryker"}],"_links":{"self":[{"href":"https:\/\/www.somatechnology.com\/spanish\/wp-json\/wp\/v2\/product\/4534","targetHints":{"allow":["GET"]}}],"collection":[{"href":"https:\/\/www.somatechnology.com\/spanish\/wp-json\/wp\/v2\/product"}],"about":[{"href":"https:\/\/www.somatechnology.com\/spanish\/wp-json\/wp\/v2\/types\/product"}],"wp:featuredmedia":[{"embeddable":true,"href":"https:\/\/www.somatechnology.com\/spanish\/wp-json\/wp\/v2\/media\/31060"}],"wp:attachment":[{"href":"https:\/\/www.somatechnology.com\/spanish\/wp-json\/wp\/v2\/media?parent=4534"}],"wp:term":[{"taxonomy":"pwb-brand","embeddable":true,"href":"https:\/\/www.somatechnology.com\/spanish\/wp-json\/wp\/v2\/pwb-brand?post=4534"},{"taxonomy":"product_brand","embeddable":true,"href":"https:\/\/www.somatechnology.com\/spanish\/wp-json\/wp\/v2\/product_brand?post=4534"},{"taxonomy":"product_cat","embeddable":true,"href":"https:\/\/www.somatechnology.com\/spanish\/wp-json\/wp\/v2\/product_cat?post=4534"},{"taxonomy":"product_tag","embeddable":true,"href":"https:\/\/www.somatechnology.com\/spanish\/wp-json\/wp\/v2\/product_tag?post=4534"}],"curies":[{"name":"wp","href":"https:\/\/api.w.org\/{rel}","templated":true}]}}