{"id":4542,"date":"2016-07-19T21:30:43","date_gmt":"2016-07-19T21:30:43","guid":{"rendered":"http:\/\/equipomedicocentral.com\/wordpress\/product\/drager-savina\/"},"modified":"2025-06-25T16:37:00","modified_gmt":"2025-06-25T20:37:00","slug":"drager-savina","status":"publish","type":"product","link":"https:\/\/www.somatechnology.com\/spanish\/equipo-medico-usado-remanufacturado\/ventiladores\/drager-savina\/","title":{"rendered":"Drager Savina"},"content":{"rendered":"<h2>Dr\u00e4ger Savina<\/h2>\n<ul>\n<li>El ventilador avanzado, de alta calidad de ICU que ofrece funcionamiento excelente de la ventilaci\u00f3n combin\u00f3 con la operaci\u00f3n f\u00e1cil<\/li>\n<li>Dise\u00f1ado para la ventilaci\u00f3n adulta y pedi\u00e1trica, la Savina proporciona terapia avanzada en cualquie nivel de la agudeza<\/li>\n<li>Concepto de seguridad integral<\/li>\n<li>Mayor flexibilidad<\/li>\n<li>Apoya el proceso de recuperaci\u00f3n en cada etapa<\/li>\n<li>Una interfaz de usuario sencilla y eficaz<\/li>\n<\/ul>\n<h3>Modos de ventilaci\u00f3n<\/h3>\n<ul>\n<li>VPPI (CMV), IPPVAssist (CMVAssist)<\/li>\n<li>SIMV, SIMVASB (SIMV\/PS)<\/li>\n<li>CPAP, CPAPASB (CPAP\/PS)<\/li>\n<li>BIPAP1), (PCV +) (opcional), BiPAP) ASB (PCV +\/PS) (opcional)<\/li>\n<\/ul>\n<h3>Mejoras<\/h3>\n<ul>\n<li>Niv \u2013 ventilaci\u00f3n no invasiva con sistema de alarma optimizado y compensaci\u00f3n autom\u00e1tica de fugas (opcional)<\/li>\n<li>AUTOFLOW \u00ae<\/li>\n<li>Adaptaci\u00f3n autom\u00e1tica del flujo inspiratorio en los modos de ventilaci\u00f3n orientados al volumen (opcional)<\/li>\n<li>LPO \u2013 ox\u00edgeno de baja presi\u00f3n. Fuente independiente del ox\u00edgeno, e.g. con un concentrador del O2 (opcional)<\/li>\n<li>Pantalla gr\u00e1fica \u2013 Monitorizaci\u00f3n avanzada de la ventilaci\u00f3n (opcional)<\/li>\n<li>Llamada de la enfermera \u2013 conexi\u00f3n para transmitir se\u00f1ales de alarma a un sistema central de alarma (opcional)<\/li>\n<\/ul>\n<h3>Informaci\u00f3n General<\/h3>\n<ul>\n<li>Tipo de paciente adulto, pedi\u00e1trico<\/li>\n<li>Frecuencia de la ventilaci\u00f3n 2 a 80 BPM<\/li>\n<li>Tiempo de inspiraci\u00f3n 0.2 to10 s<\/li>\n<li>Volumen de marea 0.05 a 2.0 L, BTPS2)<\/li>\n<li>Flujo inspiratorio 0 to180 L\/min<\/li>\n<li>Presi\u00f3n inspiratoria 0 a 99 mbar (cmH2O)<\/li>\n<li>PEEP\/interino. P\u00edo 0 a 35 mbar (cmH2O)<\/li>\n<li>Presi\u00f3n support\/ASB 0 a 35 mbar (cmH2O) (en relaci\u00f3n con Peep)<\/li>\n<li>Aceleraci\u00f3n de flujo de 5 a 200 mbar\/s (cmH2O\/s)<\/li>\n<li>O2-concentraci\u00f3n 21 to100 Vol.%<\/li>\n<li>Sensibilidad del disparador 1 to15 L\/min<\/li>\n<li>Volumen minucioso (milivoltio) MV total, MV espont\u00e1neo 0 a 99 L\/min, BTPS<\/li>\n<li>Volumen de marea VT inspiratorio VT, VT espiratoria 0 a 3999 ml, BTPS<\/li>\n<li>Frecuencia respiratoria total y frecuencia respiratoria espont\u00e1nea, 0 -150 BPM<\/li>\n<li>Inspiration O2-concentraci\u00f3n 21 to100 Vol.%<\/li>\n<li>Temperatura de gas de respiraci\u00f3n 18 a 48 \u00b0 c (sensor opcional)<\/li>\n<li>La curva exhibe la presi\u00f3n\/el tiempo, flujo\/tiempo de la v\u00eda a\u00e9rea<\/li>\n<li>Cociente de la ventilaci\u00f3n (I:E) 150:1 a 1:15002<\/li>\n<\/ul>\n","protected":false},"excerpt":{"rendered":"<p>El ventilador avanzado, de alta calidad de ICU que ofrece funcionamiento excelente de la ventilaci\u00f3n combin\u00f3 con la operaci\u00f3n f\u00e1cil. Dise\u00f1ado para la ventilaci\u00f3n adulta y pedi\u00e1trica, la Savina proporciona terapia avanzada en cualquie nivel de la agudeza. Concepto de seguridad integral. Mayor flexibilidad. Apoya el proceso de recuperaci\u00f3n en cada etapa. Una interfaz de usuario sencilla y eficaz.<\/p>\n","protected":false},"featured_media":9621,"template":"","meta":{"_acf_changed":false,"_relevanssi_hide_post":"","_relevanssi_hide_content":"","_relevanssi_pin_for_all":"","_relevanssi_pin_keywords":"","_relevanssi_unpin_keywords":"","_relevanssi_related_keywords":"","_relevanssi_related_include_ids":"","_relevanssi_related_exclude_ids":"","_relevanssi_related_no_append":"","_relevanssi_related_not_related":"","_relevanssi_related_posts":"","_relevanssi_noindex_reason":"","inline_featured_image":false},"pwb-brand":[1122],"product_brand":[],"product_cat":[51],"product_tag":[218,1476,217,1475,1474,1032,1469,1028,6884],"class_list":{"0":"post-4542","1":"product","2":"type-product","3":"status-publish","4":"has-post-thumbnail","6":"pwb-brand-equipo-medico-drager","7":"product_cat-ventiladores","8":"product_tag-draeger","9":"product_tag-draeger-savina","10":"product_tag-drager","11":"product_tag-drager-savina","12":"product_tag-savina","13":"product_tag-ventilador","14":"product_tag-ventiladore","15":"product_tag-ventiladores","16":"product_tag-ventiladores-drager","18":"first","19":"instock","20":"purchasable","21":"product-type-simple"},"acf":[],"brands":[{"id":1122,"name":"Drager","slug":"equipo-medico-drager"}],"_links":{"self":[{"href":"https:\/\/www.somatechnology.com\/spanish\/wp-json\/wp\/v2\/product\/4542","targetHints":{"allow":["GET"]}}],"collection":[{"href":"https:\/\/www.somatechnology.com\/spanish\/wp-json\/wp\/v2\/product"}],"about":[{"href":"https:\/\/www.somatechnology.com\/spanish\/wp-json\/wp\/v2\/types\/product"}],"wp:featuredmedia":[{"embeddable":true,"href":"https:\/\/www.somatechnology.com\/spanish\/wp-json\/wp\/v2\/media\/9621"}],"wp:attachment":[{"href":"https:\/\/www.somatechnology.com\/spanish\/wp-json\/wp\/v2\/media?parent=4542"}],"wp:term":[{"taxonomy":"pwb-brand","embeddable":true,"href":"https:\/\/www.somatechnology.com\/spanish\/wp-json\/wp\/v2\/pwb-brand?post=4542"},{"taxonomy":"product_brand","embeddable":true,"href":"https:\/\/www.somatechnology.com\/spanish\/wp-json\/wp\/v2\/product_brand?post=4542"},{"taxonomy":"product_cat","embeddable":true,"href":"https:\/\/www.somatechnology.com\/spanish\/wp-json\/wp\/v2\/product_cat?post=4542"},{"taxonomy":"product_tag","embeddable":true,"href":"https:\/\/www.somatechnology.com\/spanish\/wp-json\/wp\/v2\/product_tag?post=4542"}],"curies":[{"name":"wp","href":"https:\/\/api.w.org\/{rel}","templated":true}]}}