{"id":4551,"date":"2016-07-19T21:30:43","date_gmt":"2016-07-19T21:30:43","guid":{"rendered":"http:\/\/equipomedicocentral.com\/wordpress\/product\/philips-pagewriter-trim-iii\/"},"modified":"2023-08-23T06:12:35","modified_gmt":"2023-08-23T10:12:35","slug":"philips-pagewriter-trim-iii","status":"publish","type":"product","link":"https:\/\/www.somatechnology.com\/spanish\/equipo-medico-usado-remanufacturado\/cardiologia\/ekg-interpretativo-y-no-interpretativo\/philips-pagewriter-trim-iii\/","title":{"rendered":"Philips PageWriter Trim III"},"content":{"rendered":"<h2>Caracter\u00edsticas del\u00a0<strong>Philips PageWriter Trim III<\/strong><\/h2>\n<p>El cardi\u00f3grafo <strong>PageWriter Trim III<\/strong> es lo \u00faltimo en soluciones de cardiograf\u00eda compactas. Es un sistema de EKG interpretativo que es f\u00e1cil de transportar y combina caracter\u00edsticas de f\u00e1cil uso con una pantalla a todo color de alta resoluci\u00f3n para satisfacer las necesidades de entornos cl\u00ednicos de ritmo acelerado. Este ejecutante probado es compatible con la generaci\u00f3n de informes, el almacenamiento y la transmisi\u00f3n de datos de ECG de 12 derivaciones utilizando XML est\u00e1ndar de la industria. Puede conectarse directamente al sistema de gesti\u00f3n de ECG Philips TraceMasterVue. Los ECG se pueden transmitir en cualquier lugar en cualquier momento, lo que le permite un acceso instant\u00e1neo y seguro a los informes de los pacientes.<\/p>\n<ul>\n<li>Funciones f\u00e1ciles de usar, como una pantalla a color de alta resoluci\u00f3n de 6,5 pulgadas<\/li>\n<li>M\u00f3dulo de interfaz de paciente intuitivo<\/li>\n<li>M\u00faltiples opciones para agilizar el intercambio de informaci\u00f3n incluyendo m\u00f3dem, USB, LAN con cable o conectividad encriptada inal\u00e1mbrica 802.11<\/li>\n<\/ul>\n<h2>Especificaciones del\u00a0<strong>Philips PageWriter Trim III<\/strong><\/h2>\n<h3>ECG<\/h3>\n<ul>\n<li>Adquisici\u00f3n de se\u00f1al EKG de hasta 12 derivaciones para pacientes adultos y pedi\u00e1tricos<\/li>\n<li>Visualizaci\u00f3n en tiempo real, con el nombre y la identificaci\u00f3n del paciente<\/li>\n<li>Detecci\u00f3n de marcapasos autom\u00e1tica y configurable<\/li>\n<li>Funci\u00f3n de metr\u00f3nomo con opciones configurables para usar con la prueba de esfuerzo de dos pasos del maestro<\/li>\n<\/ul>\n<h3>Monitor de calidad ECG<\/h3>\n<ul>\n<li>Los indicadores de calidad de la se\u00f1al EKG en tiempo real proporcionan informaci\u00f3n instant\u00e1nea al usuario sobre la ubicaci\u00f3n de electrodos sueltos o inoperables<\/li>\n<li>Las formas de onda codificadas por colores indican la calidad de la se\u00f1al de cada conductor<\/li>\n<li>Artefactos, CA y filtros de frecuencia de paso bajo y alto<\/li>\n<li>El cardiograma PageWriter Trim III proporciona memoria de almacenamiento para 150 EKG, con f\u00e1cil transferencia por m\u00f3dem opcional, tarjeta CF opcional o conexi\u00f3n LAN opcional<\/li>\n<li>La vista previa en pantalla completa de los informes de ECG exactamente como aparecen cuando se imprimen, permite verificaciones de evaluaci\u00f3n de calidad antes de imprimir<\/li>\n<li>La cardiograf\u00eda PageWriter III incluye el algoritmo de 12 derivaciones de Philips para el an\u00e1lisis interpretativo de las amplitudes, duraciones y morfolog\u00edas de las formas de onda de EKG y el ritmo asociado para pacientes adultos y pedi\u00e1tricos<\/li>\n<li>Este programa de interpretaci\u00f3n cl\u00ednicamente probado proporciona niveles configurables de declaraciones interpretativas, de raz\u00f3n y de gravedad que est\u00e1n impresas en el informe EKG.<\/li>\n<\/ul>\n<h3>Especificaciones T\u00e9cnicas<\/h3>\n<ul>\n<li>R \/ T (tiempo real) ECG (12 derivaciones)<\/li>\n<li>AUTO (12 derivaciones)<\/li>\n<li>RITMO (hasta 12 derivaciones)<\/li>\n<li>DISCLOSE (1 ventaja)<\/li>\n<li>Teclado alfanum\u00e9rico completo<\/li>\n<li>Resoluci\u00f3n de 640 x 480 p\u00edxeles, pantalla TFT a color<\/li>\n<li>2000 muestras por segundo por electrodo \/ cable, la conversi\u00f3n A \/ D de 24 bits proporciona una resoluci\u00f3n de 5 \u03bcV<\/li>\n<li>Respuesta de frecuencia autom\u00e1tica: 0.05-150 Hz, 0.15-150 Hz, 0.5-150 Hz, 0.05-100 Hz, 0.15- 100 Hz, 0.5-100 Hz, 0.05-40 Hz, 0.15-40 Hz, 0.5-40 Hz<\/li>\n<\/ul>\n<h3>Mobile Cart<\/h3>\n<ul>\n<li>Parte integral del cardiograma (opcional)<\/li>\n<\/ul>\n<p>&nbsp;<\/p>\n","protected":false},"excerpt":{"rendered":"<p>Electrocardi\u00f3grafo (EKG)<\/p>\n","protected":false},"featured_media":11972,"template":"","meta":{"_acf_changed":false,"_relevanssi_hide_post":"","_relevanssi_hide_content":"","_relevanssi_pin_for_all":"","_relevanssi_pin_keywords":"","_relevanssi_unpin_keywords":"","_relevanssi_related_keywords":"","_relevanssi_related_include_ids":"","_relevanssi_related_exclude_ids":"","_relevanssi_related_no_append":"","_relevanssi_related_not_related":"","_relevanssi_related_posts":"","_relevanssi_noindex_reason":"","inline_featured_image":false},"pwb-brand":[1102],"product_brand":[],"product_cat":[49],"product_tag":[4782,1237,273,4830,1229,1228,1236,4843,1234,1235,4844,4842],"class_list":{"0":"post-4551","1":"product","2":"type-product","3":"status-publish","4":"has-post-thumbnail","6":"pwb-brand-equipo-medico-philips","7":"product_cat-ekg-interpretativo-y-no-interpretativo","8":"product_tag-electrocardiografos","9":"product_tag-pagewriter-ekg","10":"product_tag-philips","11":"product_tag-philips-electrocardiografos","12":"product_tag-philips-pagewriter","13":"product_tag-philips-pagewriter-ekg","14":"product_tag-philips-pagewriter-trim","15":"product_tag-philips-pagewriter-trim-electrocardiografos","16":"product_tag-philips-pagewriter-trim-iii","17":"product_tag-philips-pagewriter-trim-iii-ekg","18":"product_tag-philips-pagewriter-trim-iii-electrocardiografos","19":"product_tag-philips-pagewrter-electrocardiografos","21":"first","22":"instock","23":"purchasable","24":"product-type-simple"},"acf":[],"brands":[{"id":1102,"name":"Philips","slug":"equipo-medico-philips"}],"_links":{"self":[{"href":"https:\/\/www.somatechnology.com\/spanish\/wp-json\/wp\/v2\/product\/4551","targetHints":{"allow":["GET"]}}],"collection":[{"href":"https:\/\/www.somatechnology.com\/spanish\/wp-json\/wp\/v2\/product"}],"about":[{"href":"https:\/\/www.somatechnology.com\/spanish\/wp-json\/wp\/v2\/types\/product"}],"wp:featuredmedia":[{"embeddable":true,"href":"https:\/\/www.somatechnology.com\/spanish\/wp-json\/wp\/v2\/media\/11972"}],"wp:attachment":[{"href":"https:\/\/www.somatechnology.com\/spanish\/wp-json\/wp\/v2\/media?parent=4551"}],"wp:term":[{"taxonomy":"pwb-brand","embeddable":true,"href":"https:\/\/www.somatechnology.com\/spanish\/wp-json\/wp\/v2\/pwb-brand?post=4551"},{"taxonomy":"product_brand","embeddable":true,"href":"https:\/\/www.somatechnology.com\/spanish\/wp-json\/wp\/v2\/product_brand?post=4551"},{"taxonomy":"product_cat","embeddable":true,"href":"https:\/\/www.somatechnology.com\/spanish\/wp-json\/wp\/v2\/product_cat?post=4551"},{"taxonomy":"product_tag","embeddable":true,"href":"https:\/\/www.somatechnology.com\/spanish\/wp-json\/wp\/v2\/product_tag?post=4551"}],"curies":[{"name":"wp","href":"https:\/\/api.w.org\/{rel}","templated":true}]}}